{"id":10127,"date":"2024-04-24T09:28:04","date_gmt":"2024-04-24T16:28:04","guid":{"rendered":"https:\/\/venturacountyfair.org\/?page_id=10127"},"modified":"2025-09-02T11:19:50","modified_gmt":"2025-09-02T18:19:50","slug":"junior-livestock-auction-sponsor","status":"publish","type":"page","link":"https:\/\/venturacountyfair.org\/es\/fair\/junior-livestock-auction-sponsor\/","title":{"rendered":"Patrocinador de la subasta de ganado junior"},"content":{"rendered":"<div data-elementor-type=\"wp-page\" data-elementor-id=\"10127\" class=\"elementor elementor-10127\" data-elementor-post-type=\"page\">\n\t\t\t\t<div class=\"elementor-element elementor-element-c9cc812 e-flex e-con-boxed e-con e-parent\" data-id=\"c9cc812\" data-element_type=\"container\" data-e-type=\"container\">\n\t\t\t\t\t<div class=\"e-con-inner\">\n\t\t\t\t<div class=\"elementor-element elementor-element-5050816 elementor-align-center elementor-widget elementor-widget-rt-title\" data-id=\"5050816\" data-element_type=\"widget\" data-e-type=\"widget\" data-widget_type=\"rt-title.default\">\n\t\t\t\t<div class=\"elementor-widget-container\">\n\t\t\t\t\t<div class=\"section-heading style-two\">\n\t    <div class=\"heading-subtitle\">CONVERTIRSE EN PATROCINADOR<\/div>\n    <h2  class=\"heading-title\"><\/h2>    <h4 style=\"font-weight: 400;\">Viernes, 7 de agosto de 2026 a las 9:00AM<br \/>PABELL\u00d3N CLARK<\/h4>    \t\t<span class=\"line\"><\/span>\n\t<\/div>\t\t\t\t<\/div>\n\t\t\t\t<\/div>\n\t\t\t\t\t<\/div>\n\t\t\t\t<\/div>\n\t\t<div class=\"elementor-element elementor-element-13520a6 e-flex e-con-boxed e-con e-parent\" data-id=\"13520a6\" data-element_type=\"container\" data-e-type=\"container\">\n\t\t\t\t\t<div class=\"e-con-inner\">\n\t\t\t\t<div class=\"elementor-element elementor-element-67e754f elementor-widget elementor-widget-text-editor\" data-id=\"67e754f\" data-element_type=\"widget\" data-e-type=\"widget\" data-widget_type=\"text-editor.default\">\n\t\t\t\t<div class=\"elementor-widget-container\">\n\t\t\t\t\t\t\t\t\t<p style=\"color: #000000;\">La Subasta de Ganado Juvenil de la Feria del Condado de Ventura es la m\u00e1s grande y antigua del estado. Su apoyo a este evento ayudar\u00e1 a asegurar que el tremendo compromiso de tiempo y energ\u00eda invertido por 4-H, FFA, y Grange Expositores Juveniles se ve recompensado con una experiencia de aprendizaje positiva.<\/p><p style=\"color: #000000;\">\u00a1Usted puede patrocinar la Subasta de Ganado Juvenil de la Feria del Condado de Ventura! Patrocinios se utilizan para proporcionar la mejor experiencia posible para los j\u00f3venes y los compradores y sin ti, la subasta no podr\u00eda suceder. <span style=\"font-weight: 400;\">Si desea m\u00e1s informaci\u00f3n sobre c\u00f3mo convertirse en patrocinador, env\u00ede un correo electr\u00f3nico a <\/span><a href=\"mailto:einez@venturacountyfair.org\"><span style=\"font-weight: 400;\">einez@venturacountyfair.org<\/span><\/a>.<\/p>\t\t\t\t\t\t\t\t<\/div>\n\t\t\t\t<\/div>\n\t\t\t\t\t<\/div>\n\t\t\t\t<\/div>\n\t\t\t\t<\/div>","protected":false},"excerpt":{"rendered":"<p>SEA UN PATROCINADOR Viernes, 7 de agosto de 2026 a las 9:00AMPABELL\u00d3N CLARK La Subasta de Ganado Menor de la Feria del Condado de Ventura es la m\u00e1s grande y antigua del estado. Su apoyo a este evento...<\/p>","protected":false},"author":1,"featured_media":7063,"parent":10131,"menu_order":0,"comment_status":"closed","ping_status":"closed","template":"","meta":{"footnotes":""},"class_list":["post-10127","page","type-page","status-publish","has-post-thumbnail","hentry","have-post-thumb"],"yoast_head":"<!-- This site is optimized with the Yoast SEO Premium plugin v27.2 (Yoast SEO v27.2) - https:\/\/yoast.com\/product\/yoast-seo-premium-wordpress\/ -->\n<title>Junior Livestock Auction Sponsor - Ventura County Fairgrounds<\/title>\n<meta name=\"robots\" content=\"index, follow, max-snippet:-1, max-image-preview:large, max-video-preview:-1\" \/>\n<link rel=\"canonical\" href=\"https:\/\/venturacountyfair.org\/es\/fair\/junior-livestock-auction-sponsor\/\" \/>\n<meta property=\"og:locale\" content=\"es_MX\" \/>\n<meta property=\"og:type\" content=\"article\" \/>\n<meta property=\"og:title\" content=\"Junior Livestock Auction Sponsor\" \/>\n<meta property=\"og:description\" content=\"BECOME A SPONSOR Friday, August 7th, 2026 at 9:00AMCLARK PAVILION The Ventura County Fair Junior Livestock Auction is the oldest and largest in the state. Your support of this event...\" \/>\n<meta property=\"og:url\" content=\"https:\/\/venturacountyfair.org\/es\/fair\/junior-livestock-auction-sponsor\/\" \/>\n<meta property=\"og:site_name\" content=\"Ventura County Fairgrounds\" \/>\n<meta property=\"article:modified_time\" content=\"2025-09-02T18:19:50+00:00\" \/>\n<meta property=\"og:image\" content=\"https:\/\/venturacountyfair.org\/wp-content\/uploads\/2024\/02\/DSC06274-scaled.jpg\" \/>\n\t<meta property=\"og:image:width\" content=\"2560\" \/>\n\t<meta property=\"og:image:height\" content=\"1707\" \/>\n\t<meta property=\"og:image:type\" content=\"image\/jpeg\" \/>\n<meta name=\"twitter:card\" content=\"summary_large_image\" \/>\n<meta name=\"twitter:label1\" content=\"Tiempo de lectura\" \/>\n\t<meta name=\"twitter:data1\" content=\"1 minuto\" \/>\n<script type=\"application\/ld+json\" class=\"yoast-schema-graph\">{\"@context\":\"https:\/\/schema.org\",\"@graph\":[{\"@type\":\"WebPage\",\"@id\":\"https:\/\/venturacountyfair.org\/fair\/junior-livestock-auction-sponsor\/\",\"url\":\"https:\/\/venturacountyfair.org\/fair\/junior-livestock-auction-sponsor\/\",\"name\":\"Junior Livestock Auction Sponsor - Ventura County Fairgrounds\",\"isPartOf\":{\"@id\":\"https:\/\/venturacountyfair.org\/#website\"},\"primaryImageOfPage\":{\"@id\":\"https:\/\/venturacountyfair.org\/fair\/junior-livestock-auction-sponsor\/#primaryimage\"},\"image\":{\"@id\":\"https:\/\/venturacountyfair.org\/fair\/junior-livestock-auction-sponsor\/#primaryimage\"},\"thumbnailUrl\":\"https:\/\/venturacountyfair.org\/wp-content\/uploads\/2024\/02\/DSC06274-scaled.jpg\",\"datePublished\":\"2024-04-24T16:28:04+00:00\",\"dateModified\":\"2025-09-02T18:19:50+00:00\",\"breadcrumb\":{\"@id\":\"https:\/\/venturacountyfair.org\/fair\/junior-livestock-auction-sponsor\/#breadcrumb\"},\"inLanguage\":\"es\",\"potentialAction\":[{\"@type\":\"ReadAction\",\"target\":[\"https:\/\/venturacountyfair.org\/fair\/junior-livestock-auction-sponsor\/\"]}]},{\"@type\":\"ImageObject\",\"inLanguage\":\"es\",\"@id\":\"https:\/\/venturacountyfair.org\/fair\/junior-livestock-auction-sponsor\/#primaryimage\",\"url\":\"https:\/\/venturacountyfair.org\/wp-content\/uploads\/2024\/02\/DSC06274-scaled.jpg\",\"contentUrl\":\"https:\/\/venturacountyfair.org\/wp-content\/uploads\/2024\/02\/DSC06274-scaled.jpg\",\"width\":2560,\"height\":1707},{\"@type\":\"BreadcrumbList\",\"@id\":\"https:\/\/venturacountyfair.org\/fair\/junior-livestock-auction-sponsor\/#breadcrumb\",\"itemListElement\":[{\"@type\":\"ListItem\",\"position\":1,\"name\":\"Home\",\"item\":\"https:\/\/venturacountyfair.org\/\"},{\"@type\":\"ListItem\",\"position\":2,\"name\":\"Fair\",\"item\":\"https:\/\/venturacountyfair.org\/fair\/\"},{\"@type\":\"ListItem\",\"position\":3,\"name\":\"Junior Livestock Auction Sponsor\"}]},{\"@type\":\"WebSite\",\"@id\":\"https:\/\/venturacountyfair.org\/#website\",\"url\":\"https:\/\/venturacountyfair.org\/\",\"name\":\"Ventura County Fairgrounds\",\"description\":\"\",\"publisher\":{\"@id\":\"https:\/\/venturacountyfair.org\/#organization\"},\"potentialAction\":[{\"@type\":\"SearchAction\",\"target\":{\"@type\":\"EntryPoint\",\"urlTemplate\":\"https:\/\/venturacountyfair.org\/?s={search_term_string}\"},\"query-input\":{\"@type\":\"PropertyValueSpecification\",\"valueRequired\":true,\"valueName\":\"search_term_string\"}}],\"inLanguage\":\"es\"},{\"@type\":\"Organization\",\"@id\":\"https:\/\/venturacountyfair.org\/#organization\",\"name\":\"Ventura County Fairgrounds\",\"url\":\"https:\/\/venturacountyfair.org\/\",\"logo\":{\"@type\":\"ImageObject\",\"inLanguage\":\"es\",\"@id\":\"https:\/\/venturacountyfair.org\/#\/schema\/logo\/image\/\",\"url\":\"https:\/\/venturacountyfair.org\/wp-content\/uploads\/2024\/01\/cropped-cropped-favbase.png\",\"contentUrl\":\"https:\/\/venturacountyfair.org\/wp-content\/uploads\/2024\/01\/cropped-cropped-favbase.png\",\"width\":512,\"height\":512,\"caption\":\"Ventura County Fairgrounds\"},\"image\":{\"@id\":\"https:\/\/venturacountyfair.org\/#\/schema\/logo\/image\/\"}}]}<\/script>\n<!-- \/ Yoast SEO Premium plugin. -->","yoast_head_json":{"title":"Patrocinador de la subasta de ganado junior - Ventura County Fairgrounds","robots":{"index":"index","follow":"follow","max-snippet":"max-snippet:-1","max-image-preview":"max-image-preview:large","max-video-preview":"max-video-preview:-1"},"canonical":"https:\/\/venturacountyfair.org\/es\/fair\/junior-livestock-auction-sponsor\/","og_locale":"es_MX","og_type":"article","og_title":"Junior Livestock Auction Sponsor","og_description":"BECOME A SPONSOR Friday, August 7th, 2026 at 9:00AMCLARK PAVILION The Ventura County Fair Junior Livestock Auction is the oldest and largest in the state. Your support of this event...","og_url":"https:\/\/venturacountyfair.org\/es\/fair\/junior-livestock-auction-sponsor\/","og_site_name":"Ventura County Fairgrounds","article_modified_time":"2025-09-02T18:19:50+00:00","og_image":[{"width":2560,"height":1707,"url":"https:\/\/venturacountyfair.org\/wp-content\/uploads\/2024\/02\/DSC06274-scaled.jpg","type":"image\/jpeg"}],"twitter_card":"summary_large_image","twitter_misc":{"Tiempo de lectura":"1 minuto"},"schema":{"@context":"https:\/\/schema.org","@graph":[{"@type":"WebPage","@id":"https:\/\/venturacountyfair.org\/fair\/junior-livestock-auction-sponsor\/","url":"https:\/\/venturacountyfair.org\/fair\/junior-livestock-auction-sponsor\/","name":"Patrocinador de la subasta de ganado junior - Ventura County Fairgrounds","isPartOf":{"@id":"https:\/\/venturacountyfair.org\/#website"},"primaryImageOfPage":{"@id":"https:\/\/venturacountyfair.org\/fair\/junior-livestock-auction-sponsor\/#primaryimage"},"image":{"@id":"https:\/\/venturacountyfair.org\/fair\/junior-livestock-auction-sponsor\/#primaryimage"},"thumbnailUrl":"https:\/\/venturacountyfair.org\/wp-content\/uploads\/2024\/02\/DSC06274-scaled.jpg","datePublished":"2024-04-24T16:28:04+00:00","dateModified":"2025-09-02T18:19:50+00:00","breadcrumb":{"@id":"https:\/\/venturacountyfair.org\/fair\/junior-livestock-auction-sponsor\/#breadcrumb"},"inLanguage":"es","potentialAction":[{"@type":"ReadAction","target":["https:\/\/venturacountyfair.org\/fair\/junior-livestock-auction-sponsor\/"]}]},{"@type":"ImageObject","inLanguage":"es","@id":"https:\/\/venturacountyfair.org\/fair\/junior-livestock-auction-sponsor\/#primaryimage","url":"https:\/\/venturacountyfair.org\/wp-content\/uploads\/2024\/02\/DSC06274-scaled.jpg","contentUrl":"https:\/\/venturacountyfair.org\/wp-content\/uploads\/2024\/02\/DSC06274-scaled.jpg","width":2560,"height":1707},{"@type":"BreadcrumbList","@id":"https:\/\/venturacountyfair.org\/fair\/junior-livestock-auction-sponsor\/#breadcrumb","itemListElement":[{"@type":"ListItem","position":1,"name":"Home","item":"https:\/\/venturacountyfair.org\/"},{"@type":"ListItem","position":2,"name":"Fair","item":"https:\/\/venturacountyfair.org\/fair\/"},{"@type":"ListItem","position":3,"name":"Junior Livestock Auction Sponsor"}]},{"@type":"WebSite","@id":"https:\/\/venturacountyfair.org\/#website","url":"https:\/\/venturacountyfair.org\/","name":"Recinto Ferial del Condado de Ventura","description":"","publisher":{"@id":"https:\/\/venturacountyfair.org\/#organization"},"potentialAction":[{"@type":"SearchAction","target":{"@type":"EntryPoint","urlTemplate":"https:\/\/venturacountyfair.org\/?s={search_term_string}"},"query-input":{"@type":"PropertyValueSpecification","valueRequired":true,"valueName":"search_term_string"}}],"inLanguage":"es"},{"@type":"Organization","@id":"https:\/\/venturacountyfair.org\/#organization","name":"Recinto Ferial del Condado de Ventura","url":"https:\/\/venturacountyfair.org\/","logo":{"@type":"ImageObject","inLanguage":"es","@id":"https:\/\/venturacountyfair.org\/#\/schema\/logo\/image\/","url":"https:\/\/venturacountyfair.org\/wp-content\/uploads\/2024\/01\/cropped-cropped-favbase.png","contentUrl":"https:\/\/venturacountyfair.org\/wp-content\/uploads\/2024\/01\/cropped-cropped-favbase.png","width":512,"height":512,"caption":"Ventura County Fairgrounds"},"image":{"@id":"https:\/\/venturacountyfair.org\/#\/schema\/logo\/image\/"}}]}},"_links":{"self":[{"href":"https:\/\/venturacountyfair.org\/es\/wp-json\/wp\/v2\/pages\/10127","targetHints":{"allow":["GET"]}}],"collection":[{"href":"https:\/\/venturacountyfair.org\/es\/wp-json\/wp\/v2\/pages"}],"about":[{"href":"https:\/\/venturacountyfair.org\/es\/wp-json\/wp\/v2\/types\/page"}],"author":[{"embeddable":true,"href":"https:\/\/venturacountyfair.org\/es\/wp-json\/wp\/v2\/users\/1"}],"replies":[{"embeddable":true,"href":"https:\/\/venturacountyfair.org\/es\/wp-json\/wp\/v2\/comments?post=10127"}],"version-history":[{"count":186,"href":"https:\/\/venturacountyfair.org\/es\/wp-json\/wp\/v2\/pages\/10127\/revisions"}],"predecessor-version":[{"id":20882,"href":"https:\/\/venturacountyfair.org\/es\/wp-json\/wp\/v2\/pages\/10127\/revisions\/20882"}],"up":[{"embeddable":true,"href":"https:\/\/venturacountyfair.org\/es\/wp-json\/wp\/v2\/pages\/10131"}],"wp:featuredmedia":[{"embeddable":true,"href":"https:\/\/venturacountyfair.org\/es\/wp-json\/wp\/v2\/media\/7063"}],"wp:attachment":[{"href":"https:\/\/venturacountyfair.org\/es\/wp-json\/wp\/v2\/media?parent=10127"}],"curies":[{"name":"wp","href":"https:\/\/api.w.org\/{rel}","templated":true}]}}