{"id":10459,"date":"2024-04-28T13:39:21","date_gmt":"2024-04-28T20:39:21","guid":{"rendered":"https:\/\/venturacountyfair.org\/?page_id=10459"},"modified":"2024-04-28T13:40:19","modified_gmt":"2024-04-28T20:40:19","slug":"privacy","status":"publish","type":"page","link":"https:\/\/venturacountyfair.org\/es\/privacy\/","title":{"rendered":"Privacidad"},"content":{"rendered":"<div data-elementor-type=\"wp-page\" data-elementor-id=\"10459\" class=\"elementor elementor-10459\" data-elementor-post-type=\"page\">\n\t\t\t\t<div class=\"elementor-element elementor-element-9a313d4 e-flex e-con-boxed e-con e-parent\" data-id=\"9a313d4\" data-element_type=\"container\" data-e-type=\"container\">\n\t\t\t\t\t<div class=\"e-con-inner\">\n\t\t\t\t<div class=\"elementor-element elementor-element-e627408 elementor-widget elementor-widget-text-editor\" data-id=\"e627408\" data-element_type=\"widget\" data-e-type=\"widget\" data-widget_type=\"text-editor.default\">\n\t\t\t\t<div class=\"elementor-widget-container\">\n\t\t\t\t\t\t\t\t\t<p><span style=\"color: #000000;\">\u00daltima actualizaci\u00f3n: 24 de abril de 2022<\/span><\/p><p><span style=\"color: #000000;\"><strong>\u00a0<\/strong><strong>Informaci\u00f3n personal recogida<\/strong><\/span><\/p><p><span style=\"color: #000000;\">Cuando hablamos de \"Informaci\u00f3n Personal\" en esta Pol\u00edtica de Privacidad, nos referimos tanto a la Informaci\u00f3n del Dispositivo como a la Informaci\u00f3n Personal que usted nos ha proporcionado.<\/span><\/p><p><span style=\"color: #000000;\">Recopilamos su informaci\u00f3n personal a trav\u00e9s de formularios en l\u00ednea, correos electr\u00f3nicos que le enviamos y que usted lee y en los que hace clic, las p\u00e1ginas que visita en nuestro sitio web despu\u00e9s de hacer clic en correos electr\u00f3nicos o de rellenar formularios en l\u00ednea. Esta informaci\u00f3n puede incluir:<\/span><\/p><ul><li><span style=\"color: #000000;\">Direcci\u00f3n de correo electr\u00f3nico<\/span><\/li><li><span style=\"color: #000000;\">Nombre<\/span><\/li><li><span style=\"color: #000000;\">Direcci\u00f3n<\/span><\/li><li><span style=\"color: #000000;\">Empresa<\/span><\/li><li><span style=\"color: #000000;\">Datos de localizaci\u00f3n<\/span><\/li><\/ul><p><span style=\"color: #000000;\">Utilizamos la Informaci\u00f3n del dispositivo que recopilamos para ayudarnos a detectar posibles riesgos y fraudes (en particular, su direcci\u00f3n IP) y, de forma m\u00e1s general, para mejorar y optimizar nuestro Sitio (por ejemplo, generando an\u00e1lisis sobre c\u00f3mo nuestros visitantes navegan e interact\u00faan con el Sitio, y para evaluar el \u00e9xito de nuestras campa\u00f1as de marketing y publicidad). Utilizamos an\u00e1lisis para recopilar informaci\u00f3n sobre el uso de nuestro sitio web y nuestras comunicaciones. Esto nos ayuda a comprender su eficacia.<\/span><\/p><p><span style=\"color: #000000;\">Los datos que usted nos proporciona con su consentimiento se conservan hasta que usted retira dicho consentimiento. Los datos sobre su relaci\u00f3n con nosotros, como la lectura de correos electr\u00f3nicos y la navegaci\u00f3n por p\u00e1ginas web, pueden conservarse hasta diez a\u00f1os o m\u00e1s desde la \u00faltima vez que se relacion\u00f3 con nosotros.<\/span><\/p><p><span style=\"color: #000000;\"><strong>C\u00f3mo se utiliza su informaci\u00f3n personal<\/strong><\/span><\/p><ul><li><span style=\"color: #000000;\">Proporcionar y personalizar nuestros servicios y nuestro sitio web<\/span><\/li><li><span style=\"color: #000000;\">Responder a sus consultas y solicitudes<\/span><\/li><li><span style=\"color: #000000;\">Gesti\u00f3n de pedidos y cuentas<\/span><\/li><li><span style=\"color: #000000;\">Proporcionarle informaci\u00f3n sobre noticias y eventos<\/span><\/li><li><span style=\"color: #000000;\">Comprender lo que le interesa para mejorar y ofrecer los contenidos m\u00e1s pertinentes<\/span><\/li><li><span style=\"color: #000000;\">Cuando, de acuerdo con las preferencias que haya compartido con nosotros, le proporcionemos informaci\u00f3n o publicidad relacionada con nuestros productos o servicios.<\/span><\/li><\/ul><p><span style=\"color: #000000;\">Por \u00faltimo, tambi\u00e9n podemos compartir sus Datos Personales para cumplir las leyes y normativas aplicables, para responder a una citaci\u00f3n, orden de registro u otra solicitud legal de informaci\u00f3n que recibamos, o para proteger de otro modo nuestros derechos.<\/span><\/p><p><span style=\"color: #000000;\"><strong>Compartir<\/strong><\/span><br \/><span style=\"color: #000000;\">No vendemos ni distribuimos su informaci\u00f3n a terceros con el fin de comercializar con usted. Podemos compartir sus datos identificativos con terceros para que nos ayuden a utilizar su informaci\u00f3n personal, tal y como se ha descrito anteriormente. Por ejemplo, utilizamos Google Analytics para ayudarnos a comprender c\u00f3mo utilizan el Sitio nuestros clientes; puede obtener m\u00e1s informaci\u00f3n sobre c\u00f3mo utiliza Google sus datos personales\u00a0<u>aqu\u00ed<\/u>\u00a0(https:\/\/www.google.com\/intl\/en\/policies\/privacy\/). Tambi\u00e9n puede darse de baja de Google Analytics\u00a0<u>aqu\u00ed<\/u>.  (https:\/\/tools.google.com\/dlpage\/gaoptout.)<\/span><\/p><p><span style=\"color: #000000;\">Tambi\u00e9n podemos utilizar sus Datos Personales para ofrecerle publicidad dirigida o comunicaciones de marketing que consideremos que pueden ser de su inter\u00e9s.  Para m\u00e1s informaci\u00f3n sobre c\u00f3mo funciona la publicidad dirigida, puede visitar la p\u00e1gina educativa de la Network Advertising Initiative (\"NAI\") en http:\/\/www.networkadvertising.org\/understanding-online-advertising\/how-does-it-work.<\/span><\/p><p><span style=\"color: #000000;\">Puede darse de baja de la publicidad dirigida:<\/span><\/p><p><span style=\"color: #000000;\">FACEBOOK -\u00a0<a style=\"color: #000000;\" href=\"https:\/\/www.facebook.com\/settings\/?tab=ads\">https:\/\/www.facebook.com\/settings\/?tab=ads<\/a><\/span><br \/><span style=\"color: #000000;\">GOOGLE -\u00a0<a style=\"color: #000000;\" href=\"https:\/\/www.google.com\/settings\/ads\/anonymous\">https:\/\/www.google.com\/settings\/ads\/anonymous<\/a><\/span><br \/><span style=\"color: #000000;\">BING -\u00a0<a style=\"color: #000000;\" href=\"https:\/\/advertise.bingads.microsoft.com\/en-us\/resources\/policies\/personalized-ads\">https:\/\/advertise.bingads.microsoft.com\/en-us\/resources\/policies\/personalized-ads<\/a><\/span><\/p><p><span style=\"color: #000000;\">Adem\u00e1s, puede darse de baja de algunos de estos servicios visitando el portal de exclusi\u00f3n de la Digital Advertising Alliance en: http:\/\/optout.aboutads.info\/.<\/span><\/p><p><span style=\"color: #000000;\">Por \u00faltimo, tambi\u00e9n podemos compartir sus Datos Personales para cumplir las leyes y normativas aplicables, para responder a una citaci\u00f3n, orden de registro u otra solicitud legal de informaci\u00f3n que recibamos, o para proteger de otro modo nuestros derechos.<\/span><\/p><p><span style=\"color: #000000;\"><strong>Base jur\u00eddica<\/strong><\/span><\/p><p><span style=\"color: #000000;\">Utilizamos el consentimiento y el inter\u00e9s leg\u00edtimo como base del GDPR para almacenar y procesar sus datos. Las bases legales son (a) la ejecuci\u00f3n de un contrato con usted y (b) es necesario para nuestros intereses leg\u00edtimos (estudiar c\u00f3mo los clientes utilizan nuestros productos y servicios, para desarrollarlos y hacer crecer nuestro negocio). Los intereses leg\u00edtimos incluyen:<\/span><\/p><ul><li><span style=\"color: #000000;\">Responder a las consultas que nos haga por tel\u00e9fono, correo electr\u00f3nico, formulario de contacto u otro m\u00e9todo.<\/span><\/li><li><span style=\"color: #000000;\">Adaptar la informaci\u00f3n en funci\u00f3n de su actividad, por ejemplo, en qu\u00e9 contenidos muestra inter\u00e9s.<\/span><\/li><li><span style=\"color: #000000;\">Env\u00edo de informaci\u00f3n electr\u00f3nica solicitada por usted, como nuestro bolet\u00edn electr\u00f3nico.<\/span><\/li><\/ul><p><span style=\"color: #000000;\"><strong>Consentimiento<\/strong><\/span><\/p><p><span style=\"color: #000000;\">Al utilizar nuestro sitio web y\/o suscribirse a nuestra lista de correo electr\u00f3nico, usted acepta esta Pol\u00edtica de privacidad. Si en alg\u00fan momento desea darse de baja o retirar el consentimiento previamente otorgado, p\u00f3ngase en contacto con nosotros a trav\u00e9s de los datos que figuran al final de esta pol\u00edtica. Todos nuestros correos electr\u00f3nicos de marketing contienen enlaces para darse de baja.<\/span><\/p><p><span style=\"color: #000000;\"><strong>Divulgaciones<\/strong><\/span><\/p><ul><li><span style=\"color: #000000;\">No venderemos, intercambiaremos ni alquilaremos sus datos. Podemos recurrir a proveedores externos para que nos ayuden a procesar sus datos, pero solo para los fines indicados en esta pol\u00edtica.<\/span><\/li><li><span style=\"color: #000000;\">Nuestro sitio web y nuestras comunicaciones pueden incluir enlaces a terceros. No somos responsables de las pol\u00edticas y pr\u00e1cticas de privacidad de los terceros a los que enlazamos.<\/span><\/li><\/ul><p><span style=\"color: #000000;\"><strong>Sus derechos<\/strong><\/span><\/p><p><span style=\"color: #000000;\">Sus derechos incluyen:<\/span><\/p><ul><li><span style=\"color: #000000;\">Solicitar los datos personales que tenemos sobre usted.<\/span><\/li><li><span style=\"color: #000000;\">Reclamar ante una autoridad de control si cree que hemos hecho un uso indebido de sus datos<\/span><\/li><li><span style=\"color: #000000;\">Retirar el consentimiento en cualquier momento<\/span><\/li><li><span style=\"color: #000000;\">Transferencias internacionales de informaci\u00f3n<\/span><\/li><\/ul><p><span style=\"color: #000000;\">Utilizamos empresas de confianza para procesar datos fuera de Estados Unidos. Mantenemos los datos compartidos al m\u00ednimo necesario, revisamos las pol\u00edticas de privacidad de esas empresas y solo trabajamos con empresas en las que confiamos para mantener sus datos seguros.<\/span><\/p><p><span style=\"color: #000000;\"><strong>Cambios<\/strong><\/span><\/p><p><span style=\"color: #000000;\">Revisamos y actualizamos nuestra pol\u00edtica de privacidad de vez en cuando. Es posible que le notifiquemos las actualizaciones por correo electr\u00f3nico. Se actualiz\u00f3 por \u00faltima vez en abril de 2022.<\/span><\/p><p><span style=\"color: #000000;\"><strong>Informaci\u00f3n de contacto<\/strong><\/span><\/p><p><span style=\"color: #000000;\">Si tiene alguna solicitud relativa a su informaci\u00f3n personal o alguna duda con respecto a estas pr\u00e1cticas o desea retirar su consentimiento, p\u00f3ngase en contacto con<\/span><\/p><p><span style=\"color: #000000;\">RECINTO FERIAL DEL CONDADO DE VENTURA<\/span><br \/><span style=\"color: #000000;\">info@venturacountyfair.org<\/span><br \/><span style=\"color: #000000;\">10 W. HARBOR BLVD. VENTURA, CA 93001<\/span><\/p>\t\t\t\t\t\t\t\t<\/div>\n\t\t\t\t<\/div>\n\t\t\t\t\t<\/div>\n\t\t\t\t<\/div>\n\t\t\t\t<\/div>","protected":false},"excerpt":{"rendered":"<p>\u00daltima actualizaci\u00f3n: 24 de abril de 2022 Informaci\u00f3n Personal Recopilada Cuando hablamos de \"Informaci\u00f3n Personal\" en esta Pol\u00edtica de Privacidad, nos referimos tanto a la Informaci\u00f3n del Dispositivo como a la Informaci\u00f3n Personal que usted ha...<\/p>","protected":false},"author":1,"featured_media":0,"parent":0,"menu_order":0,"comment_status":"closed","ping_status":"closed","template":"","meta":{"footnotes":""},"class_list":["post-10459","page","type-page","status-publish","hentry"],"yoast_head":"<!-- This site is optimized with the Yoast SEO Premium plugin v27.2 (Yoast SEO v27.2) - https:\/\/yoast.com\/product\/yoast-seo-premium-wordpress\/ -->\n<title>Privacy - Ventura County Fairgrounds<\/title>\n<meta name=\"robots\" content=\"index, follow, max-snippet:-1, max-image-preview:large, max-video-preview:-1\" \/>\n<link rel=\"canonical\" href=\"https:\/\/venturacountyfair.org\/es\/privacy\/\" \/>\n<meta property=\"og:locale\" content=\"es_MX\" \/>\n<meta property=\"og:type\" content=\"article\" \/>\n<meta property=\"og:title\" content=\"Privacy\" \/>\n<meta property=\"og:description\" content=\"Last Updated: April 24, 2022 \u00a0Personal Information Collected When we talk about \u201cPersonal Information\u201d in this Privacy Policy, we are talking both about Device Information and Personal Information you have...\" \/>\n<meta property=\"og:url\" content=\"https:\/\/venturacountyfair.org\/es\/privacy\/\" \/>\n<meta property=\"og:site_name\" content=\"Ventura County Fairgrounds\" \/>\n<meta property=\"article:modified_time\" content=\"2024-04-28T20:40:19+00:00\" \/>\n<meta name=\"twitter:card\" content=\"summary_large_image\" \/>\n<meta name=\"twitter:label1\" content=\"Tiempo de lectura\" \/>\n\t<meta name=\"twitter:data1\" content=\"4 minutos\" \/>\n<script type=\"application\/ld+json\" class=\"yoast-schema-graph\">{\"@context\":\"https:\/\/schema.org\",\"@graph\":[{\"@type\":\"WebPage\",\"@id\":\"https:\/\/venturacountyfair.org\/privacy\/\",\"url\":\"https:\/\/venturacountyfair.org\/privacy\/\",\"name\":\"Privacy - Ventura County Fairgrounds\",\"isPartOf\":{\"@id\":\"https:\/\/venturacountyfair.org\/#website\"},\"datePublished\":\"2024-04-28T20:39:21+00:00\",\"dateModified\":\"2024-04-28T20:40:19+00:00\",\"breadcrumb\":{\"@id\":\"https:\/\/venturacountyfair.org\/privacy\/#breadcrumb\"},\"inLanguage\":\"es\",\"potentialAction\":[{\"@type\":\"ReadAction\",\"target\":[\"https:\/\/venturacountyfair.org\/privacy\/\"]}]},{\"@type\":\"BreadcrumbList\",\"@id\":\"https:\/\/venturacountyfair.org\/privacy\/#breadcrumb\",\"itemListElement\":[{\"@type\":\"ListItem\",\"position\":1,\"name\":\"Home\",\"item\":\"https:\/\/venturacountyfair.org\/\"},{\"@type\":\"ListItem\",\"position\":2,\"name\":\"Privacy\"}]},{\"@type\":\"WebSite\",\"@id\":\"https:\/\/venturacountyfair.org\/#website\",\"url\":\"https:\/\/venturacountyfair.org\/\",\"name\":\"Ventura County Fairgrounds\",\"description\":\"\",\"publisher\":{\"@id\":\"https:\/\/venturacountyfair.org\/#organization\"},\"potentialAction\":[{\"@type\":\"SearchAction\",\"target\":{\"@type\":\"EntryPoint\",\"urlTemplate\":\"https:\/\/venturacountyfair.org\/?s={search_term_string}\"},\"query-input\":{\"@type\":\"PropertyValueSpecification\",\"valueRequired\":true,\"valueName\":\"search_term_string\"}}],\"inLanguage\":\"es\"},{\"@type\":\"Organization\",\"@id\":\"https:\/\/venturacountyfair.org\/#organization\",\"name\":\"Ventura County Fairgrounds\",\"url\":\"https:\/\/venturacountyfair.org\/\",\"logo\":{\"@type\":\"ImageObject\",\"inLanguage\":\"es\",\"@id\":\"https:\/\/venturacountyfair.org\/#\/schema\/logo\/image\/\",\"url\":\"https:\/\/venturacountyfair.org\/wp-content\/uploads\/2024\/01\/cropped-cropped-favbase.png\",\"contentUrl\":\"https:\/\/venturacountyfair.org\/wp-content\/uploads\/2024\/01\/cropped-cropped-favbase.png\",\"width\":512,\"height\":512,\"caption\":\"Ventura County Fairgrounds\"},\"image\":{\"@id\":\"https:\/\/venturacountyfair.org\/#\/schema\/logo\/image\/\"}}]}<\/script>\n<!-- \/ Yoast SEO Premium plugin. -->","yoast_head_json":{"title":"Privacidad - Recinto Ferial del Condado de Ventura","robots":{"index":"index","follow":"follow","max-snippet":"max-snippet:-1","max-image-preview":"max-image-preview:large","max-video-preview":"max-video-preview:-1"},"canonical":"https:\/\/venturacountyfair.org\/es\/privacy\/","og_locale":"es_MX","og_type":"article","og_title":"Privacy","og_description":"Last Updated: April 24, 2022 \u00a0Personal Information Collected When we talk about \u201cPersonal Information\u201d in this Privacy Policy, we are talking both about Device Information and Personal Information you have...","og_url":"https:\/\/venturacountyfair.org\/es\/privacy\/","og_site_name":"Ventura County Fairgrounds","article_modified_time":"2024-04-28T20:40:19+00:00","twitter_card":"summary_large_image","twitter_misc":{"Tiempo de lectura":"4 minutos"},"schema":{"@context":"https:\/\/schema.org","@graph":[{"@type":"WebPage","@id":"https:\/\/venturacountyfair.org\/privacy\/","url":"https:\/\/venturacountyfair.org\/privacy\/","name":"Privacidad - Recinto Ferial del Condado de Ventura","isPartOf":{"@id":"https:\/\/venturacountyfair.org\/#website"},"datePublished":"2024-04-28T20:39:21+00:00","dateModified":"2024-04-28T20:40:19+00:00","breadcrumb":{"@id":"https:\/\/venturacountyfair.org\/privacy\/#breadcrumb"},"inLanguage":"es","potentialAction":[{"@type":"ReadAction","target":["https:\/\/venturacountyfair.org\/privacy\/"]}]},{"@type":"BreadcrumbList","@id":"https:\/\/venturacountyfair.org\/privacy\/#breadcrumb","itemListElement":[{"@type":"ListItem","position":1,"name":"Home","item":"https:\/\/venturacountyfair.org\/"},{"@type":"ListItem","position":2,"name":"Privacy"}]},{"@type":"WebSite","@id":"https:\/\/venturacountyfair.org\/#website","url":"https:\/\/venturacountyfair.org\/","name":"Recinto Ferial del Condado de Ventura","description":"","publisher":{"@id":"https:\/\/venturacountyfair.org\/#organization"},"potentialAction":[{"@type":"SearchAction","target":{"@type":"EntryPoint","urlTemplate":"https:\/\/venturacountyfair.org\/?s={search_term_string}"},"query-input":{"@type":"PropertyValueSpecification","valueRequired":true,"valueName":"search_term_string"}}],"inLanguage":"es"},{"@type":"Organization","@id":"https:\/\/venturacountyfair.org\/#organization","name":"Recinto Ferial del Condado de Ventura","url":"https:\/\/venturacountyfair.org\/","logo":{"@type":"ImageObject","inLanguage":"es","@id":"https:\/\/venturacountyfair.org\/#\/schema\/logo\/image\/","url":"https:\/\/venturacountyfair.org\/wp-content\/uploads\/2024\/01\/cropped-cropped-favbase.png","contentUrl":"https:\/\/venturacountyfair.org\/wp-content\/uploads\/2024\/01\/cropped-cropped-favbase.png","width":512,"height":512,"caption":"Ventura County Fairgrounds"},"image":{"@id":"https:\/\/venturacountyfair.org\/#\/schema\/logo\/image\/"}}]}},"_links":{"self":[{"href":"https:\/\/venturacountyfair.org\/es\/wp-json\/wp\/v2\/pages\/10459","targetHints":{"allow":["GET"]}}],"collection":[{"href":"https:\/\/venturacountyfair.org\/es\/wp-json\/wp\/v2\/pages"}],"about":[{"href":"https:\/\/venturacountyfair.org\/es\/wp-json\/wp\/v2\/types\/page"}],"author":[{"embeddable":true,"href":"https:\/\/venturacountyfair.org\/es\/wp-json\/wp\/v2\/users\/1"}],"replies":[{"embeddable":true,"href":"https:\/\/venturacountyfair.org\/es\/wp-json\/wp\/v2\/comments?post=10459"}],"version-history":[{"count":7,"href":"https:\/\/venturacountyfair.org\/es\/wp-json\/wp\/v2\/pages\/10459\/revisions"}],"predecessor-version":[{"id":10466,"href":"https:\/\/venturacountyfair.org\/es\/wp-json\/wp\/v2\/pages\/10459\/revisions\/10466"}],"wp:attachment":[{"href":"https:\/\/venturacountyfair.org\/es\/wp-json\/wp\/v2\/media?parent=10459"}],"curies":[{"name":"wp","href":"https:\/\/api.w.org\/{rel}","templated":true}]}}