{"id":10652,"date":"2024-04-29T09:35:31","date_gmt":"2024-04-29T16:35:31","guid":{"rendered":"https:\/\/venturacountyfair.org\/?page_id=10652"},"modified":"2025-09-25T08:55:58","modified_gmt":"2025-09-25T15:55:58","slug":"junior-fair-board","status":"publish","type":"page","link":"https:\/\/venturacountyfair.org\/es\/junior-fair-board\/","title":{"rendered":"Junta de la Feria Junior"},"content":{"rendered":"<div data-elementor-type=\"wp-page\" data-elementor-id=\"10652\" class=\"elementor elementor-10652\" data-elementor-post-type=\"page\">\n\t\t\t\t<div class=\"elementor-element elementor-element-05e101b e-flex e-con-boxed e-con e-parent\" data-id=\"05e101b\" data-element_type=\"container\" data-e-type=\"container\">\n\t\t\t\t\t<div class=\"e-con-inner\">\n\t\t\t\t<div class=\"elementor-element elementor-element-af9ea15 elementor-widget elementor-widget-image\" data-id=\"af9ea15\" data-element_type=\"widget\" data-e-type=\"widget\" data-widget_type=\"image.default\">\n\t\t\t\t<div class=\"elementor-widget-container\">\n\t\t\t\t\t\t\t\t\t\t\t\t\t\t\t<img fetchpriority=\"high\" decoding=\"async\" width=\"1024\" height=\"768\" src=\"https:\/\/venturacountyfair.org\/wp-content\/uploads\/2025\/09\/jr-fair-board-1024x768.jpg\" class=\"attachment-large size-large wp-image-21070\" alt=\"\" srcset=\"https:\/\/venturacountyfair.org\/wp-content\/uploads\/2025\/09\/jr-fair-board-1024x768.jpg 1024w, https:\/\/venturacountyfair.org\/wp-content\/uploads\/2025\/09\/jr-fair-board-700x525.jpg 700w, https:\/\/venturacountyfair.org\/wp-content\/uploads\/2025\/09\/jr-fair-board-768x576.jpg 768w, https:\/\/venturacountyfair.org\/wp-content\/uploads\/2025\/09\/jr-fair-board-1536x1152.jpg 1536w, https:\/\/venturacountyfair.org\/wp-content\/uploads\/2025\/09\/jr-fair-board-2048x1536.jpg 2048w, https:\/\/venturacountyfair.org\/wp-content\/uploads\/2025\/09\/jr-fair-board-16x12.jpg 16w, https:\/\/venturacountyfair.org\/wp-content\/uploads\/2025\/09\/jr-fair-board-600x450.jpg 600w\" sizes=\"(max-width: 1024px) 100vw, 1024px\" \/>\t\t\t\t\t\t\t\t\t\t\t\t\t\t\t<\/div>\n\t\t\t\t<\/div>\n\t\t\t\t<div class=\"elementor-element elementor-element-6f739ed elementor-align-center elementor-widget elementor-widget-button\" data-id=\"6f739ed\" data-element_type=\"widget\" data-e-type=\"widget\" data-widget_type=\"button.default\">\n\t\t\t\t<div class=\"elementor-widget-container\">\n\t\t\t\t\t\t\t\t\t<div class=\"elementor-button-wrapper\">\n\t\t\t\t\t<a class=\"elementor-button elementor-button-link elementor-size-sm\" href=\"https:\/\/venturacountyfair.org\/wp-content\/uploads\/2025\/09\/2026-Junior-Fair-Board-Application-Flyer.pdf\" target=\"_blank\">\n\t\t\t\t\t\t<span class=\"elementor-button-content-wrapper\">\n\t\t\t\t\t\t\t\t\t<span class=\"elementor-button-text\">M\u00e1s informaci\u00f3n sobre JFB<\/span>\n\t\t\t\t\t<\/span>\n\t\t\t\t\t<\/a>\n\t\t\t\t<\/div>\n\t\t\t\t\t\t\t\t<\/div>\n\t\t\t\t<\/div>\n\t\t\t\t<div class=\"elementor-element elementor-element-4e230c0 elementor-align-center elementor-widget elementor-widget-button\" data-id=\"4e230c0\" data-element_type=\"widget\" data-e-type=\"widget\" data-widget_type=\"button.default\">\n\t\t\t\t<div class=\"elementor-widget-container\">\n\t\t\t\t\t\t\t\t\t<div class=\"elementor-button-wrapper\">\n\t\t\t\t\t<a class=\"elementor-button elementor-button-link elementor-size-sm\" href=\"https:\/\/venturacountyfair.org\/wp-content\/uploads\/2025\/09\/2026-JFB-New-Member-Application.pdf\" target=\"_blank\">\n\t\t\t\t\t\t<span class=\"elementor-button-content-wrapper\">\n\t\t\t\t\t\t\t\t\t<span class=\"elementor-button-text\">Solicitud para la Junta de la Feria Junior<\/span>\n\t\t\t\t\t<\/span>\n\t\t\t\t\t<\/a>\n\t\t\t\t<\/div>\n\t\t\t\t\t\t\t\t<\/div>\n\t\t\t\t<\/div>\n\t\t\t\t<div class=\"elementor-element elementor-element-9071c5e elementor-widget elementor-widget-text-editor\" data-id=\"9071c5e\" data-element_type=\"widget\" data-e-type=\"widget\" data-widget_type=\"text-editor.default\">\n\t\t\t\t<div class=\"elementor-widget-container\">\n\t\t\t\t\t\t\t\t\t<p><span style=\"color: #000000;\">La Feria del Condado de Ventura se complace en anunciar el renacimiento de la Junta de la Feria Junior. Estamos muy contentos de ampliar la participaci\u00f3n de nuestros j\u00f3venes en la Feria del Condado de Ventura. Este programa juvenil basado en el voluntariado est\u00e1 abierto a los actuales estudiantes de secundaria, estudiantes de primer y segundo a\u00f1o en el a\u00f1o escolar 2025-2026. No se requiere participaci\u00f3n previa en la Feria del Condado de Ventura para la aplicaci\u00f3n. Se espera que los miembros asistan a reuniones mensuales, participen en actividades de extensi\u00f3n comunitaria, sean voluntarios en varios eventos de la feria y realicen actividades para los invitados durante la Feria del Condado de Ventura.<\/span><\/p>\n<p><span style=\"color: #000000;\">M\u00e1s informaci\u00f3n pr\u00f3ximamente.<\/span><\/p>\t\t\t\t\t\t\t\t<\/div>\n\t\t\t\t<\/div>\n\t\t\t\t\t<\/div>\n\t\t\t\t<\/div>\n\t\t\t\t<\/div>","protected":false},"excerpt":{"rendered":"<p>Aprenda m\u00e1s sobre JFB Junta de la Feria Junior Aplicaci\u00f3n La feria del Condado de Ventura se complace en anunciar la reactivaci\u00f3n de la Junta de la Feria Junior. Estamos muy contentos de ampliar la participaci\u00f3n...<\/p>","protected":false},"author":1,"featured_media":7200,"parent":0,"menu_order":0,"comment_status":"closed","ping_status":"closed","template":"","meta":{"footnotes":""},"class_list":["post-10652","page","type-page","status-publish","has-post-thumbnail","hentry","have-post-thumb"],"yoast_head":"<!-- This site is optimized with the Yoast SEO Premium plugin v27.2 (Yoast SEO v27.2) - https:\/\/yoast.com\/product\/yoast-seo-premium-wordpress\/ -->\n<title>Junior Fair Board - Ventura County Fairgrounds<\/title>\n<meta name=\"robots\" content=\"index, follow, max-snippet:-1, max-image-preview:large, max-video-preview:-1\" \/>\n<link rel=\"canonical\" href=\"https:\/\/venturacountyfair.org\/es\/junior-fair-board\/\" \/>\n<meta property=\"og:locale\" content=\"es_MX\" \/>\n<meta property=\"og:type\" content=\"article\" \/>\n<meta property=\"og:title\" content=\"Junior Fair Board\" \/>\n<meta property=\"og:description\" content=\"Learn More About JFB Junior Fair Board Application The Ventura County fair is happy to announce the revival of the Junior Fair Board. We are excited about expanding the involvement...\" \/>\n<meta property=\"og:url\" content=\"https:\/\/venturacountyfair.org\/es\/junior-fair-board\/\" \/>\n<meta property=\"og:site_name\" content=\"Ventura County Fairgrounds\" \/>\n<meta property=\"article:modified_time\" content=\"2025-09-25T15:55:58+00:00\" \/>\n<meta property=\"og:image\" content=\"https:\/\/venturacountyfair.org\/wp-content\/uploads\/2024\/02\/DJI_0437-scaled.jpg\" \/>\n\t<meta property=\"og:image:width\" content=\"1705\" \/>\n\t<meta property=\"og:image:height\" content=\"2560\" \/>\n\t<meta property=\"og:image:type\" content=\"image\/jpeg\" \/>\n<meta name=\"twitter:card\" content=\"summary_large_image\" \/>\n<meta name=\"twitter:label1\" content=\"Tiempo de lectura\" \/>\n\t<meta name=\"twitter:data1\" content=\"1 minuto\" \/>\n<script type=\"application\/ld+json\" class=\"yoast-schema-graph\">{\"@context\":\"https:\/\/schema.org\",\"@graph\":[{\"@type\":\"WebPage\",\"@id\":\"https:\/\/venturacountyfair.org\/junior-fair-board\/\",\"url\":\"https:\/\/venturacountyfair.org\/junior-fair-board\/\",\"name\":\"Junior Fair Board - Ventura County Fairgrounds\",\"isPartOf\":{\"@id\":\"https:\/\/venturacountyfair.org\/#website\"},\"primaryImageOfPage\":{\"@id\":\"https:\/\/venturacountyfair.org\/junior-fair-board\/#primaryimage\"},\"image\":{\"@id\":\"https:\/\/venturacountyfair.org\/junior-fair-board\/#primaryimage\"},\"thumbnailUrl\":\"https:\/\/venturacountyfair.org\/wp-content\/uploads\/2024\/02\/DJI_0437-scaled.jpg\",\"datePublished\":\"2024-04-29T16:35:31+00:00\",\"dateModified\":\"2025-09-25T15:55:58+00:00\",\"breadcrumb\":{\"@id\":\"https:\/\/venturacountyfair.org\/junior-fair-board\/#breadcrumb\"},\"inLanguage\":\"es\",\"potentialAction\":[{\"@type\":\"ReadAction\",\"target\":[\"https:\/\/venturacountyfair.org\/junior-fair-board\/\"]}]},{\"@type\":\"ImageObject\",\"inLanguage\":\"es\",\"@id\":\"https:\/\/venturacountyfair.org\/junior-fair-board\/#primaryimage\",\"url\":\"https:\/\/venturacountyfair.org\/wp-content\/uploads\/2024\/02\/DJI_0437-scaled.jpg\",\"contentUrl\":\"https:\/\/venturacountyfair.org\/wp-content\/uploads\/2024\/02\/DJI_0437-scaled.jpg\",\"width\":1705,\"height\":2560},{\"@type\":\"BreadcrumbList\",\"@id\":\"https:\/\/venturacountyfair.org\/junior-fair-board\/#breadcrumb\",\"itemListElement\":[{\"@type\":\"ListItem\",\"position\":1,\"name\":\"Home\",\"item\":\"https:\/\/venturacountyfair.org\/\"},{\"@type\":\"ListItem\",\"position\":2,\"name\":\"Junior Fair Board\"}]},{\"@type\":\"WebSite\",\"@id\":\"https:\/\/venturacountyfair.org\/#website\",\"url\":\"https:\/\/venturacountyfair.org\/\",\"name\":\"Ventura County Fairgrounds\",\"description\":\"\",\"publisher\":{\"@id\":\"https:\/\/venturacountyfair.org\/#organization\"},\"potentialAction\":[{\"@type\":\"SearchAction\",\"target\":{\"@type\":\"EntryPoint\",\"urlTemplate\":\"https:\/\/venturacountyfair.org\/?s={search_term_string}\"},\"query-input\":{\"@type\":\"PropertyValueSpecification\",\"valueRequired\":true,\"valueName\":\"search_term_string\"}}],\"inLanguage\":\"es\"},{\"@type\":\"Organization\",\"@id\":\"https:\/\/venturacountyfair.org\/#organization\",\"name\":\"Ventura County Fairgrounds\",\"url\":\"https:\/\/venturacountyfair.org\/\",\"logo\":{\"@type\":\"ImageObject\",\"inLanguage\":\"es\",\"@id\":\"https:\/\/venturacountyfair.org\/#\/schema\/logo\/image\/\",\"url\":\"https:\/\/venturacountyfair.org\/wp-content\/uploads\/2024\/01\/cropped-cropped-favbase.png\",\"contentUrl\":\"https:\/\/venturacountyfair.org\/wp-content\/uploads\/2024\/01\/cropped-cropped-favbase.png\",\"width\":512,\"height\":512,\"caption\":\"Ventura County Fairgrounds\"},\"image\":{\"@id\":\"https:\/\/venturacountyfair.org\/#\/schema\/logo\/image\/\"}}]}<\/script>\n<!-- \/ Yoast SEO Premium plugin. -->","yoast_head_json":{"title":"Junta de la Feria Junior - Recinto Ferial del Condado de Ventura","robots":{"index":"index","follow":"follow","max-snippet":"max-snippet:-1","max-image-preview":"max-image-preview:large","max-video-preview":"max-video-preview:-1"},"canonical":"https:\/\/venturacountyfair.org\/es\/junior-fair-board\/","og_locale":"es_MX","og_type":"article","og_title":"Junior Fair Board","og_description":"Learn More About JFB Junior Fair Board Application The Ventura County fair is happy to announce the revival of the Junior Fair Board. We are excited about expanding the involvement...","og_url":"https:\/\/venturacountyfair.org\/es\/junior-fair-board\/","og_site_name":"Ventura County Fairgrounds","article_modified_time":"2025-09-25T15:55:58+00:00","og_image":[{"width":1705,"height":2560,"url":"https:\/\/venturacountyfair.org\/wp-content\/uploads\/2024\/02\/DJI_0437-scaled.jpg","type":"image\/jpeg"}],"twitter_card":"summary_large_image","twitter_misc":{"Tiempo de lectura":"1 minuto"},"schema":{"@context":"https:\/\/schema.org","@graph":[{"@type":"WebPage","@id":"https:\/\/venturacountyfair.org\/junior-fair-board\/","url":"https:\/\/venturacountyfair.org\/junior-fair-board\/","name":"Junta de la Feria Junior - Recinto Ferial del Condado de Ventura","isPartOf":{"@id":"https:\/\/venturacountyfair.org\/#website"},"primaryImageOfPage":{"@id":"https:\/\/venturacountyfair.org\/junior-fair-board\/#primaryimage"},"image":{"@id":"https:\/\/venturacountyfair.org\/junior-fair-board\/#primaryimage"},"thumbnailUrl":"https:\/\/venturacountyfair.org\/wp-content\/uploads\/2024\/02\/DJI_0437-scaled.jpg","datePublished":"2024-04-29T16:35:31+00:00","dateModified":"2025-09-25T15:55:58+00:00","breadcrumb":{"@id":"https:\/\/venturacountyfair.org\/junior-fair-board\/#breadcrumb"},"inLanguage":"es","potentialAction":[{"@type":"ReadAction","target":["https:\/\/venturacountyfair.org\/junior-fair-board\/"]}]},{"@type":"ImageObject","inLanguage":"es","@id":"https:\/\/venturacountyfair.org\/junior-fair-board\/#primaryimage","url":"https:\/\/venturacountyfair.org\/wp-content\/uploads\/2024\/02\/DJI_0437-scaled.jpg","contentUrl":"https:\/\/venturacountyfair.org\/wp-content\/uploads\/2024\/02\/DJI_0437-scaled.jpg","width":1705,"height":2560},{"@type":"BreadcrumbList","@id":"https:\/\/venturacountyfair.org\/junior-fair-board\/#breadcrumb","itemListElement":[{"@type":"ListItem","position":1,"name":"Home","item":"https:\/\/venturacountyfair.org\/"},{"@type":"ListItem","position":2,"name":"Junior Fair Board"}]},{"@type":"WebSite","@id":"https:\/\/venturacountyfair.org\/#website","url":"https:\/\/venturacountyfair.org\/","name":"Recinto Ferial del Condado de Ventura","description":"","publisher":{"@id":"https:\/\/venturacountyfair.org\/#organization"},"potentialAction":[{"@type":"SearchAction","target":{"@type":"EntryPoint","urlTemplate":"https:\/\/venturacountyfair.org\/?s={search_term_string}"},"query-input":{"@type":"PropertyValueSpecification","valueRequired":true,"valueName":"search_term_string"}}],"inLanguage":"es"},{"@type":"Organization","@id":"https:\/\/venturacountyfair.org\/#organization","name":"Recinto Ferial del Condado de Ventura","url":"https:\/\/venturacountyfair.org\/","logo":{"@type":"ImageObject","inLanguage":"es","@id":"https:\/\/venturacountyfair.org\/#\/schema\/logo\/image\/","url":"https:\/\/venturacountyfair.org\/wp-content\/uploads\/2024\/01\/cropped-cropped-favbase.png","contentUrl":"https:\/\/venturacountyfair.org\/wp-content\/uploads\/2024\/01\/cropped-cropped-favbase.png","width":512,"height":512,"caption":"Ventura County Fairgrounds"},"image":{"@id":"https:\/\/venturacountyfair.org\/#\/schema\/logo\/image\/"}}]}},"_links":{"self":[{"href":"https:\/\/venturacountyfair.org\/es\/wp-json\/wp\/v2\/pages\/10652","targetHints":{"allow":["GET"]}}],"collection":[{"href":"https:\/\/venturacountyfair.org\/es\/wp-json\/wp\/v2\/pages"}],"about":[{"href":"https:\/\/venturacountyfair.org\/es\/wp-json\/wp\/v2\/types\/page"}],"author":[{"embeddable":true,"href":"https:\/\/venturacountyfair.org\/es\/wp-json\/wp\/v2\/users\/1"}],"replies":[{"embeddable":true,"href":"https:\/\/venturacountyfair.org\/es\/wp-json\/wp\/v2\/comments?post=10652"}],"version-history":[{"count":22,"href":"https:\/\/venturacountyfair.org\/es\/wp-json\/wp\/v2\/pages\/10652\/revisions"}],"predecessor-version":[{"id":21079,"href":"https:\/\/venturacountyfair.org\/es\/wp-json\/wp\/v2\/pages\/10652\/revisions\/21079"}],"wp:featuredmedia":[{"embeddable":true,"href":"https:\/\/venturacountyfair.org\/es\/wp-json\/wp\/v2\/media\/7200"}],"wp:attachment":[{"href":"https:\/\/venturacountyfair.org\/es\/wp-json\/wp\/v2\/media?parent=10652"}],"curies":[{"name":"wp","href":"https:\/\/api.w.org\/{rel}","templated":true}]}}