{"id":1308,"date":"2022-02-17T05:18:38","date_gmt":"2022-02-17T05:18:38","guid":{"rendered":"https:\/\/venturacountyfair.org\/?page_id=1308"},"modified":"2024-04-28T16:29:45","modified_gmt":"2024-04-28T23:29:45","slug":"facilities-and-rentals","status":"publish","type":"page","link":"https:\/\/venturacountyfair.org\/es\/facilities-and-rentals\/","title":{"rendered":"Instalaciones y alquileres"},"content":{"rendered":"<div data-elementor-type=\"wp-page\" data-elementor-id=\"1308\" class=\"elementor elementor-1308\" data-elementor-post-type=\"page\">\n\t\t\t\t<div class=\"elementor-element elementor-element-14314c8 e-flex e-con-boxed e-con e-parent\" data-id=\"14314c8\" data-element_type=\"container\" data-e-type=\"container\">\n\t\t\t\t\t<div class=\"e-con-inner\">\n\t\t\t\t<div class=\"elementor-element elementor-element-3fd1277 elementor-align-center elementor-widget elementor-widget-rt-title\" data-id=\"3fd1277\" data-element_type=\"widget\" data-e-type=\"widget\" data-widget_type=\"rt-title.default\">\n\t\t\t\t<div class=\"elementor-widget-container\">\n\t\t\t\t\t<div class=\"section-heading style-two\">\n\t    <div class=\"heading-subtitle\">ALQUILER DE INSTALACIONES<\/div>\n    <h2  class=\"heading-title\"><\/h2>    <h4 style=\"font-weight: 400;\">El Recinto Ferial del Condado de Ventura es un lugar de reuni\u00f3n de primera clase en la Costa Central, con m\u00e1s de 135.000 pies cuadrados de espacio interior y un extenso parque junto al oc\u00e9ano perfecto para cualquier ocasi\u00f3n especial. El recinto ferial del condado de Ventura ofrece servicios integrales, desde la planificaci\u00f3n y el montaje hasta los servicios in situ y las opciones de catering, y garantiza que tanto la planificaci\u00f3n como la ejecuci\u00f3n sean perfectas y tengan \u00e9xito.<\/h4>    \t\t<span class=\"line\"><\/span>\n\t<\/div>\t\t\t\t<\/div>\n\t\t\t\t<\/div>\n\t\t\t\t\t<\/div>\n\t\t\t\t<\/div>\n\t\t<div class=\"elementor-element elementor-element-aa2e288 e-flex e-con-boxed e-con e-parent\" data-id=\"aa2e288\" data-element_type=\"container\" data-e-type=\"container\">\n\t\t\t\t\t<div class=\"e-con-inner\">\n\t\t\t\t<div class=\"elementor-element elementor-element-12a7f18 elementor-widget elementor-widget-html\" data-id=\"12a7f18\" data-element_type=\"widget\" data-e-type=\"widget\" data-widget_type=\"html.default\">\n\t\t\t\t<div class=\"elementor-widget-container\">\n\t\t\t\t\t<style>\n    .table-responsive {\n    overflow-x: auto; \/* Enables horizontal scrolling when needed *\/\n    margin: 0 20px; \/* Adds some spacing around the table *\/\n}\n\n.styled-table {\n    width: 100%; \/* Ensures the table uses the available space *\/\n    border-collapse: collapse; \/* Removes double borders *\/\n    color: #000;\n}\n\n.styled-table th, .styled-table td {\n    text-align: left; \/* Aligns text to the left *\/\n    padding: 8px; \/* Adds spacing inside cells *\/\n}\n\n@media (max-width: 768px) {\n    .styled-table {\n        border: 0;\n    }\n\n    .styled-table th, .styled-table td {\n        padding: 10px; \/* Increases padding in smaller screens for better readability *\/\n    }\n\n    .styled-table thead {\n        display: none; \/* Hides the header on small screens if needed *\/\n    }\n\n    .styled-table tr:nth-of-type(2n) {\n        background-color: #f9f9f9; \/* Adds striping to rows *\/\n    }\n}\n\n<\/style>\n<div class=\"table-responsive\">\n<table class=\"styled-table\">\n\n                <colgroup>\n\n                                <col \/>\n\n                                <col span=\"7\" \/>\n\n                <\/colgroup>\n\n                <tbody>\n\n                                <tr height=\"72\">\n\n                                                <td height=\"72\" style=\"height:72px;width:125px;\">&nbsp;<\/td>\n\n                                                <td style=\"width:64px;\">Pies cuadrados<\/td>\n\n                                                <td style=\"width:64px;\">Dimensiones<\/td>\n\n                                                <td style=\"width:64px;\">Banquete con mesas de banquete de 8<\/td>\n\n                                                <td style=\"width:64px;\">Banquete con mesas redondas<\/td>\n\n                                                <td style=\"width:64px;\">Montaje<\/td>\n\n                                                <td style=\"width:64px;\">Fase de montaje<\/td>\n\n                                                <td style=\"width:64px;\">Cabinas 10'x10'<\/td>\n\n                                <\/tr>\n\n                                <tr height=\"18\">\n\n                                                <td height=\"18\" style=\"height:18px;\">Sala San Nicol\u00e1s<\/td>\n\n                                                <td style=\"width:64px;\">21,120<\/td>\n\n                                                <td style=\"width:64px;\">88' x 240'<\/td>\n\n                                                <td style=\"width:64px;\">675<\/td>\n\n                                                <td style=\"width:64px;\">400<\/td>\n\n                                                <td style=\"width:64px;\">1,200<\/td>\n\n                                                <td style=\"width:64px;\">&nbsp;<\/td>\n\n                                                <td style=\"width:64px;\">60<\/td>\n\n                                <\/tr>\n\n                                <tr height=\"18\">\n\n                                                <td height=\"18\" style=\"height:18px;\">Sala Anacapa<\/td>\n\n                                                <td style=\"width:64px;\">20,988<\/td>\n\n                                                <td style=\"width:64px;\">132' x 159'<\/td>\n\n                                                <td style=\"width:64px;\">800<\/td>\n\n                                                <td style=\"width:64px;\">&nbsp;<\/td>\n\n                                                <td style=\"width:64px;\">1,900<\/td>\n\n                                                <td style=\"width:64px;\">20' x 32'<\/td>\n\n                                                <td style=\"width:64px;\">96<\/td>\n\n                                <\/tr>\n\n                                <tr height=\"18\">\n\n                                                <td height=\"18\" style=\"height:18px;\">Sala San Miguel<\/td>\n\n                                                <td style=\"width:64px;\">20,988<\/td>\n\n                                                <td style=\"width:64px;\">132' x 159'<\/td>\n\n                                                <td style=\"width:64px;\">800<\/td>\n\n                                                <td style=\"width:64px;\">&nbsp;<\/td>\n\n                                                <td style=\"width:64px;\">1,900<\/td>\n\n                                                <td style=\"width:64px;\">20' x 32'<\/td>\n\n                                                <td style=\"width:64px;\">96<\/td>\n\n                                <\/tr>\n\n                                <tr height=\"18\">\n\n                                                <td height=\"18\" style=\"height:18px;\">Sala Santa Cruz<\/td>\n\n                                                <td style=\"width:64px;\">21,120<\/td>\n\n                                                <td style=\"width:64px;\">88' x 240'<\/td>\n\n                                                <td style=\"width:64px;\">675<\/td>\n\n                                                <td style=\"width:64px;\">600<\/td>\n\n                                                <td>2,000<\/td>\n\n                                                <td>&nbsp;<\/td>\n\n                                                <td style=\"width:64px;\">90<\/td>\n\n                                <\/tr>\n\n                                <tr height=\"18\">\n\n                                                <td height=\"18\" style=\"height:18px;\">Sala Santa Rosa<\/td>\n\n                                                <td style=\"width:64px;\">6,372<\/td>\n\n                                                <td style=\"width:64px;\">54' x 118'<\/td>\n\n                                                <td style=\"width:64px;\">300<\/td>\n\n                                                <td style=\"width:64px;\">256<\/td>\n\n                                                <td style=\"width:64px;\">500<\/td>\n\n                                                <td style=\"width:64px;\">&nbsp;<\/td>\n\n                                                <td style=\"width:64px;\">30<\/td>\n\n                                <\/tr>\n\n                                <tr height=\"18\">\n\n                                                <td height=\"18\" style=\"height:18px;\">Sala Mc Bride<\/td>\n\n                                                <td style=\"width:64px;\">3,450<\/td>\n\n                                                <td style=\"width:64px;\">50' x 69'<\/td>\n\n                                                <td style=\"width:64px;\">200<\/td>\n\n                                                <td style=\"width:64px;\">144<\/td>\n\n                                                <td style=\"width:64px;\">250<\/td>\n\n                                                <td style=\"width:64px;\">&nbsp;<\/td>\n\n                                                <td style=\"width:64px;\">&nbsp;<\/td>\n\n                                <\/tr>\n\n                                <tr height=\"18\">\n\n                                                <td height=\"18\" style=\"height:18px;\">Centro Callahan<\/td>\n\n                                                <td style=\"width:64px;\">1,980<\/td>\n\n                                                <td style=\"width:64px;\">22' x 90'<\/td>\n\n                                                <td>&nbsp;<\/td>\n\n                                                <td>&nbsp;<\/td>\n\n                                                <td style=\"width:64px;\">225<\/td>\n\n                                                <td style=\"width:64px;\">8' x 12'<\/td>\n\n                                                <td>&nbsp;<\/td>\n\n                                <\/tr>\n\n                <\/tbody>\n\n<\/table>\n<\/div>\t\t\t\t<\/div>\n\t\t\t\t<\/div>\n\t\t\t\t\t<\/div>\n\t\t\t\t<\/div>\n\t\t\t\t<\/div>","protected":false},"excerpt":{"rendered":"<p>ALQUILERES DE INSTALACIONES El recinto ferial del condado de Ventura es un lugar de reuni\u00f3n de primera clase en la Costa Central, con m\u00e1s de 135.000 pies cuadrados de espacio interior y...<\/p>","protected":false},"author":1,"featured_media":7095,"parent":0,"menu_order":0,"comment_status":"closed","ping_status":"closed","template":"","meta":{"footnotes":""},"class_list":["post-1308","page","type-page","status-publish","has-post-thumbnail","hentry","have-post-thumb"],"yoast_head":"<!-- This site is optimized with the Yoast SEO Premium plugin v27.2 (Yoast SEO v27.2) - https:\/\/yoast.com\/product\/yoast-seo-premium-wordpress\/ -->\n<title>Facilities &amp; Rentals - Ventura County Fairgrounds<\/title>\n<meta name=\"robots\" content=\"index, follow, max-snippet:-1, max-image-preview:large, max-video-preview:-1\" \/>\n<link rel=\"canonical\" href=\"https:\/\/venturacountyfair.org\/es\/facilities-and-rentals\/\" \/>\n<meta property=\"og:locale\" content=\"es_MX\" \/>\n<meta property=\"og:type\" content=\"article\" \/>\n<meta property=\"og:title\" content=\"Facilities &amp; Rentals\" \/>\n<meta property=\"og:description\" content=\"FACILITY RENTALS Ventura County Fairgrounds is a premier meeting venue on the Central Coast, boasting more than 135,000 square feet of indoor space and expansive oceanside parkland perfect for any...\" \/>\n<meta property=\"og:url\" content=\"https:\/\/venturacountyfair.org\/es\/facilities-and-rentals\/\" \/>\n<meta property=\"og:site_name\" content=\"Ventura County Fairgrounds\" \/>\n<meta property=\"article:modified_time\" content=\"2024-04-28T23:29:45+00:00\" \/>\n<meta property=\"og:image\" content=\"https:\/\/venturacountyfair.org\/wp-content\/uploads\/2024\/02\/DSC05875-scaled.jpg\" \/>\n\t<meta property=\"og:image:width\" content=\"1707\" \/>\n\t<meta property=\"og:image:height\" content=\"2560\" \/>\n\t<meta property=\"og:image:type\" content=\"image\/jpeg\" \/>\n<meta name=\"twitter:card\" content=\"summary_large_image\" \/>\n<meta name=\"twitter:label1\" content=\"Tiempo de lectura\" \/>\n\t<meta name=\"twitter:data1\" content=\"1 minuto\" \/>\n<script type=\"application\/ld+json\" class=\"yoast-schema-graph\">{\"@context\":\"https:\/\/schema.org\",\"@graph\":[{\"@type\":\"WebPage\",\"@id\":\"https:\/\/venturacountyfair.org\/facilities-and-rentals\/\",\"url\":\"https:\/\/venturacountyfair.org\/facilities-and-rentals\/\",\"name\":\"Facilities & Rentals - Ventura County Fairgrounds\",\"isPartOf\":{\"@id\":\"https:\/\/venturacountyfair.org\/#website\"},\"primaryImageOfPage\":{\"@id\":\"https:\/\/venturacountyfair.org\/facilities-and-rentals\/#primaryimage\"},\"image\":{\"@id\":\"https:\/\/venturacountyfair.org\/facilities-and-rentals\/#primaryimage\"},\"thumbnailUrl\":\"https:\/\/venturacountyfair.org\/wp-content\/uploads\/2024\/02\/DSC05875-scaled.jpg\",\"datePublished\":\"2022-02-17T05:18:38+00:00\",\"dateModified\":\"2024-04-28T23:29:45+00:00\",\"breadcrumb\":{\"@id\":\"https:\/\/venturacountyfair.org\/facilities-and-rentals\/#breadcrumb\"},\"inLanguage\":\"es\",\"potentialAction\":[{\"@type\":\"ReadAction\",\"target\":[\"https:\/\/venturacountyfair.org\/facilities-and-rentals\/\"]}]},{\"@type\":\"ImageObject\",\"inLanguage\":\"es\",\"@id\":\"https:\/\/venturacountyfair.org\/facilities-and-rentals\/#primaryimage\",\"url\":\"https:\/\/venturacountyfair.org\/wp-content\/uploads\/2024\/02\/DSC05875-scaled.jpg\",\"contentUrl\":\"https:\/\/venturacountyfair.org\/wp-content\/uploads\/2024\/02\/DSC05875-scaled.jpg\",\"width\":1707,\"height\":2560},{\"@type\":\"BreadcrumbList\",\"@id\":\"https:\/\/venturacountyfair.org\/facilities-and-rentals\/#breadcrumb\",\"itemListElement\":[{\"@type\":\"ListItem\",\"position\":1,\"name\":\"Home\",\"item\":\"https:\/\/venturacountyfair.org\/\"},{\"@type\":\"ListItem\",\"position\":2,\"name\":\"Facilities &#038; Rentals\"}]},{\"@type\":\"WebSite\",\"@id\":\"https:\/\/venturacountyfair.org\/#website\",\"url\":\"https:\/\/venturacountyfair.org\/\",\"name\":\"Ventura County Fairgrounds\",\"description\":\"\",\"publisher\":{\"@id\":\"https:\/\/venturacountyfair.org\/#organization\"},\"potentialAction\":[{\"@type\":\"SearchAction\",\"target\":{\"@type\":\"EntryPoint\",\"urlTemplate\":\"https:\/\/venturacountyfair.org\/?s={search_term_string}\"},\"query-input\":{\"@type\":\"PropertyValueSpecification\",\"valueRequired\":true,\"valueName\":\"search_term_string\"}}],\"inLanguage\":\"es\"},{\"@type\":\"Organization\",\"@id\":\"https:\/\/venturacountyfair.org\/#organization\",\"name\":\"Ventura County Fairgrounds\",\"url\":\"https:\/\/venturacountyfair.org\/\",\"logo\":{\"@type\":\"ImageObject\",\"inLanguage\":\"es\",\"@id\":\"https:\/\/venturacountyfair.org\/#\/schema\/logo\/image\/\",\"url\":\"https:\/\/venturacountyfair.org\/wp-content\/uploads\/2024\/01\/cropped-cropped-favbase.png\",\"contentUrl\":\"https:\/\/venturacountyfair.org\/wp-content\/uploads\/2024\/01\/cropped-cropped-favbase.png\",\"width\":512,\"height\":512,\"caption\":\"Ventura County Fairgrounds\"},\"image\":{\"@id\":\"https:\/\/venturacountyfair.org\/#\/schema\/logo\/image\/\"}}]}<\/script>\n<!-- \/ Yoast SEO Premium plugin. -->","yoast_head_json":{"title":"Instalaciones y alquileres - Recinto Ferial del Condado de Ventura","robots":{"index":"index","follow":"follow","max-snippet":"max-snippet:-1","max-image-preview":"max-image-preview:large","max-video-preview":"max-video-preview:-1"},"canonical":"https:\/\/venturacountyfair.org\/es\/facilities-and-rentals\/","og_locale":"es_MX","og_type":"article","og_title":"Facilities & Rentals","og_description":"FACILITY RENTALS Ventura County Fairgrounds is a premier meeting venue on the Central Coast, boasting more than 135,000 square feet of indoor space and expansive oceanside parkland perfect for any...","og_url":"https:\/\/venturacountyfair.org\/es\/facilities-and-rentals\/","og_site_name":"Ventura County Fairgrounds","article_modified_time":"2024-04-28T23:29:45+00:00","og_image":[{"width":1707,"height":2560,"url":"https:\/\/venturacountyfair.org\/wp-content\/uploads\/2024\/02\/DSC05875-scaled.jpg","type":"image\/jpeg"}],"twitter_card":"summary_large_image","twitter_misc":{"Tiempo de lectura":"1 minuto"},"schema":{"@context":"https:\/\/schema.org","@graph":[{"@type":"WebPage","@id":"https:\/\/venturacountyfair.org\/facilities-and-rentals\/","url":"https:\/\/venturacountyfair.org\/facilities-and-rentals\/","name":"Instalaciones y alquileres - Recinto Ferial del Condado de Ventura","isPartOf":{"@id":"https:\/\/venturacountyfair.org\/#website"},"primaryImageOfPage":{"@id":"https:\/\/venturacountyfair.org\/facilities-and-rentals\/#primaryimage"},"image":{"@id":"https:\/\/venturacountyfair.org\/facilities-and-rentals\/#primaryimage"},"thumbnailUrl":"https:\/\/venturacountyfair.org\/wp-content\/uploads\/2024\/02\/DSC05875-scaled.jpg","datePublished":"2022-02-17T05:18:38+00:00","dateModified":"2024-04-28T23:29:45+00:00","breadcrumb":{"@id":"https:\/\/venturacountyfair.org\/facilities-and-rentals\/#breadcrumb"},"inLanguage":"es","potentialAction":[{"@type":"ReadAction","target":["https:\/\/venturacountyfair.org\/facilities-and-rentals\/"]}]},{"@type":"ImageObject","inLanguage":"es","@id":"https:\/\/venturacountyfair.org\/facilities-and-rentals\/#primaryimage","url":"https:\/\/venturacountyfair.org\/wp-content\/uploads\/2024\/02\/DSC05875-scaled.jpg","contentUrl":"https:\/\/venturacountyfair.org\/wp-content\/uploads\/2024\/02\/DSC05875-scaled.jpg","width":1707,"height":2560},{"@type":"BreadcrumbList","@id":"https:\/\/venturacountyfair.org\/facilities-and-rentals\/#breadcrumb","itemListElement":[{"@type":"ListItem","position":1,"name":"Home","item":"https:\/\/venturacountyfair.org\/"},{"@type":"ListItem","position":2,"name":"Facilities &#038; Rentals"}]},{"@type":"WebSite","@id":"https:\/\/venturacountyfair.org\/#website","url":"https:\/\/venturacountyfair.org\/","name":"Recinto Ferial del Condado de Ventura","description":"","publisher":{"@id":"https:\/\/venturacountyfair.org\/#organization"},"potentialAction":[{"@type":"SearchAction","target":{"@type":"EntryPoint","urlTemplate":"https:\/\/venturacountyfair.org\/?s={search_term_string}"},"query-input":{"@type":"PropertyValueSpecification","valueRequired":true,"valueName":"search_term_string"}}],"inLanguage":"es"},{"@type":"Organization","@id":"https:\/\/venturacountyfair.org\/#organization","name":"Recinto Ferial del Condado de Ventura","url":"https:\/\/venturacountyfair.org\/","logo":{"@type":"ImageObject","inLanguage":"es","@id":"https:\/\/venturacountyfair.org\/#\/schema\/logo\/image\/","url":"https:\/\/venturacountyfair.org\/wp-content\/uploads\/2024\/01\/cropped-cropped-favbase.png","contentUrl":"https:\/\/venturacountyfair.org\/wp-content\/uploads\/2024\/01\/cropped-cropped-favbase.png","width":512,"height":512,"caption":"Ventura County Fairgrounds"},"image":{"@id":"https:\/\/venturacountyfair.org\/#\/schema\/logo\/image\/"}}]}},"_links":{"self":[{"href":"https:\/\/venturacountyfair.org\/es\/wp-json\/wp\/v2\/pages\/1308","targetHints":{"allow":["GET"]}}],"collection":[{"href":"https:\/\/venturacountyfair.org\/es\/wp-json\/wp\/v2\/pages"}],"about":[{"href":"https:\/\/venturacountyfair.org\/es\/wp-json\/wp\/v2\/types\/page"}],"author":[{"embeddable":true,"href":"https:\/\/venturacountyfair.org\/es\/wp-json\/wp\/v2\/users\/1"}],"replies":[{"embeddable":true,"href":"https:\/\/venturacountyfair.org\/es\/wp-json\/wp\/v2\/comments?post=1308"}],"version-history":[{"count":67,"href":"https:\/\/venturacountyfair.org\/es\/wp-json\/wp\/v2\/pages\/1308\/revisions"}],"predecessor-version":[{"id":10615,"href":"https:\/\/venturacountyfair.org\/es\/wp-json\/wp\/v2\/pages\/1308\/revisions\/10615"}],"wp:featuredmedia":[{"embeddable":true,"href":"https:\/\/venturacountyfair.org\/es\/wp-json\/wp\/v2\/media\/7095"}],"wp:attachment":[{"href":"https:\/\/venturacountyfair.org\/es\/wp-json\/wp\/v2\/media?parent=1308"}],"curies":[{"name":"wp","href":"https:\/\/api.w.org\/{rel}","templated":true}]}}