{"id":15510,"date":"2024-09-11T16:00:20","date_gmt":"2024-09-11T23:00:20","guid":{"rendered":"https:\/\/venturacountyfair.org\/?page_id=15510"},"modified":"2024-09-11T16:00:21","modified_gmt":"2024-09-11T23:00:21","slug":"restricted-items","status":"publish","type":"page","link":"https:\/\/venturacountyfair.org\/es\/2024-2\/restricted-items\/","title":{"rendered":"Art\u00edculos restringidos"},"content":{"rendered":"<div data-elementor-type=\"wp-page\" data-elementor-id=\"15510\" class=\"elementor elementor-15510\" data-elementor-post-type=\"page\">\n\t\t\t\t\t\t<section class=\"elementor-section elementor-top-section elementor-element elementor-element-79cdf46 elementor-section-boxed elementor-section-height-default elementor-section-height-default\" data-id=\"79cdf46\" data-element_type=\"section\" data-e-type=\"section\">\n\t\t\t\t\t\t<div class=\"elementor-container elementor-column-gap-default\">\n\t\t\t\t\t<div class=\"elementor-column elementor-col-100 elementor-top-column elementor-element elementor-element-ff5ab85\" data-id=\"ff5ab85\" data-element_type=\"column\" data-e-type=\"column\">\n\t\t\t<div class=\"elementor-widget-wrap elementor-element-populated\">\n\t\t\t\t\t\t<div class=\"elementor-element elementor-element-fd4cacf elementor-align-center elementor-widget elementor-widget-rt-title\" data-id=\"fd4cacf\" data-element_type=\"widget\" data-e-type=\"widget\" data-widget_type=\"rt-title.default\">\n\t\t\t\t<div class=\"elementor-widget-container\">\n\t\t\t\t\t<div class=\"section-heading style-two\">\n\t    <div class=\"heading-subtitle\">ART\u00cdCULOS RESTRINGIDOS<\/div>\n    <h2  class=\"heading-title\"><\/h2>    <h4 style=\"font-weight: 400;\">Los siguientes art\u00edculos est\u00e1n restringidos en la Feria del Condado de Ventura. Para evitar molestias en la puerta, por favor, compruebe sus bolsillos o bolsa de art\u00edculos restringidos antes de salir de su coche. Gracias.<\/h4>    \t\t<span class=\"line\"><\/span>\n\t<\/div>\t\t\t\t<\/div>\n\t\t\t\t<\/div>\n\t\t\t\t\t<\/div>\n\t\t<\/div>\n\t\t\t\t\t<\/div>\n\t\t<\/section>\n\t\t\t\t<section class=\"elementor-section elementor-top-section elementor-element elementor-element-8b0f7a9 elementor-section-boxed elementor-section-height-default elementor-section-height-default\" data-id=\"8b0f7a9\" data-element_type=\"section\" data-e-type=\"section\">\n\t\t\t\t\t\t<div class=\"elementor-container elementor-column-gap-default\">\n\t\t\t\t\t<div class=\"elementor-column elementor-col-50 elementor-top-column elementor-element elementor-element-c26af0e\" data-id=\"c26af0e\" data-element_type=\"column\" data-e-type=\"column\">\n\t\t\t<div class=\"elementor-widget-wrap elementor-element-populated\">\n\t\t\t\t\t\t<div class=\"elementor-element elementor-element-319a68f elementor-align-left elementor-widget elementor-widget-rt-title\" data-id=\"319a68f\" data-element_type=\"widget\" data-e-type=\"widget\" data-widget_type=\"rt-title.default\">\n\t\t\t\t<div class=\"elementor-widget-container\">\n\t\t\t\t\t<div class=\"section-heading style-one\">\n\t<h4  class=\"heading-title\"><\/h4>    <ul><li><span style=\"color: #000000;\">Bicicletas, bicitaxis, patines, patinetes, monopatines, tablas de estilo navaja, Segway, hoverboards o cualquier dispositivo autopropulsado.<\/span><\/li><li><span style=\"color: #000000;\">ARMAS DE FUEGO, EXPLOSIVOS Y FUEGOS ARTIFICIALES<\/span><\/li><li><span style=\"color: #000000;\">Armas peligrosas, incluido cualquier tipo de arma blanca, como cuchillos, armas de impacto y armas de impulsos el\u00e9ctricos.<\/span><\/li><li><span style=\"color: #000000;\">Todos los cuchillos e instrumentos cortantes, incluidos c\u00fateres, tijeras, navajas, cuchillos de caza, cuchillos de pesca y navajas tipo \"Swiss Army\".<\/span><\/li><li><span style=\"color: #000000;\">Sprays y aerosoles de pimienta<\/span><\/li><\/ul>    <\/div>\t\t\t\t<\/div>\n\t\t\t\t<\/div>\n\t\t\t\t\t<\/div>\n\t\t<\/div>\n\t\t\t\t<div class=\"elementor-column elementor-col-50 elementor-top-column elementor-element elementor-element-f85edac\" data-id=\"f85edac\" data-element_type=\"column\" data-e-type=\"column\">\n\t\t\t<div class=\"elementor-widget-wrap elementor-element-populated\">\n\t\t\t\t\t\t<div class=\"elementor-element elementor-element-adcc008 elementor-align-left elementor-widget elementor-widget-rt-title\" data-id=\"adcc008\" data-element_type=\"widget\" data-e-type=\"widget\" data-widget_type=\"rt-title.default\">\n\t\t\t\t<div class=\"elementor-widget-container\">\n\t\t\t\t\t<div class=\"section-heading style-one\">\n\t<h4  class=\"heading-title\"><\/h4>    <ul><li><span style=\"color: #000000;\">Alcohol<\/span><\/li><li><span style=\"color: #000000;\">Punteros l\u00e1ser<\/span><\/li><li><span style=\"color: #000000;\">Dispositivos sorprendentes<\/span><\/li><li><span style=\"color: #000000;\">Armas ofensivas<\/span><\/li><li><span style=\"color: #000000;\">Drogas o sustancias ilegales<\/span><\/li><li><span style=\"color: #000000;\">Materiales peligrosos y t\u00f3xicos<\/span><\/li><li><span style=\"color: #000000;\">No se permitir\u00e1n mascotas ni animales en todo el recinto, excepto los animales de servicio y apoyo, como los perros gu\u00eda que ayudan a personas con discapacidad.<\/span><\/li><li><span style=\"color: #000000;\">Cualquier art\u00edculo considerado inapropiado o peligroso<\/span><\/li><\/ul>    <\/div>\t\t\t\t<\/div>\n\t\t\t\t<\/div>\n\t\t\t\t\t<\/div>\n\t\t<\/div>\n\t\t\t\t\t<\/div>\n\t\t<\/section>\n\t\t<div class=\"elementor-element elementor-element-62ad087 e-flex e-con-boxed e-con e-parent\" data-id=\"62ad087\" data-element_type=\"container\" data-e-type=\"container\">\n\t\t\t\t\t<div class=\"e-con-inner\">\n\t\t\t\t<div class=\"elementor-element elementor-element-58cfd35 elementor-align-left elementor-widget elementor-widget-rt-title\" data-id=\"58cfd35\" data-element_type=\"widget\" data-e-type=\"widget\" data-widget_type=\"rt-title.default\">\n\t\t\t\t<div class=\"elementor-widget-container\">\n\t\t\t\t\t<div class=\"section-heading style-one\">\n\t<h4  class=\"heading-title\">NOTA<\/h4>    <span style=\"color: #000000;\">No se permite el acceso con permisos de armas ocultas. Remita a todos los polic\u00edas de servicio al puesto de mando de la polic\u00eda de Ventura adyacente al Derby Club.<\/span>    <\/div>\t\t\t\t<\/div>\n\t\t\t\t<\/div>\n\t\t\t\t\t<\/div>\n\t\t\t\t<\/div>\n\t\t\t\t<\/div>","protected":false},"excerpt":{"rendered":"<p>ART\u00cdCULOS RESTRINGIDOS Los siguientes art\u00edculos est\u00e1n restringidos en la Feria del Condado de Ventura. Para evitar inconvenientes en la puerta por favor revise sus bolsillos o bolsa de art\u00edculos restringidos...<\/p>","protected":false},"author":1,"featured_media":7117,"parent":15468,"menu_order":0,"comment_status":"closed","ping_status":"closed","template":"","meta":{"footnotes":""},"class_list":["post-15510","page","type-page","status-publish","has-post-thumbnail","hentry","have-post-thumb"],"yoast_head":"<!-- This site is optimized with the Yoast SEO Premium plugin v27.2 (Yoast SEO v27.2) - https:\/\/yoast.com\/product\/yoast-seo-premium-wordpress\/ -->\n<title>Restricted Items - Ventura County Fairgrounds<\/title>\n<meta name=\"robots\" content=\"index, follow, max-snippet:-1, max-image-preview:large, max-video-preview:-1\" \/>\n<link rel=\"canonical\" href=\"https:\/\/venturacountyfair.org\/es\/2024\/restricted-items\/\" \/>\n<meta property=\"og:locale\" content=\"es_MX\" \/>\n<meta property=\"og:type\" content=\"article\" \/>\n<meta property=\"og:title\" content=\"Restricted Items\" \/>\n<meta property=\"og:description\" content=\"RESTRICTED ITEMS The following items are Restricted from being brought into the Ventura County Fair. To avoid inconvenience at the gate please check your pockets or bag for restricted items...\" \/>\n<meta property=\"og:url\" content=\"https:\/\/venturacountyfair.org\/es\/2024\/restricted-items\/\" \/>\n<meta property=\"og:site_name\" content=\"Ventura County Fairgrounds\" \/>\n<meta property=\"article:modified_time\" content=\"2024-09-11T23:00:21+00:00\" \/>\n<meta property=\"og:image\" content=\"https:\/\/venturacountyfair.org\/wp-content\/uploads\/2024\/02\/dji_fly_20230802_212434_373_1691036787061_photo-scaled.jpg\" \/>\n\t<meta property=\"og:image:width\" content=\"1706\" \/>\n\t<meta property=\"og:image:height\" content=\"2560\" \/>\n\t<meta property=\"og:image:type\" content=\"image\/jpeg\" \/>\n<meta name=\"twitter:card\" content=\"summary_large_image\" \/>\n<meta name=\"twitter:label1\" content=\"Tiempo de lectura\" \/>\n\t<meta name=\"twitter:data1\" content=\"1 minuto\" \/>\n<script type=\"application\/ld+json\" class=\"yoast-schema-graph\">{\"@context\":\"https:\/\/schema.org\",\"@graph\":[{\"@type\":\"WebPage\",\"@id\":\"https:\/\/venturacountyfair.org\/2024\/restricted-items\/\",\"url\":\"https:\/\/venturacountyfair.org\/2024\/restricted-items\/\",\"name\":\"Restricted Items - Ventura County Fairgrounds\",\"isPartOf\":{\"@id\":\"https:\/\/venturacountyfair.org\/#website\"},\"primaryImageOfPage\":{\"@id\":\"https:\/\/venturacountyfair.org\/2024\/restricted-items\/#primaryimage\"},\"image\":{\"@id\":\"https:\/\/venturacountyfair.org\/2024\/restricted-items\/#primaryimage\"},\"thumbnailUrl\":\"https:\/\/venturacountyfair.org\/wp-content\/uploads\/2024\/02\/dji_fly_20230802_212434_373_1691036787061_photo-scaled.jpg\",\"datePublished\":\"2024-09-11T23:00:20+00:00\",\"dateModified\":\"2024-09-11T23:00:21+00:00\",\"breadcrumb\":{\"@id\":\"https:\/\/venturacountyfair.org\/2024\/restricted-items\/#breadcrumb\"},\"inLanguage\":\"es\",\"potentialAction\":[{\"@type\":\"ReadAction\",\"target\":[\"https:\/\/venturacountyfair.org\/2024\/restricted-items\/\"]}]},{\"@type\":\"ImageObject\",\"inLanguage\":\"es\",\"@id\":\"https:\/\/venturacountyfair.org\/2024\/restricted-items\/#primaryimage\",\"url\":\"https:\/\/venturacountyfair.org\/wp-content\/uploads\/2024\/02\/dji_fly_20230802_212434_373_1691036787061_photo-scaled.jpg\",\"contentUrl\":\"https:\/\/venturacountyfair.org\/wp-content\/uploads\/2024\/02\/dji_fly_20230802_212434_373_1691036787061_photo-scaled.jpg\",\"width\":1706,\"height\":2560},{\"@type\":\"BreadcrumbList\",\"@id\":\"https:\/\/venturacountyfair.org\/2024\/restricted-items\/#breadcrumb\",\"itemListElement\":[{\"@type\":\"ListItem\",\"position\":1,\"name\":\"Home\",\"item\":\"https:\/\/venturacountyfair.org\/\"},{\"@type\":\"ListItem\",\"position\":2,\"name\":\"2024\",\"item\":\"https:\/\/venturacountyfair.org\/2024-2\/\"},{\"@type\":\"ListItem\",\"position\":3,\"name\":\"Restricted Items\"}]},{\"@type\":\"WebSite\",\"@id\":\"https:\/\/venturacountyfair.org\/#website\",\"url\":\"https:\/\/venturacountyfair.org\/\",\"name\":\"Ventura County Fairgrounds\",\"description\":\"\",\"publisher\":{\"@id\":\"https:\/\/venturacountyfair.org\/#organization\"},\"potentialAction\":[{\"@type\":\"SearchAction\",\"target\":{\"@type\":\"EntryPoint\",\"urlTemplate\":\"https:\/\/venturacountyfair.org\/?s={search_term_string}\"},\"query-input\":{\"@type\":\"PropertyValueSpecification\",\"valueRequired\":true,\"valueName\":\"search_term_string\"}}],\"inLanguage\":\"es\"},{\"@type\":\"Organization\",\"@id\":\"https:\/\/venturacountyfair.org\/#organization\",\"name\":\"Ventura County Fairgrounds\",\"url\":\"https:\/\/venturacountyfair.org\/\",\"logo\":{\"@type\":\"ImageObject\",\"inLanguage\":\"es\",\"@id\":\"https:\/\/venturacountyfair.org\/#\/schema\/logo\/image\/\",\"url\":\"https:\/\/venturacountyfair.org\/wp-content\/uploads\/2024\/01\/cropped-cropped-favbase.png\",\"contentUrl\":\"https:\/\/venturacountyfair.org\/wp-content\/uploads\/2024\/01\/cropped-cropped-favbase.png\",\"width\":512,\"height\":512,\"caption\":\"Ventura County Fairgrounds\"},\"image\":{\"@id\":\"https:\/\/venturacountyfair.org\/#\/schema\/logo\/image\/\"}}]}<\/script>\n<!-- \/ Yoast SEO Premium plugin. -->","yoast_head_json":{"title":"Restricted Items - Ventura County Fairgrounds","robots":{"index":"index","follow":"follow","max-snippet":"max-snippet:-1","max-image-preview":"max-image-preview:large","max-video-preview":"max-video-preview:-1"},"canonical":"https:\/\/venturacountyfair.org\/es\/2024\/restricted-items\/","og_locale":"es_MX","og_type":"article","og_title":"Restricted Items","og_description":"RESTRICTED ITEMS The following items are Restricted from being brought into the Ventura County Fair. To avoid inconvenience at the gate please check your pockets or bag for restricted items...","og_url":"https:\/\/venturacountyfair.org\/es\/2024\/restricted-items\/","og_site_name":"Ventura County Fairgrounds","article_modified_time":"2024-09-11T23:00:21+00:00","og_image":[{"width":1706,"height":2560,"url":"https:\/\/venturacountyfair.org\/wp-content\/uploads\/2024\/02\/dji_fly_20230802_212434_373_1691036787061_photo-scaled.jpg","type":"image\/jpeg"}],"twitter_card":"summary_large_image","twitter_misc":{"Tiempo de lectura":"1 minuto"},"schema":{"@context":"https:\/\/schema.org","@graph":[{"@type":"WebPage","@id":"https:\/\/venturacountyfair.org\/2024\/restricted-items\/","url":"https:\/\/venturacountyfair.org\/2024\/restricted-items\/","name":"Restricted Items - Ventura County Fairgrounds","isPartOf":{"@id":"https:\/\/venturacountyfair.org\/#website"},"primaryImageOfPage":{"@id":"https:\/\/venturacountyfair.org\/2024\/restricted-items\/#primaryimage"},"image":{"@id":"https:\/\/venturacountyfair.org\/2024\/restricted-items\/#primaryimage"},"thumbnailUrl":"https:\/\/venturacountyfair.org\/wp-content\/uploads\/2024\/02\/dji_fly_20230802_212434_373_1691036787061_photo-scaled.jpg","datePublished":"2024-09-11T23:00:20+00:00","dateModified":"2024-09-11T23:00:21+00:00","breadcrumb":{"@id":"https:\/\/venturacountyfair.org\/2024\/restricted-items\/#breadcrumb"},"inLanguage":"es","potentialAction":[{"@type":"ReadAction","target":["https:\/\/venturacountyfair.org\/2024\/restricted-items\/"]}]},{"@type":"ImageObject","inLanguage":"es","@id":"https:\/\/venturacountyfair.org\/2024\/restricted-items\/#primaryimage","url":"https:\/\/venturacountyfair.org\/wp-content\/uploads\/2024\/02\/dji_fly_20230802_212434_373_1691036787061_photo-scaled.jpg","contentUrl":"https:\/\/venturacountyfair.org\/wp-content\/uploads\/2024\/02\/dji_fly_20230802_212434_373_1691036787061_photo-scaled.jpg","width":1706,"height":2560},{"@type":"BreadcrumbList","@id":"https:\/\/venturacountyfair.org\/2024\/restricted-items\/#breadcrumb","itemListElement":[{"@type":"ListItem","position":1,"name":"Home","item":"https:\/\/venturacountyfair.org\/"},{"@type":"ListItem","position":2,"name":"2024","item":"https:\/\/venturacountyfair.org\/2024-2\/"},{"@type":"ListItem","position":3,"name":"Restricted Items"}]},{"@type":"WebSite","@id":"https:\/\/venturacountyfair.org\/#website","url":"https:\/\/venturacountyfair.org\/","name":"Recinto Ferial del Condado de Ventura","description":"","publisher":{"@id":"https:\/\/venturacountyfair.org\/#organization"},"potentialAction":[{"@type":"SearchAction","target":{"@type":"EntryPoint","urlTemplate":"https:\/\/venturacountyfair.org\/?s={search_term_string}"},"query-input":{"@type":"PropertyValueSpecification","valueRequired":true,"valueName":"search_term_string"}}],"inLanguage":"es"},{"@type":"Organization","@id":"https:\/\/venturacountyfair.org\/#organization","name":"Recinto Ferial del Condado de Ventura","url":"https:\/\/venturacountyfair.org\/","logo":{"@type":"ImageObject","inLanguage":"es","@id":"https:\/\/venturacountyfair.org\/#\/schema\/logo\/image\/","url":"https:\/\/venturacountyfair.org\/wp-content\/uploads\/2024\/01\/cropped-cropped-favbase.png","contentUrl":"https:\/\/venturacountyfair.org\/wp-content\/uploads\/2024\/01\/cropped-cropped-favbase.png","width":512,"height":512,"caption":"Ventura County Fairgrounds"},"image":{"@id":"https:\/\/venturacountyfair.org\/#\/schema\/logo\/image\/"}}]}},"_links":{"self":[{"href":"https:\/\/venturacountyfair.org\/es\/wp-json\/wp\/v2\/pages\/15510","targetHints":{"allow":["GET"]}}],"collection":[{"href":"https:\/\/venturacountyfair.org\/es\/wp-json\/wp\/v2\/pages"}],"about":[{"href":"https:\/\/venturacountyfair.org\/es\/wp-json\/wp\/v2\/types\/page"}],"author":[{"embeddable":true,"href":"https:\/\/venturacountyfair.org\/es\/wp-json\/wp\/v2\/users\/1"}],"replies":[{"embeddable":true,"href":"https:\/\/venturacountyfair.org\/es\/wp-json\/wp\/v2\/comments?post=15510"}],"version-history":[{"count":1,"href":"https:\/\/venturacountyfair.org\/es\/wp-json\/wp\/v2\/pages\/15510\/revisions"}],"predecessor-version":[{"id":15514,"href":"https:\/\/venturacountyfair.org\/es\/wp-json\/wp\/v2\/pages\/15510\/revisions\/15514"}],"up":[{"embeddable":true,"href":"https:\/\/venturacountyfair.org\/es\/wp-json\/wp\/v2\/pages\/15468"}],"wp:featuredmedia":[{"embeddable":true,"href":"https:\/\/venturacountyfair.org\/es\/wp-json\/wp\/v2\/media\/7117"}],"wp:attachment":[{"href":"https:\/\/venturacountyfair.org\/es\/wp-json\/wp\/v2\/media?parent=15510"}],"curies":[{"name":"wp","href":"https:\/\/api.w.org\/{rel}","templated":true}]}}