{"id":15552,"date":"2024-09-12T11:00:33","date_gmt":"2024-09-12T18:00:33","guid":{"rendered":"https:\/\/venturacountyfair.org\/?page_id=15552"},"modified":"2025-09-02T11:32:43","modified_gmt":"2025-09-02T18:32:43","slug":"policies","status":"publish","type":"page","link":"https:\/\/venturacountyfair.org\/es\/policies\/","title":{"rendered":"Pol\u00edticas"},"content":{"rendered":"<div data-elementor-type=\"wp-page\" data-elementor-id=\"15552\" class=\"elementor elementor-15552\" data-elementor-post-type=\"page\">\n\t\t\t\t\t\t<section class=\"elementor-section elementor-top-section elementor-element elementor-element-e8d8105 elementor-section-boxed elementor-section-height-default elementor-section-height-default\" data-id=\"e8d8105\" data-element_type=\"section\" data-e-type=\"section\">\n\t\t\t\t\t\t<div class=\"elementor-container elementor-column-gap-default\">\n\t\t\t\t\t<div class=\"elementor-column elementor-col-100 elementor-top-column elementor-element elementor-element-b4693f9\" data-id=\"b4693f9\" data-element_type=\"column\" data-e-type=\"column\">\n\t\t\t<div class=\"elementor-widget-wrap elementor-element-populated\">\n\t\t\t\t\t\t<div class=\"elementor-element elementor-element-c180c8e elementor-align-center elementor-widget elementor-widget-rt-title\" data-id=\"c180c8e\" data-element_type=\"widget\" data-e-type=\"widget\" data-widget_type=\"rt-title.default\">\n\t\t\t\t<div class=\"elementor-widget-container\">\n\t\t\t\t\t<div class=\"section-heading style-two\">\n\t    <div class=\"heading-subtitle\">SABER ANTES DE IR<\/div>\n    <h2  class=\"heading-title\"><\/h2>    <h4 style=\"font-weight: 400;\"><span style=\"color: #000000;\">\u00a1Bienvenido al Recinto Ferial del Condado de Ventura! Con el fin de proporcionar un ambiente seguro y agradable para todos los clientes, le pedimos su cooperaci\u00f3n en el cumplimiento de estas pol\u00edticas en todo momento. \u00a0<\/span><\/h4>    \t\t<span class=\"line\"><\/span>\n\t<\/div>\t\t\t\t<\/div>\n\t\t\t\t<\/div>\n\t\t\t\t\t<\/div>\n\t\t<\/div>\n\t\t\t\t\t<\/div>\n\t\t<\/section>\n\t\t\t\t<section class=\"elementor-section elementor-top-section elementor-element elementor-element-4978a14 elementor-section-boxed elementor-section-height-default elementor-section-height-default\" data-id=\"4978a14\" data-element_type=\"section\" data-e-type=\"section\">\n\t\t\t\t\t\t<div class=\"elementor-container elementor-column-gap-default\">\n\t\t\t\t\t<div class=\"elementor-column elementor-col-100 elementor-top-column elementor-element elementor-element-618564b\" data-id=\"618564b\" data-element_type=\"column\" data-e-type=\"column\">\n\t\t\t<div class=\"elementor-widget-wrap elementor-element-populated\">\n\t\t\t\t\t\t<div class=\"elementor-element elementor-element-258cdc1 elementor-widget elementor-widget-tp-accordion\" data-id=\"258cdc1\" data-element_type=\"widget\" data-e-type=\"widget\" data-widget_type=\"tp-accordion.default\">\n\t\t\t\t<div class=\"elementor-widget-container\">\n\t\t\t\t\t\n<div class=\"theplus-accordion-wrapper elementor-accordion\"\n    id=\"accordion69e387ed0b7f6\" data-accordion-id=\"accordion69e387ed0b7f6\"\n    data-connection=\"\"\n    data-accordion-type=\"accordion\"\n    data-heightlight-text role=\"tablist\" >\n\n            <div class=\"theplus-accordion-item\"  role=\"tab\">\n            <div id=\"elementor-tab-title-3931\" class=\"elementor-tab-title plus-accordion-header 0 text-left\" data-tab=\"1\" aria-controls=\"elementor-tab-content-3931\">\n                                \n                <span style=\"width:100%\">C\u00f3digo de conducta para los invitados<\/span>                <span class=\"elementor-accordion-icon elementor-accordion-icon-right\" aria-hidden=\"true\"><i class=\"elementor-accordion-icon-closed fa fa-arrow-circle-down\"><\/i><i class=\"elementor-accordion-icon-opened fa fa-arrow-circle-up\"><\/i><\/span>            <\/div>\n\n                        <div id=\"elementor-tab-content-3931\" class=\"elementor-tab-content elementor-clearfix plus-accordion-content 0\" data-tab=\"1\" role=\"tabpanel\" aria-labelledby=\"elementor-tab-title-3931\">\n                <div class=\"plus-content-editor\" ><div><div><strong><span style=\"color: #000000;\">Estas actividades est\u00e1n prohibidas en el recinto ferial:<\/span><\/strong><\/div><ol><li><span style=\"color: #000000;\">Correr, gritar, hacer payasadas, arrojar cualquier tipo de escombros;<\/span><\/li><li><span style=\"color: #000000;\">Conducta desordenada o perturbadora de cualquier tipo.<\/span><\/li><li><span style=\"color: #000000;\">Comportamiento amenazante, beligerante u hostil de cualquier tipo.<\/span><\/li><li><span style=\"color: #000000;\">Permanecer de pie o caminar en grupos grandes que bloqueen la circulaci\u00f3n de los clientes de la Feria o causen molestias a los dem\u00e1s.<\/span><\/li><li><span style=\"color: #000000;\">Circulaci\u00f3n en bicicleta, monopat\u00edn, patines, ciclomotor, Segway o cualquier tipo de patinaje en nuestro recinto.<\/span><\/li><li><span style=\"color: #000000;\">Introducir alcohol, cannabis o drogas ilegales de cualquier tipo en el recinto ferial.<\/span><\/li><li><span style=\"color: #000000;\">Bloquear cualquier edificio, caseta, exposici\u00f3n, puesto de venta, espect\u00e1culo, taquilla, puerta, escenario, portal, pasarela, salida de incendios o escalera.<\/span><\/li><li><span style=\"color: #000000;\">Uso de lenguaje o gestos fuertes u obscenos u otro comportamiento ofensivo que interfiera con el disfrute de los clientes de la Feria de las actividades y eventos de la Feria.<\/span><\/li><li><span style=\"color: #000000;\">Tirar basura<\/span><\/li><li><span style=\"color: #000000;\">Sentarse o poner los pies sobre las mesas<\/span><\/li><li><span style=\"color: #000000;\">Escupir<\/span><\/li><li><span style=\"color: #000000;\">Estar en el recinto sin camisa ni zapatos.<\/span><\/li><li><span style=\"color: #000000;\">Introducir animales de compa\u00f1\u00eda en el recinto, a excepci\u00f3n de los animales de servicio (v\u00e9ase la Pol\u00edtica sobre animales de servicio).<\/span><\/li><li><span style=\"color: #000000;\">Solicitar para la venta cualquier cosa en los terrenos sin el acuerdo por escrito de la Feria del Condado de Ventura.<\/span><\/li><li><span style=\"color: #000000;\">Llevar atuendos relacionados con bandas, obscenos u ofensivos. La Feria se reserva el derecho de admisi\u00f3n o expulsi\u00f3n de cualquier persona que lleve un atuendo que se considere inapropiado.<\/span><\/li><li><span style=\"color: #000000;\">Llevar ropa que oculte la cara, a menos que se lleve por razones culturales, religiosas o m\u00e9dicas.<\/span><\/li><li><span style=\"color: #000000;\">Interferir en los asuntos del recinto ferial o interferir en el desarrollo de los asuntos del recinto ferial.<\/span><\/li><li><span style=\"color: #000000;\">Distribuci\u00f3n de botones, pegatinas, gorras, globos, camisetas, art\u00edculos novedosos, alimentos o bebidas por parte de no concesionarios.<\/span><\/li><li><span style=\"color: #000000;\">Cualquier actividad que pueda provocar da\u00f1os f\u00edsicos a cualquier persona o propiedad.<\/span><\/li><li><span style=\"color: #000000;\">Posesi\u00f3n de cualquier art\u00edculo definido como arma.<\/span><\/li><li><span style=\"color: #000000;\">Cualquier actividad que infrinja cualquier ley o pol\u00edtica federal, estatal o local.<\/span><\/li><li><span style=\"color: #000000;\">Uso de caravanas acopladas (se permiten caravanas individuales, as\u00ed como neveras no mayores de (12\u00bdx18\u00bd)<\/span><\/li><\/ol><div><div><span style=\"color: #000000;\"><strong>Todas las personas que entren en el Recinto Ferial del Condado de Ventura aceptan que est\u00e1n sujetas a un control de protecci\u00f3n y\/o registro en busca de armas, narc\u00f3ticos, alcohol y art\u00edculos ilegales.<\/strong><\/span><\/div><div><span style=\"color: #000000;\"><strong>Las infracciones de estas Normas de Conducta constituir\u00e1n causa de expulsi\u00f3n del infractor de la propiedad de la Feria del Condado de Ventura.<\/strong><\/span><\/div><\/div><\/div><\/div>\n            <\/div>\n                    <\/div>\n                <div class=\"theplus-accordion-item\"  role=\"tab\">\n            <div id=\"elementor-tab-title-3932\" class=\"elementor-tab-title plus-accordion-header 0 text-left\" data-tab=\"2\" aria-controls=\"elementor-tab-content-3932\">\n                                \n                <span style=\"width:100%\">Art\u00edculos prohibidos<\/span>                <span class=\"elementor-accordion-icon elementor-accordion-icon-right\" aria-hidden=\"true\"><i class=\"elementor-accordion-icon-closed fa fa-arrow-circle-down\"><\/i><i class=\"elementor-accordion-icon-opened fa fa-arrow-circle-up\"><\/i><\/span>            <\/div>\n\n                        <div id=\"elementor-tab-content-3932\" class=\"elementor-tab-content elementor-clearfix plus-accordion-content 0\" data-tab=\"2\" role=\"tabpanel\" aria-labelledby=\"elementor-tab-title-3932\">\n                <div class=\"plus-content-editor\" ><ul><li><span style=\"color: #000000;\">Animales de compa\u00f1\u00eda, excepto perros de servicio<\/span><\/li><li><span style=\"color: #000000;\">Cuchillos<\/span><\/li><li><span style=\"color: #000000;\">Drogas<\/span><\/li><li><span style=\"color: #000000;\">Botellas de vidrio o latas\/recipientes met\u00e1licos (se permitir\u00e1 1 botella de agua sellada por persona)<\/span><\/li><li><span style=\"color: #000000;\">Pistolas de agua o globos (a trav\u00e9s de la verja)<\/span><\/li><li><span style=\"color: #000000;\">Bicicletas, monopatines, patinetes<\/span><\/li><li><span style=\"color: #000000;\">Pistolas, mazas, porras o cualquier objeto que la seguridad de la Feria considere un arma.<\/span><\/li><li><span style=\"color: #000000;\">Drones o dispositivos de vigilancia por control remoto<\/span><\/li><li><span style=\"color: #000000;\">Bebidas alcoh\u00f3licas (no se permite el paso por la puerta de embarque; las bebidas se pueden comprar en la puerta de embarque). <\/span><span style=\"color: #000000;\">los terrenos)<\/span><\/li><li><span style=\"color: #000000;\">Comida y bebida de fuera (se permiten almuerzos o tentempi\u00e9s caseros)<\/span><\/li><li><span style=\"color: #000000;\">Sillas (plegables, de camping o de playa, pero no sillas de ruedas u otros dispositivos de movilidad)<\/span><\/li><li><span style=\"color: #000000;\">Material publicitario o promocional, r\u00f3tulos, carteles que no hayan sido previamente aprobados por <\/span><span style=\"color: #000000;\">el Recinto Ferial<\/span><\/li><li><span style=\"color: #000000;\">No fumar ni vaporizar<\/span><\/li><li><span style=\"color: #000000;\">Estupefacientes u otras sustancias ilegales<\/span><\/li><li><span style=\"color: #000000;\">Hieleras<\/span><\/li><\/ul><\/div>\n            <\/div>\n                    <\/div>\n                <div class=\"theplus-accordion-item\"  role=\"tab\">\n            <div id=\"elementor-tab-title-3933\" class=\"elementor-tab-title plus-accordion-header 0 text-left\" data-tab=\"3\" aria-controls=\"elementor-tab-content-3933\">\n                                \n                <span style=\"width:100%\">Pol\u00edtica sobre animales de servicio<\/span>                <span class=\"elementor-accordion-icon elementor-accordion-icon-right\" aria-hidden=\"true\"><i class=\"elementor-accordion-icon-closed fa fa-arrow-circle-down\"><\/i><i class=\"elementor-accordion-icon-opened fa fa-arrow-circle-up\"><\/i><\/span>            <\/div>\n\n                        <div id=\"elementor-tab-content-3933\" class=\"elementor-tab-content elementor-clearfix plus-accordion-content 0\" data-tab=\"3\" role=\"tabpanel\" aria-labelledby=\"elementor-tab-title-3933\">\n                <div class=\"plus-content-editor\" ><p><span style=\"font-weight: 400; color: #000000;\">La Feria del Condado de Ventura se esfuerza por garantizar la protecci\u00f3n de los derechos de las personas que utilizan animales de servicio para ayudar con discapacidades, de conformidad con el T\u00edtulo II de la Ley de Estadounidenses con Discapacidades de 1990 (ADA).<\/span><\/p><p><span style=\"font-weight: 400; color: #000000;\">Tal como se indica en la Conducta de las Normas Federales y en el art\u00edculo 113903 del C\u00f3digo de Salud y Seguridad de California, un perro de servicio es un perro adiestrado para realizar trabajos o tareas en beneficio de una persona con una discapacidad, incluida una discapacidad f\u00edsica, sensorial, psiqui\u00e1trica, intelectual u otra discapacidad mental. El trabajo o las tareas realizadas por un animal de servicio deben estar directamente relacionados con la discapacidad de la persona.<\/span><\/p><p><span style=\"font-weight: 400; color: #000000;\">Los animales de servicio estar\u00e1n controlados por su adiestrador en todo momento y restringidos a un m\u00e1ximo de 6 pies de correa o dispositivo de sujeci\u00f3n.<\/span><\/p><p><span style=\"font-weight: 400; color: #000000;\">Aunque los perros de apoyo emocional son muy importantes, no son perros de servicio y no est\u00e1n permitidos en la Feria del Condado de Ventura.<\/span><\/p><\/div>\n            <\/div>\n                    <\/div>\n                <div class=\"theplus-accordion-item\"  role=\"tab\">\n            <div id=\"elementor-tab-title-3934\" class=\"elementor-tab-title plus-accordion-header 0 text-left\" data-tab=\"4\" aria-controls=\"elementor-tab-content-3934\">\n                                \n                <span style=\"width:100%\">Pol\u00edtica de alcohol<\/span>                <span class=\"elementor-accordion-icon elementor-accordion-icon-right\" aria-hidden=\"true\"><i class=\"elementor-accordion-icon-closed fa fa-arrow-circle-down\"><\/i><i class=\"elementor-accordion-icon-opened fa fa-arrow-circle-up\"><\/i><\/span>            <\/div>\n\n                        <div id=\"elementor-tab-content-3934\" class=\"elementor-tab-content elementor-clearfix plus-accordion-content 0\" data-tab=\"4\" role=\"tabpanel\" aria-labelledby=\"elementor-tab-title-3934\">\n                <div class=\"plus-content-editor\" ><div><div><span style=\"color: #000000;\">Se realizar\u00e1n observaciones diarias de alcohol para garantizar que el servicio cumple con las normas y reglamentos ABC de California. El alcohol se cerrar\u00e1 una hora antes del cierre de la feria cada noche. La supervisi\u00f3n de seguridad de la puerta de entrada observar\u00e1 e informar\u00e1 de cualquier invitado que intente entrar en estado de embriaguez. El equipo de gesti\u00f3n de seguridad no permitir\u00e1 la entrada a ninguna persona intoxicada.<\/span><\/div><\/div><\/div>\n            <\/div>\n                    <\/div>\n                <div class=\"theplus-accordion-item\"  role=\"tab\">\n            <div id=\"elementor-tab-title-3935\" class=\"elementor-tab-title plus-accordion-header 0 text-left\" data-tab=\"5\" aria-controls=\"elementor-tab-content-3935\">\n                                \n                <span style=\"width:100%\">Pol\u00edtica de fotograf\u00eda y v\u00eddeo<\/span>                <span class=\"elementor-accordion-icon elementor-accordion-icon-right\" aria-hidden=\"true\"><i class=\"elementor-accordion-icon-closed fa fa-arrow-circle-down\"><\/i><i class=\"elementor-accordion-icon-opened fa fa-arrow-circle-up\"><\/i><\/span>            <\/div>\n\n                        <div id=\"elementor-tab-content-3935\" class=\"elementor-tab-content elementor-clearfix plus-accordion-content 0\" data-tab=\"5\" role=\"tabpanel\" aria-labelledby=\"elementor-tab-title-3935\">\n                <div class=\"plus-content-editor\" ><div><div><span style=\"color: #000000;\">En este acto se realizar\u00e1n fotograf\u00edas y grabaciones de v\u00eddeo. Al entrar en este recinto, da su consentimiento para que se utilice su imagen en materiales promocionales y redes sociales.<\/span><\/div><div><span style=\"color: #000000;\">Las fotos tomadas por fot\u00f3grafos autorizados podr\u00e1n utilizarse con fines promocionales y de marketing, entre otros: folletos del evento, sitios web, redes sociales, comunicados de prensa y otros medios de comunicaci\u00f3n.<\/span><\/div><div><span style=\"color: #000000;\">Los asistentes pueden hacer fotos personales para su uso personal, pero deben respetar la intimidad de los dem\u00e1s y seguir las directrices sobre zonas o temas restringidos.<\/span><\/div><div><span style=\"color: #000000;\">Est\u00e1 prohibido fotografiar en zonas en las que se espera privacidad, como aseos, instalaciones m\u00e9dicas o cualquier espacio privado.<\/span><\/div><\/div><\/div>\n            <\/div>\n                    <\/div>\n                <div class=\"theplus-accordion-item\"  role=\"tab\">\n            <div id=\"elementor-tab-title-3936\" class=\"elementor-tab-title plus-accordion-header 0 text-left\" data-tab=\"6\" aria-controls=\"elementor-tab-content-3936\">\n                                \n                <span style=\"width:100%\">Alquiler de scooters y sillas de ruedas<\/span>                <span class=\"elementor-accordion-icon elementor-accordion-icon-right\" aria-hidden=\"true\"><i class=\"elementor-accordion-icon-closed fa fa-arrow-circle-down\"><\/i><i class=\"elementor-accordion-icon-opened fa fa-arrow-circle-up\"><\/i><\/span>            <\/div>\n\n                        <div id=\"elementor-tab-content-3936\" class=\"elementor-tab-content elementor-clearfix plus-accordion-content 0\" data-tab=\"6\" role=\"tabpanel\" aria-labelledby=\"elementor-tab-title-3936\">\n                <div class=\"plus-content-editor\" ><p><span style=\"color: #000000;\">El alquiler de scooters y sillas de ruedas se ofrece en funci\u00f3n de cada evento. P\u00f3ngase en contacto con los coordinadores de cada evento para conocer la disponibilidad.<\/span><\/p><\/div>\n            <\/div>\n                    <\/div>\n        \n<\/div>\n\t\t\t\t<\/div>\n\t\t\t\t<\/div>\n\t\t\t\t\t<\/div>\n\t\t<\/div>\n\t\t\t\t\t<\/div>\n\t\t<\/section>\n\t\t\t\t<\/div>","protected":false},"excerpt":{"rendered":"<p>CONOZCA ANTES DE IR \u00a1Bienvenido al Recinto Ferial del Condado de Ventura! Con el fin de proporcionar un ambiente seguro y agradable para todos los clientes le pedimos su cooperaci\u00f3n en el cumplimiento...<\/p>","protected":false},"author":1,"featured_media":7102,"parent":0,"menu_order":0,"comment_status":"closed","ping_status":"closed","template":"","meta":{"footnotes":""},"class_list":["post-15552","page","type-page","status-publish","has-post-thumbnail","hentry","have-post-thumb"],"yoast_head":"<!-- This site is optimized with the Yoast SEO Premium plugin v27.2 (Yoast SEO v27.2) - https:\/\/yoast.com\/product\/yoast-seo-premium-wordpress\/ -->\n<title>Policies - Ventura County Fairgrounds<\/title>\n<meta name=\"robots\" content=\"index, follow, max-snippet:-1, max-image-preview:large, max-video-preview:-1\" \/>\n<link rel=\"canonical\" href=\"https:\/\/venturacountyfair.org\/es\/policies\/\" \/>\n<meta property=\"og:locale\" content=\"es_MX\" \/>\n<meta property=\"og:type\" content=\"article\" \/>\n<meta property=\"og:title\" content=\"Policies\" \/>\n<meta property=\"og:description\" content=\"KNOW BEFORE YOU GO Welcome to the Ventura County Fairgrounds! In order to provide a safe, secure, and pleasant environment for all patrons we ask for your cooperation in complying...\" \/>\n<meta property=\"og:url\" content=\"https:\/\/venturacountyfair.org\/es\/policies\/\" \/>\n<meta property=\"og:site_name\" content=\"Ventura County Fairgrounds\" \/>\n<meta property=\"article:modified_time\" content=\"2025-09-02T18:32:43+00:00\" \/>\n<meta property=\"og:image\" content=\"https:\/\/venturacountyfair.org\/wp-content\/uploads\/2024\/02\/DSC05887-scaled.jpg\" \/>\n\t<meta property=\"og:image:width\" content=\"1707\" \/>\n\t<meta property=\"og:image:height\" content=\"2560\" \/>\n\t<meta property=\"og:image:type\" content=\"image\/jpeg\" \/>\n<meta name=\"twitter:card\" content=\"summary_large_image\" \/>\n<meta name=\"twitter:label1\" content=\"Tiempo de lectura\" \/>\n\t<meta name=\"twitter:data1\" content=\"4 minutos\" \/>\n<script type=\"application\/ld+json\" class=\"yoast-schema-graph\">{\"@context\":\"https:\/\/schema.org\",\"@graph\":[{\"@type\":\"WebPage\",\"@id\":\"https:\/\/venturacountyfair.org\/policies\/\",\"url\":\"https:\/\/venturacountyfair.org\/policies\/\",\"name\":\"Policies - Ventura County Fairgrounds\",\"isPartOf\":{\"@id\":\"https:\/\/venturacountyfair.org\/#website\"},\"primaryImageOfPage\":{\"@id\":\"https:\/\/venturacountyfair.org\/policies\/#primaryimage\"},\"image\":{\"@id\":\"https:\/\/venturacountyfair.org\/policies\/#primaryimage\"},\"thumbnailUrl\":\"https:\/\/venturacountyfair.org\/wp-content\/uploads\/2024\/02\/DSC05887-scaled.jpg\",\"datePublished\":\"2024-09-12T18:00:33+00:00\",\"dateModified\":\"2025-09-02T18:32:43+00:00\",\"breadcrumb\":{\"@id\":\"https:\/\/venturacountyfair.org\/policies\/#breadcrumb\"},\"inLanguage\":\"es\",\"potentialAction\":[{\"@type\":\"ReadAction\",\"target\":[\"https:\/\/venturacountyfair.org\/policies\/\"]}]},{\"@type\":\"ImageObject\",\"inLanguage\":\"es\",\"@id\":\"https:\/\/venturacountyfair.org\/policies\/#primaryimage\",\"url\":\"https:\/\/venturacountyfair.org\/wp-content\/uploads\/2024\/02\/DSC05887-scaled.jpg\",\"contentUrl\":\"https:\/\/venturacountyfair.org\/wp-content\/uploads\/2024\/02\/DSC05887-scaled.jpg\",\"width\":1707,\"height\":2560},{\"@type\":\"BreadcrumbList\",\"@id\":\"https:\/\/venturacountyfair.org\/policies\/#breadcrumb\",\"itemListElement\":[{\"@type\":\"ListItem\",\"position\":1,\"name\":\"Home\",\"item\":\"https:\/\/venturacountyfair.org\/\"},{\"@type\":\"ListItem\",\"position\":2,\"name\":\"Policies\"}]},{\"@type\":\"WebSite\",\"@id\":\"https:\/\/venturacountyfair.org\/#website\",\"url\":\"https:\/\/venturacountyfair.org\/\",\"name\":\"Ventura County Fairgrounds\",\"description\":\"\",\"publisher\":{\"@id\":\"https:\/\/venturacountyfair.org\/#organization\"},\"potentialAction\":[{\"@type\":\"SearchAction\",\"target\":{\"@type\":\"EntryPoint\",\"urlTemplate\":\"https:\/\/venturacountyfair.org\/?s={search_term_string}\"},\"query-input\":{\"@type\":\"PropertyValueSpecification\",\"valueRequired\":true,\"valueName\":\"search_term_string\"}}],\"inLanguage\":\"es\"},{\"@type\":\"Organization\",\"@id\":\"https:\/\/venturacountyfair.org\/#organization\",\"name\":\"Ventura County Fairgrounds\",\"url\":\"https:\/\/venturacountyfair.org\/\",\"logo\":{\"@type\":\"ImageObject\",\"inLanguage\":\"es\",\"@id\":\"https:\/\/venturacountyfair.org\/#\/schema\/logo\/image\/\",\"url\":\"https:\/\/venturacountyfair.org\/wp-content\/uploads\/2024\/01\/cropped-cropped-favbase.png\",\"contentUrl\":\"https:\/\/venturacountyfair.org\/wp-content\/uploads\/2024\/01\/cropped-cropped-favbase.png\",\"width\":512,\"height\":512,\"caption\":\"Ventura County Fairgrounds\"},\"image\":{\"@id\":\"https:\/\/venturacountyfair.org\/#\/schema\/logo\/image\/\"}}]}<\/script>\n<!-- \/ Yoast SEO Premium plugin. -->","yoast_head_json":{"title":"Pol\u00edticas - Recinto Ferial del Condado de Ventura","robots":{"index":"index","follow":"follow","max-snippet":"max-snippet:-1","max-image-preview":"max-image-preview:large","max-video-preview":"max-video-preview:-1"},"canonical":"https:\/\/venturacountyfair.org\/es\/policies\/","og_locale":"es_MX","og_type":"article","og_title":"Policies","og_description":"KNOW BEFORE YOU GO Welcome to the Ventura County Fairgrounds! In order to provide a safe, secure, and pleasant environment for all patrons we ask for your cooperation in complying...","og_url":"https:\/\/venturacountyfair.org\/es\/policies\/","og_site_name":"Ventura County Fairgrounds","article_modified_time":"2025-09-02T18:32:43+00:00","og_image":[{"width":1707,"height":2560,"url":"https:\/\/venturacountyfair.org\/wp-content\/uploads\/2024\/02\/DSC05887-scaled.jpg","type":"image\/jpeg"}],"twitter_card":"summary_large_image","twitter_misc":{"Tiempo de lectura":"4 minutos"},"schema":{"@context":"https:\/\/schema.org","@graph":[{"@type":"WebPage","@id":"https:\/\/venturacountyfair.org\/policies\/","url":"https:\/\/venturacountyfair.org\/policies\/","name":"Pol\u00edticas - Recinto Ferial del Condado de Ventura","isPartOf":{"@id":"https:\/\/venturacountyfair.org\/#website"},"primaryImageOfPage":{"@id":"https:\/\/venturacountyfair.org\/policies\/#primaryimage"},"image":{"@id":"https:\/\/venturacountyfair.org\/policies\/#primaryimage"},"thumbnailUrl":"https:\/\/venturacountyfair.org\/wp-content\/uploads\/2024\/02\/DSC05887-scaled.jpg","datePublished":"2024-09-12T18:00:33+00:00","dateModified":"2025-09-02T18:32:43+00:00","breadcrumb":{"@id":"https:\/\/venturacountyfair.org\/policies\/#breadcrumb"},"inLanguage":"es","potentialAction":[{"@type":"ReadAction","target":["https:\/\/venturacountyfair.org\/policies\/"]}]},{"@type":"ImageObject","inLanguage":"es","@id":"https:\/\/venturacountyfair.org\/policies\/#primaryimage","url":"https:\/\/venturacountyfair.org\/wp-content\/uploads\/2024\/02\/DSC05887-scaled.jpg","contentUrl":"https:\/\/venturacountyfair.org\/wp-content\/uploads\/2024\/02\/DSC05887-scaled.jpg","width":1707,"height":2560},{"@type":"BreadcrumbList","@id":"https:\/\/venturacountyfair.org\/policies\/#breadcrumb","itemListElement":[{"@type":"ListItem","position":1,"name":"Home","item":"https:\/\/venturacountyfair.org\/"},{"@type":"ListItem","position":2,"name":"Policies"}]},{"@type":"WebSite","@id":"https:\/\/venturacountyfair.org\/#website","url":"https:\/\/venturacountyfair.org\/","name":"Recinto Ferial del Condado de Ventura","description":"","publisher":{"@id":"https:\/\/venturacountyfair.org\/#organization"},"potentialAction":[{"@type":"SearchAction","target":{"@type":"EntryPoint","urlTemplate":"https:\/\/venturacountyfair.org\/?s={search_term_string}"},"query-input":{"@type":"PropertyValueSpecification","valueRequired":true,"valueName":"search_term_string"}}],"inLanguage":"es"},{"@type":"Organization","@id":"https:\/\/venturacountyfair.org\/#organization","name":"Recinto Ferial del Condado de Ventura","url":"https:\/\/venturacountyfair.org\/","logo":{"@type":"ImageObject","inLanguage":"es","@id":"https:\/\/venturacountyfair.org\/#\/schema\/logo\/image\/","url":"https:\/\/venturacountyfair.org\/wp-content\/uploads\/2024\/01\/cropped-cropped-favbase.png","contentUrl":"https:\/\/venturacountyfair.org\/wp-content\/uploads\/2024\/01\/cropped-cropped-favbase.png","width":512,"height":512,"caption":"Ventura County Fairgrounds"},"image":{"@id":"https:\/\/venturacountyfair.org\/#\/schema\/logo\/image\/"}}]}},"_links":{"self":[{"href":"https:\/\/venturacountyfair.org\/es\/wp-json\/wp\/v2\/pages\/15552","targetHints":{"allow":["GET"]}}],"collection":[{"href":"https:\/\/venturacountyfair.org\/es\/wp-json\/wp\/v2\/pages"}],"about":[{"href":"https:\/\/venturacountyfair.org\/es\/wp-json\/wp\/v2\/types\/page"}],"author":[{"embeddable":true,"href":"https:\/\/venturacountyfair.org\/es\/wp-json\/wp\/v2\/users\/1"}],"replies":[{"embeddable":true,"href":"https:\/\/venturacountyfair.org\/es\/wp-json\/wp\/v2\/comments?post=15552"}],"version-history":[{"count":10,"href":"https:\/\/venturacountyfair.org\/es\/wp-json\/wp\/v2\/pages\/15552\/revisions"}],"predecessor-version":[{"id":20922,"href":"https:\/\/venturacountyfair.org\/es\/wp-json\/wp\/v2\/pages\/15552\/revisions\/20922"}],"wp:featuredmedia":[{"embeddable":true,"href":"https:\/\/venturacountyfair.org\/es\/wp-json\/wp\/v2\/media\/7102"}],"wp:attachment":[{"href":"https:\/\/venturacountyfair.org\/es\/wp-json\/wp\/v2\/media?parent=15552"}],"curies":[{"name":"wp","href":"https:\/\/api.w.org\/{rel}","templated":true}]}}