{"id":16507,"date":"2025-03-03T10:24:41","date_gmt":"2025-03-03T18:24:41","guid":{"rendered":"https:\/\/venturacountyfair.org\/?page_id=16507"},"modified":"2025-03-03T11:59:07","modified_gmt":"2025-03-03T19:59:07","slug":"donate","status":"publish","type":"page","link":"https:\/\/venturacountyfair.org\/es\/foundation\/donate\/","title":{"rendered":"Donar"},"content":{"rendered":"\t\t<div data-elementor-type=\"wp-page\" data-elementor-id=\"16507\" class=\"elementor elementor-16507\" data-elementor-post-type=\"page\">\n\t\t\t\t<div class=\"elementor-element elementor-element-f6869b8 e-con-full e-flex e-con e-parent\" data-id=\"f6869b8\" data-element_type=\"container\" data-e-type=\"container\">\n\t\t\t\t<div class=\"elementor-element elementor-element-078340d elementor-widget elementor-widget-template\" data-id=\"078340d\" data-element_type=\"widget\" data-e-type=\"widget\" data-widget_type=\"template.default\">\n\t\t\t\t<div class=\"elementor-widget-container\">\n\t\t\t\t\t\t\t<div class=\"elementor-template\">\n\t\t\t\t\t<header data-elementor-type=\"header\" data-elementor-id=\"16542\" class=\"elementor elementor-16542\" data-elementor-post-type=\"elementor_library\">\n\t\t\t<header class=\"elementor-element elementor-element-498ad6a8 e-con-full e-flex e-con e-parent\" data-id=\"498ad6a8\" data-element_type=\"container\" data-e-type=\"container\" data-settings=\"{&quot;background_background&quot;:&quot;classic&quot;}\">\n\t\t<div class=\"elementor-element elementor-element-53b58967 e-con-full e-flex e-con e-child\" data-id=\"53b58967\" data-element_type=\"container\" data-e-type=\"container\">\n\t\t\t\t<div class=\"elementor-element elementor-element-52213f61 elementor-widget elementor-widget-image\" data-id=\"52213f61\" data-element_type=\"widget\" data-e-type=\"widget\" data-widget_type=\"image.default\">\n\t\t\t\t<div class=\"elementor-widget-container\">\n\t\t\t\t\t\t\t\t\t\t\t\t\t\t\t\t<a href=\"https:\/\/venturacountyfair.org\/es\">\n\t\t\t\t\t\t\t<img fetchpriority=\"high\" decoding=\"async\" width=\"845\" height=\"778\" src=\"https:\/\/venturacountyfair.org\/wp-content\/uploads\/2022\/01\/Foundation-Logo-1-copy.png\" class=\"attachment-full size-full wp-image-16536\" alt=\"\" srcset=\"https:\/\/venturacountyfair.org\/wp-content\/uploads\/2022\/01\/Foundation-Logo-1-copy.png 845w, https:\/\/venturacountyfair.org\/wp-content\/uploads\/2022\/01\/Foundation-Logo-1-copy-652x600.png 652w, https:\/\/venturacountyfair.org\/wp-content\/uploads\/2022\/01\/Foundation-Logo-1-copy-768x707.png 768w, https:\/\/venturacountyfair.org\/wp-content\/uploads\/2022\/01\/Foundation-Logo-1-copy-13x12.png 13w, https:\/\/venturacountyfair.org\/wp-content\/uploads\/2022\/01\/Foundation-Logo-1-copy-489x450.png 489w\" sizes=\"(max-width: 845px) 100vw, 845px\" \/>\t\t\t\t\t\t\t\t<\/a>\n\t\t\t\t\t\t\t\t\t\t\t\t\t\t\t<\/div>\n\t\t\t\t<\/div>\n\t\t\t\t<\/div>\n\t\t<div class=\"elementor-element elementor-element-2660a2ff e-con-full e-flex e-con e-child\" data-id=\"2660a2ff\" data-element_type=\"container\" data-e-type=\"container\">\n\t\t\t\t<div class=\"elementor-element elementor-element-70766bd elementor-nav-menu--stretch elementor-widget__width-auto elementor-nav-menu__text-align-center elementor-nav-menu--dropdown-tablet elementor-nav-menu--toggle elementor-nav-menu--burger elementor-widget elementor-widget-nav-menu\" data-id=\"70766bd\" data-element_type=\"widget\" data-e-type=\"widget\" data-settings=\"{&quot;full_width&quot;:&quot;stretch&quot;,&quot;layout&quot;:&quot;horizontal&quot;,&quot;submenu_icon&quot;:{&quot;value&quot;:&quot;&lt;i class=\\&quot;fas fa-caret-down\\&quot; aria-hidden=\\&quot;true\\&quot;&gt;&lt;\\\/i&gt;&quot;,&quot;library&quot;:&quot;fa-solid&quot;},&quot;toggle&quot;:&quot;burger&quot;}\" data-widget_type=\"nav-menu.default\">\n\t\t\t\t<div class=\"elementor-widget-container\">\n\t\t\t\t\t\t\t\t<nav aria-label=\"Menu\" class=\"elementor-nav-menu--main elementor-nav-menu__container elementor-nav-menu--layout-horizontal e--pointer-background e--animation-sweep-right\">\n\t\t\t\t<ul id=\"menu-1-70766bd\" class=\"elementor-nav-menu\"><li class=\"menu-item menu-item-type-post_type menu-item-object-page menu-item-16539\"><a href=\"https:\/\/venturacountyfair.org\/es\/foundation\/\" class=\"elementor-item\">Foundation<\/a><\/li>\n<li class=\"menu-item menu-item-type-post_type menu-item-object-page menu-item-16590\"><a href=\"https:\/\/venturacountyfair.org\/es\/foundation\/brick-campaign\/\" class=\"elementor-item\">Brick Campaign<\/a><\/li>\n<li class=\"menu-item menu-item-type-custom menu-item-object-custom menu-item-16591\"><a href=\"\/\" class=\"elementor-item\">Ventura County Fair<\/a><\/li>\n<\/ul>\t\t\t<\/nav>\n\t\t\t\t\t<div class=\"elementor-menu-toggle\" role=\"button\" tabindex=\"0\" aria-label=\"Menu Toggle\" aria-expanded=\"false\">\n\t\t\t<i aria-hidden=\"true\" role=\"presentation\" class=\"elementor-menu-toggle__icon--open eicon-menu-bar\"><\/i><i aria-hidden=\"true\" role=\"presentation\" class=\"elementor-menu-toggle__icon--close eicon-close\"><\/i>\t\t<\/div>\n\t\t\t\t\t<nav class=\"elementor-nav-menu--dropdown elementor-nav-menu__container\" aria-hidden=\"true\">\n\t\t\t\t<ul id=\"menu-2-70766bd\" class=\"elementor-nav-menu\"><li class=\"menu-item menu-item-type-post_type menu-item-object-page menu-item-16539\"><a href=\"https:\/\/venturacountyfair.org\/es\/foundation\/\" class=\"elementor-item\" tabindex=\"-1\">Foundation<\/a><\/li>\n<li class=\"menu-item menu-item-type-post_type menu-item-object-page menu-item-16590\"><a href=\"https:\/\/venturacountyfair.org\/es\/foundation\/brick-campaign\/\" class=\"elementor-item\" tabindex=\"-1\">Brick Campaign<\/a><\/li>\n<li class=\"menu-item menu-item-type-custom menu-item-object-custom menu-item-16591\"><a href=\"\/\" class=\"elementor-item\" tabindex=\"-1\">Ventura County Fair<\/a><\/li>\n<\/ul>\t\t\t<\/nav>\n\t\t\t\t\t\t<\/div>\n\t\t\t\t<\/div>\n\t\t\t\t<div class=\"elementor-element elementor-element-60df1732 elementor-widget__width-auto elementor-widget elementor-widget-button\" data-id=\"60df1732\" data-element_type=\"widget\" data-e-type=\"widget\" data-widget_type=\"button.default\">\n\t\t\t\t<div class=\"elementor-widget-container\">\n\t\t\t\t\t\t\t\t\t<div class=\"elementor-button-wrapper\">\n\t\t\t\t\t<a class=\"elementor-button elementor-button-link elementor-size-sm\" href=\"https:\/\/venturacountyfair.org\/foundation\/donate\/\">\n\t\t\t\t\t\t<span class=\"elementor-button-content-wrapper\">\n\t\t\t\t\t\t\t\t\t<span class=\"elementor-button-text\">Make Donation<\/span>\n\t\t\t\t\t<\/span>\n\t\t\t\t\t<\/a>\n\t\t\t\t<\/div>\n\t\t\t\t\t\t\t\t<\/div>\n\t\t\t\t<\/div>\n\t\t\t\t<\/div>\n\t\t\t\t<\/header>\n\t\t\t\t<\/header>\n\t\t\t\t<\/div>\n\t\t\t\t\t\t<\/div>\n\t\t\t\t<\/div>\n\t\t\t\t<\/div>\n\t\t<div class=\"elementor-element elementor-element-e663b0c e-flex e-con-boxed e-con e-parent\" data-id=\"e663b0c\" data-element_type=\"container\" data-e-type=\"container\">\n\t\t\t\t\t<div class=\"e-con-inner\">\n\t\t\t\t<div class=\"elementor-element elementor-element-8a407fb elementor-widget elementor-widget-formidable\" data-id=\"8a407fb\" data-element_type=\"widget\" data-e-type=\"widget\" data-widget_type=\"formidable.default\">\n\t\t\t\t<div class=\"elementor-widget-container\">\n\t\t\t\t\t<div class=\"frm_forms  with_frm_style frm_center_submit frm_style_formidable-style\" id=\"frm_form_22_container\" data-token=\"b7ebfbba09abe2c8ad220a76bab9482a\">\n<form enctype=\"multipart\/form-data\" method=\"post\" class=\"frm-show-form  frm_ajax_submit  frm_pro_form \" id=\"form_paypal-donation\" data-token=\"b7ebfbba09abe2c8ad220a76bab9482a\">\n<div class=\"frm_form_fields \">\n<fieldset>\n<legend class=\"frm_hidden\">PayPal Donation<\/legend>\r\n\r\n<div class=\"frm_fields_container\">\n<input type=\"hidden\" name=\"frm_action\" value=\"create\" \/>\n<input type=\"hidden\" name=\"form_id\" value=\"22\" \/>\n<input type=\"hidden\" name=\"frm_hide_fields_22\" id=\"frm_hide_fields_22\" value=\"\" \/>\n<input type=\"hidden\" name=\"form_key\" value=\"paypal-donation\" \/>\n<input type=\"hidden\" name=\"item_meta[0]\" value=\"\" \/>\n<input type=\"hidden\" id=\"frm_submit_entry_22\" name=\"frm_submit_entry_22\" value=\"b41d7eb4ea\" \/><input type=\"hidden\" name=\"_wp_http_referer\" value=\"\/es\/wp-json\/wp\/v2\/pages\/16507\" \/><div id=\"frm_field_327_container\" class=\"frm_form_field form-field  frm_required_field frm_top_container frm_first frm_half\">\r\n    <label for=\"field_390o\" class=\"frm_primary_label\">First Name\r\n        <span class=\"frm_required\">*<\/span>\r\n    <\/label>\r\n    <input  type=\"text\" id=\"field_390o\" name=\"item_meta[327]\" value=\"\"  data-reqmsg=\"First Name cannot be blank.\" aria-required=\"true\" data-invmsg=\"First Name is invalid\" aria-invalid=\"false\"   aria-describedby=\"frm_desc_field_390o\" \/>\r\n    <div id=\"frm_desc_field_390o\" class=\"frm_description\">First<\/div>\r\n    \r\n<\/div>\n<div id=\"frm_field_328_container\" class=\"frm_form_field form-field  frm_required_field frm_top_container frm_half\">\r\n    <label for=\"field_37rc0\" class=\"frm_primary_label\">Last\r\n        <span class=\"frm_required\">*<\/span>\r\n    <\/label>\r\n    <input  type=\"text\" id=\"field_37rc0\" name=\"item_meta[328]\" value=\"\"  data-reqmsg=\"Last cannot be blank.\" aria-required=\"true\" data-invmsg=\"Last is invalid\" aria-invalid=\"false\"   aria-describedby=\"frm_desc_field_37rc0\" \/>\r\n    <div id=\"frm_desc_field_37rc0\" class=\"frm_description\">Last<\/div>\r\n    \r\n<\/div>\n<div id=\"frm_field_329_container\" class=\"frm_form_field form-field  frm_required_field frm_top_container frm6 frm_first\">\r\n    <label for=\"field_mq2\" class=\"frm_primary_label\">Email Address\r\n        <span class=\"frm_required\">*<\/span>\r\n    <\/label>\r\n    <input type=\"email\" id=\"field_mq2\" name=\"item_meta[329]\" value=\"\"  data-reqmsg=\"Email Address cannot be blank.\" aria-required=\"true\" data-invmsg=\"Email Address is invalid\" aria-invalid=\"false\"  \/>\r\n    \r\n    \r\n<\/div>\n<div id=\"frm_field_334_container\" class=\"frm_form_field form-field  frm_top_container frm6 vertical_radio\">\r\n\t<div  id=\"field_d4k5l_label\" class=\"frm_primary_label\">Anonymous Donation\r\n\t\t<span class=\"frm_required\" aria-hidden=\"true\"><\/span>\r\n\t<\/div>\r\n\t<div class=\"frm_opt_container\" aria-labelledby=\"field_d4k5l_label\" role=\"group\">\t\t<div class=\"frm_checkbox\" id=\"frm_checkbox_334-0\">\t\t\t<label  for=\"field_d4k5l-0\">\n\t\t\t<input type=\"checkbox\" name=\"item_meta[334][]\" id=\"field_d4k5l-0\" value=\"I wish for my donation to remain anonymous.\"  data-invmsg=\"Anonymous Donation is invalid\"   \/> I wish for my donation to remain anonymous.<\/label><\/div>\n<\/div>\r\n\t\r\n\t\r\n<\/div>\n<div id=\"frm_field_331_container\" class=\"frm_form_field form-field  frm_required_field frm_top_container frm_first vertical_radio frm_display_format_buttons frm_text_align_left\">\r\n    <label  class=\"frm_primary_label\">Donation Amount\r\n        <span class=\"frm_required\">*<\/span>\r\n    <\/label>\r\n    <div class=\"frm_opt_container\">\t\t<div class=\"frm_radio\" id=\"frm_radio_331-1\">\t\t\t<label  for=\"field_zqktj-1\">\n\t\t\t\t\t<input type=\"radio\" name=\"item_meta[331]\" id=\"field_zqktj-1\" value=\"25\"\n\t\t data-reqmsg=\"Donation Amount cannot be blank.\" data-invmsg=\"Donation Amount is invalid\"   \/> <div class=\"frm_label_button_container\">$25 - Pewter<\/div><\/label><\/div>\n\t\t<div class=\"frm_radio\" id=\"frm_radio_331-2\">\t\t\t<label  for=\"field_zqktj-2\">\n\t\t\t\t\t<input type=\"radio\" name=\"item_meta[331]\" id=\"field_zqktj-2\" value=\"50\"\n\t\t data-reqmsg=\"Donation Amount cannot be blank.\" data-invmsg=\"Donation Amount is invalid\"   \/> <div class=\"frm_label_button_container\">$50 - Copper<\/div><\/label><\/div>\n\t\t<div class=\"frm_radio\" id=\"frm_radio_331-3\">\t\t\t<label  for=\"field_zqktj-3\">\n\t\t\t\t\t<input type=\"radio\" name=\"item_meta[331]\" id=\"field_zqktj-3\" value=\"100\"\n\t\t data-reqmsg=\"Donation Amount cannot be blank.\" data-invmsg=\"Donation Amount is invalid\"   \/> <div class=\"frm_label_button_container\">$100 - Bronze<\/div><\/label><\/div>\n\t\t<div class=\"frm_radio\" id=\"frm_radio_331-4\">\t\t\t<label  for=\"field_zqktj-4\">\n\t\t\t\t\t<input type=\"radio\" name=\"item_meta[331]\" id=\"field_zqktj-4\" value=\"250\"\n\t\t data-reqmsg=\"Donation Amount cannot be blank.\" data-invmsg=\"Donation Amount is invalid\"   \/> <div class=\"frm_label_button_container\">$250 - Titanium<\/div><\/label><\/div>\n\t\t<div class=\"frm_radio\" id=\"frm_radio_331-5\">\t\t\t<label  for=\"field_zqktj-5\">\n\t\t\t\t\t<input type=\"radio\" name=\"item_meta[331]\" id=\"field_zqktj-5\" value=\"500\"\n\t\t data-reqmsg=\"Donation Amount cannot be blank.\" data-invmsg=\"Donation Amount is invalid\"   \/> <div class=\"frm_label_button_container\">$500 - Silver<\/div><\/label><\/div>\n\t\t<div class=\"frm_radio\" id=\"frm_radio_331-6\">\t\t\t<label  for=\"field_zqktj-6\">\n\t\t\t\t\t<input type=\"radio\" name=\"item_meta[331]\" id=\"field_zqktj-6\" value=\"1000\"\n\t\t data-reqmsg=\"Donation Amount cannot be blank.\" data-invmsg=\"Donation Amount is invalid\"   \/> <div class=\"frm_label_button_container\">$1,000 - Gold<\/div><\/label><\/div>\n\t\t<div class=\"frm_radio\" id=\"frm_radio_331-7\">\t\t\t<label  for=\"field_zqktj-7\">\n\t\t\t\t\t<input type=\"radio\" name=\"item_meta[331]\" id=\"field_zqktj-7\" value=\"5000\"\n\t\t data-reqmsg=\"Donation Amount cannot be blank.\" data-invmsg=\"Donation Amount is invalid\"   \/> <div class=\"frm_label_button_container\">$5,000 - Platinum<\/div><\/label><\/div>\n\t\t<div class=\"frm_radio\" id=\"frm_radio_331-8\">\t\t\t<label  for=\"field_zqktj-8\">\n\t\t\t\t\t<input type=\"radio\" name=\"item_meta[331]\" id=\"field_zqktj-8\" value=\"10000\"\n\t\t data-reqmsg=\"Donation Amount cannot be blank.\" data-invmsg=\"Donation Amount is invalid\"   \/> <div class=\"frm_label_button_container\">$10,000 - Diamond<\/div><\/label><\/div>\n<\/div>\r\n    \r\n    \r\n<\/div>\n<div id=\"frm_field_332_container\" class=\"frm_form_field form-field  frm_top_container frm_first frm_full\">\r\n    <label for=\"field_3f5hv\" class=\"frm_primary_label\">Donation Comments\r\n        <span class=\"frm_required\"><\/span>\r\n    <\/label>\r\n    <textarea name=\"item_meta[332]\" id=\"field_3f5hv\" rows=\"5\"  data-invmsg=\"Donation Comments is invalid\" aria-invalid=\"false\"  ><\/textarea>\r\n    \r\n    \r\n<\/div>\n\t\t<input  type=\"hidden\" name=\"item_meta[337]\" id=\"field_b8j8s\" value=\"\"     \/>\n\t\t<div id=\"frm_field_333_container\" class=\"frm_form_field form-field \">\r\n\t<div class=\"frm_submit\">\r\n\r\n<button class=\"frm_button_submit frm_final_submit\" type=\"submit\"   formnovalidate=\"formnovalidate\">Donate<\/button>\r\n\r\n<\/div>\r\n<\/div>\n\t<input type=\"hidden\" name=\"item_key\" value=\"\" \/>\n\t\t\t<div id=\"frm_field_432_container\">\n\t\t\t<label for=\"field_yo8d4\" >\n\t\t\t\tIf you are human, leave this field blank.\t\t\t<\/label>\n\t\t\t<input  id=\"field_yo8d4\" type=\"text\" class=\"frm_form_field form-field frm_verify\" name=\"item_meta[432]\" value=\"\"  \/>\n\t\t<\/div>\n\t\t<input name=\"frm_state\" type=\"hidden\" value=\"WSOttwrqIswGGdVlN0OP3TXBLpvYKI1WBiZgNwzs6+Fjt9RJj2Ja91HPg4xbuXfY\" \/><\/div>\n<\/fieldset>\n<\/div>\n\n<\/form>\n<\/div>\n\t\t\t\t<\/div>\n\t\t\t\t<\/div>\n\t\t\t\t\t<\/div>\n\t\t\t\t<\/div>\n\t\t\t\t<\/div>\n\t\t","protected":false},"excerpt":{"rendered":"<p>Donaci\u00f3n PayPal Nombre * Apellido * Direcci\u00f3n de correo electr\u00f3nico * Donaci\u00f3n an\u00f3nima Deseo que mi donaci\u00f3n permanezca an\u00f3nima. Importe de la donaci\u00f3n * $1 - Aluminio $25 -...<\/p>","protected":false},"author":1,"featured_media":0,"parent":16356,"menu_order":0,"comment_status":"closed","ping_status":"closed","template":"elementor_canvas","meta":{"footnotes":""},"class_list":["post-16507","page","type-page","status-publish","hentry"],"yoast_head":"<!-- This site is optimized with the Yoast SEO Premium plugin v27.2 (Yoast SEO v27.2) - https:\/\/yoast.com\/product\/yoast-seo-premium-wordpress\/ -->\n<title>Donate - Ventura County Fairgrounds<\/title>\n<meta name=\"robots\" content=\"index, follow, max-snippet:-1, max-image-preview:large, max-video-preview:-1\" \/>\n<link rel=\"canonical\" href=\"https:\/\/venturacountyfair.org\/es\/foundation\/donate\/\" \/>\n<meta property=\"og:locale\" content=\"es_MX\" \/>\n<meta property=\"og:type\" content=\"article\" \/>\n<meta property=\"og:title\" content=\"Donate\" \/>\n<meta property=\"og:description\" content=\"PayPal Donation First Name * First Last * Last Email Address * Anonymous Donation I wish for my donation to remain anonymous. Donation Amount * $1 &#8211; Aluminum $25 &#8211;...\" \/>\n<meta property=\"og:url\" content=\"https:\/\/venturacountyfair.org\/es\/foundation\/donate\/\" \/>\n<meta property=\"og:site_name\" content=\"Ventura County Fairgrounds\" \/>\n<meta property=\"article:modified_time\" content=\"2025-03-03T19:59:07+00:00\" \/>\n<meta name=\"twitter:card\" content=\"summary_large_image\" \/>\n<meta name=\"twitter:label1\" content=\"Tiempo de lectura\" \/>\n\t<meta name=\"twitter:data1\" content=\"1 minuto\" \/>\n<script type=\"application\/ld+json\" class=\"yoast-schema-graph\">{\"@context\":\"https:\/\/schema.org\",\"@graph\":[{\"@type\":\"WebPage\",\"@id\":\"https:\/\/venturacountyfair.org\/foundation\/donate\/\",\"url\":\"https:\/\/venturacountyfair.org\/foundation\/donate\/\",\"name\":\"Donate - Ventura County Fairgrounds\",\"isPartOf\":{\"@id\":\"https:\/\/venturacountyfair.org\/#website\"},\"datePublished\":\"2025-03-03T18:24:41+00:00\",\"dateModified\":\"2025-03-03T19:59:07+00:00\",\"breadcrumb\":{\"@id\":\"https:\/\/venturacountyfair.org\/foundation\/donate\/#breadcrumb\"},\"inLanguage\":\"es\",\"potentialAction\":[{\"@type\":\"ReadAction\",\"target\":[\"https:\/\/venturacountyfair.org\/foundation\/donate\/\"]}]},{\"@type\":\"BreadcrumbList\",\"@id\":\"https:\/\/venturacountyfair.org\/foundation\/donate\/#breadcrumb\",\"itemListElement\":[{\"@type\":\"ListItem\",\"position\":1,\"name\":\"Home\",\"item\":\"https:\/\/venturacountyfair.org\/\"},{\"@type\":\"ListItem\",\"position\":2,\"name\":\"Foundation\",\"item\":\"https:\/\/venturacountyfair.org\/foundation\/\"},{\"@type\":\"ListItem\",\"position\":3,\"name\":\"Donate\"}]},{\"@type\":\"WebSite\",\"@id\":\"https:\/\/venturacountyfair.org\/#website\",\"url\":\"https:\/\/venturacountyfair.org\/\",\"name\":\"Ventura County Fairgrounds\",\"description\":\"\",\"publisher\":{\"@id\":\"https:\/\/venturacountyfair.org\/#organization\"},\"potentialAction\":[{\"@type\":\"SearchAction\",\"target\":{\"@type\":\"EntryPoint\",\"urlTemplate\":\"https:\/\/venturacountyfair.org\/?s={search_term_string}\"},\"query-input\":{\"@type\":\"PropertyValueSpecification\",\"valueRequired\":true,\"valueName\":\"search_term_string\"}}],\"inLanguage\":\"es\"},{\"@type\":\"Organization\",\"@id\":\"https:\/\/venturacountyfair.org\/#organization\",\"name\":\"Ventura County Fairgrounds\",\"url\":\"https:\/\/venturacountyfair.org\/\",\"logo\":{\"@type\":\"ImageObject\",\"inLanguage\":\"es\",\"@id\":\"https:\/\/venturacountyfair.org\/#\/schema\/logo\/image\/\",\"url\":\"https:\/\/venturacountyfair.org\/wp-content\/uploads\/2024\/01\/cropped-cropped-favbase.png\",\"contentUrl\":\"https:\/\/venturacountyfair.org\/wp-content\/uploads\/2024\/01\/cropped-cropped-favbase.png\",\"width\":512,\"height\":512,\"caption\":\"Ventura County Fairgrounds\"},\"image\":{\"@id\":\"https:\/\/venturacountyfair.org\/#\/schema\/logo\/image\/\"}}]}<\/script>\n<!-- \/ Yoast SEO Premium plugin. -->","yoast_head_json":{"title":"Donaciones - Recinto Ferial del Condado de Ventura","robots":{"index":"index","follow":"follow","max-snippet":"max-snippet:-1","max-image-preview":"max-image-preview:large","max-video-preview":"max-video-preview:-1"},"canonical":"https:\/\/venturacountyfair.org\/es\/foundation\/donate\/","og_locale":"es_MX","og_type":"article","og_title":"Donate","og_description":"PayPal Donation First Name * First Last * Last Email Address * Anonymous Donation I wish for my donation to remain anonymous. Donation Amount * $1 &#8211; Aluminum $25 &#8211;...","og_url":"https:\/\/venturacountyfair.org\/es\/foundation\/donate\/","og_site_name":"Ventura County Fairgrounds","article_modified_time":"2025-03-03T19:59:07+00:00","twitter_card":"summary_large_image","twitter_misc":{"Tiempo de lectura":"1 minuto"},"schema":{"@context":"https:\/\/schema.org","@graph":[{"@type":"WebPage","@id":"https:\/\/venturacountyfair.org\/foundation\/donate\/","url":"https:\/\/venturacountyfair.org\/foundation\/donate\/","name":"Donaciones - Recinto Ferial del Condado de Ventura","isPartOf":{"@id":"https:\/\/venturacountyfair.org\/#website"},"datePublished":"2025-03-03T18:24:41+00:00","dateModified":"2025-03-03T19:59:07+00:00","breadcrumb":{"@id":"https:\/\/venturacountyfair.org\/foundation\/donate\/#breadcrumb"},"inLanguage":"es","potentialAction":[{"@type":"ReadAction","target":["https:\/\/venturacountyfair.org\/foundation\/donate\/"]}]},{"@type":"BreadcrumbList","@id":"https:\/\/venturacountyfair.org\/foundation\/donate\/#breadcrumb","itemListElement":[{"@type":"ListItem","position":1,"name":"Home","item":"https:\/\/venturacountyfair.org\/"},{"@type":"ListItem","position":2,"name":"Foundation","item":"https:\/\/venturacountyfair.org\/foundation\/"},{"@type":"ListItem","position":3,"name":"Donate"}]},{"@type":"WebSite","@id":"https:\/\/venturacountyfair.org\/#website","url":"https:\/\/venturacountyfair.org\/","name":"Recinto Ferial del Condado de Ventura","description":"","publisher":{"@id":"https:\/\/venturacountyfair.org\/#organization"},"potentialAction":[{"@type":"SearchAction","target":{"@type":"EntryPoint","urlTemplate":"https:\/\/venturacountyfair.org\/?s={search_term_string}"},"query-input":{"@type":"PropertyValueSpecification","valueRequired":true,"valueName":"search_term_string"}}],"inLanguage":"es"},{"@type":"Organization","@id":"https:\/\/venturacountyfair.org\/#organization","name":"Recinto Ferial del Condado de Ventura","url":"https:\/\/venturacountyfair.org\/","logo":{"@type":"ImageObject","inLanguage":"es","@id":"https:\/\/venturacountyfair.org\/#\/schema\/logo\/image\/","url":"https:\/\/venturacountyfair.org\/wp-content\/uploads\/2024\/01\/cropped-cropped-favbase.png","contentUrl":"https:\/\/venturacountyfair.org\/wp-content\/uploads\/2024\/01\/cropped-cropped-favbase.png","width":512,"height":512,"caption":"Ventura County Fairgrounds"},"image":{"@id":"https:\/\/venturacountyfair.org\/#\/schema\/logo\/image\/"}}]}},"_links":{"self":[{"href":"https:\/\/venturacountyfair.org\/es\/wp-json\/wp\/v2\/pages\/16507","targetHints":{"allow":["GET"]}}],"collection":[{"href":"https:\/\/venturacountyfair.org\/es\/wp-json\/wp\/v2\/pages"}],"about":[{"href":"https:\/\/venturacountyfair.org\/es\/wp-json\/wp\/v2\/types\/page"}],"author":[{"embeddable":true,"href":"https:\/\/venturacountyfair.org\/es\/wp-json\/wp\/v2\/users\/1"}],"replies":[{"embeddable":true,"href":"https:\/\/venturacountyfair.org\/es\/wp-json\/wp\/v2\/comments?post=16507"}],"version-history":[{"count":19,"href":"https:\/\/venturacountyfair.org\/es\/wp-json\/wp\/v2\/pages\/16507\/revisions"}],"predecessor-version":[{"id":16562,"href":"https:\/\/venturacountyfair.org\/es\/wp-json\/wp\/v2\/pages\/16507\/revisions\/16562"}],"up":[{"embeddable":true,"href":"https:\/\/venturacountyfair.org\/es\/wp-json\/wp\/v2\/pages\/16356"}],"wp:attachment":[{"href":"https:\/\/venturacountyfair.org\/es\/wp-json\/wp\/v2\/media?parent=16507"}],"curies":[{"name":"wp","href":"https:\/\/api.w.org\/{rel}","templated":true}]}}