{"id":21330,"date":"2025-10-28T11:38:02","date_gmt":"2025-10-28T18:38:02","guid":{"rendered":"https:\/\/venturacountyfair.org\/?page_id=21330"},"modified":"2025-10-28T12:11:56","modified_gmt":"2025-10-28T19:11:56","slug":"entertainment","status":"publish","type":"page","link":"https:\/\/venturacountyfair.org\/es\/contest\/entertainment\/","title":{"rendered":"Entretenimiento"},"content":{"rendered":"<div data-elementor-type=\"wp-page\" data-elementor-id=\"21330\" class=\"elementor elementor-21330\" data-elementor-post-type=\"page\">\n\t\t\t\t<div class=\"elementor-element elementor-element-14314c8 e-flex e-con-boxed e-con e-parent\" data-id=\"14314c8\" data-element_type=\"container\" data-e-type=\"container\">\n\t\t\t\t\t<div class=\"e-con-inner\">\n\t\t\t\t<div class=\"elementor-element elementor-element-3fd1277 elementor-align-center elementor-widget elementor-widget-rt-title\" data-id=\"3fd1277\" data-element_type=\"widget\" data-e-type=\"widget\" data-widget_type=\"rt-title.default\">\n\t\t\t\t<div class=\"elementor-widget-container\">\n\t\t\t\t\t<div class=\"section-heading style-two\">\n\t    <div class=\"heading-subtitle\">M\u00daSICA Y M\u00c1S<\/div>\n    <h2  class=\"heading-title\"><\/h2>    <h4 style=\"font-weight: 400;\">En 2026 daremos un giro radical con grandes actuaciones y divertidas sorpresas. Este a\u00f1o, puedes IR GRATIS como siempre -o- puedes IR VIP.  No necesitas ninguna entrada adicional para ir GRATIS a los conciertos, solo tu entrada a la Feria.<\/h4>    \t\t<span class=\"line\"><\/span>\n\t<\/div>\t\t\t\t<\/div>\n\t\t\t\t<\/div>\n\t\t\t\t\t<\/div>\n\t\t\t\t<\/div>\n\t\t\t\t<section class=\"elementor-section elementor-top-section elementor-element elementor-element-07b4359 elementor-section-boxed elementor-section-height-default elementor-section-height-default\" data-id=\"07b4359\" data-element_type=\"section\" data-e-type=\"section\">\n\t\t\t\t\t\t<div class=\"elementor-container elementor-column-gap-default\">\n\t\t\t\t\t<div class=\"elementor-column elementor-col-100 elementor-top-column elementor-element elementor-element-90f60ee\" data-id=\"90f60ee\" data-element_type=\"column\" data-e-type=\"column\">\n\t\t\t<div class=\"elementor-widget-wrap elementor-element-populated\">\n\t\t\t\t\t\t<div class=\"elementor-element elementor-element-7aede5d elementor-widget elementor-widget-tp-accordion\" data-id=\"7aede5d\" data-element_type=\"widget\" data-e-type=\"widget\" data-widget_type=\"tp-accordion.default\">\n\t\t\t\t<div class=\"elementor-widget-container\">\n\t\t\t\t\t\n<div class=\"theplus-accordion-wrapper elementor-accordion\"\n    id=\"accordion69e91ed8c6336\" data-accordion-id=\"accordion69e91ed8c6336\"\n    data-connection=\"\"\n    data-accordion-type=\"accordion\"\n    data-heightlight-text role=\"tablist\" >\n\n            <div class=\"theplus-accordion-item\"  role=\"tab\">\n            <div id=\"elementor-tab-title-1281\" class=\"elementor-tab-title plus-accordion-header 0 text-left\" data-tab=\"1\" aria-controls=\"elementor-tab-content-1281\">\n                                \n                <span style=\"width:100%\">Programa completo de la Feria<\/span>                <span class=\"elementor-accordion-icon elementor-accordion-icon-right\" aria-hidden=\"true\"><i class=\"elementor-accordion-icon-closed fa fa-arrow-circle-down\"><\/i><i class=\"elementor-accordion-icon-opened fa fa-arrow-circle-up\"><\/i><\/span>            <\/div>\n\n                        <div id=\"elementor-tab-content-1281\" class=\"elementor-tab-content elementor-clearfix plus-accordion-content 0\" data-tab=\"1\" role=\"tabpanel\" aria-labelledby=\"elementor-tab-title-1281\">\n                <div class=\"plus-content-editor\" ><p><a href=\"https:\/\/venturacountyfair.org\/wp-content\/uploads\/2025\/07\/2025-VCF-Daily-Schedule-Program.pdf\" target=\"_blank\" rel=\"noopener\">Programa de actos de la Feria del Condado de Ventura 2025<\/a><\/p><\/div>\n            <\/div>\n                    <\/div>\n                <div class=\"theplus-accordion-item\"  role=\"tab\">\n            <div id=\"elementor-tab-title-1282\" class=\"elementor-tab-title plus-accordion-header 0 text-left\" data-tab=\"2\" aria-controls=\"elementor-tab-content-1282\">\n                                \n                <span style=\"width:100%\">Ciclo de conciertos en Tribuna<\/span>                <span class=\"elementor-accordion-icon elementor-accordion-icon-right\" aria-hidden=\"true\"><i class=\"elementor-accordion-icon-closed fa fa-arrow-circle-down\"><\/i><i class=\"elementor-accordion-icon-opened fa fa-arrow-circle-up\"><\/i><\/span>            <\/div>\n\n                        <div id=\"elementor-tab-content-1282\" class=\"elementor-tab-content elementor-clearfix plus-accordion-content 0\" data-tab=\"2\" role=\"tabpanel\" aria-labelledby=\"elementor-tab-title-1282\">\n                <div class=\"plus-content-editor\" ><p><strong><span style=\"color: #000000;\">2025 Concert Series Lineup:<\/span><\/strong><\/p><p><span style=\"color: #000000;\"><strong>Mi\u00e9rcoles 30 de julio<\/strong><br \/>Beach Block Party ft. Tone Loc, Ying Yang Twins, Fat Joe y Pepa de Salt-N-Pepa<br \/><\/span><\/p><p><span style=\"color: #000000;\"><strong>Jueves 31 de julio<\/strong><br \/>Diplo<br \/><\/span><\/p><p><span style=\"color: #000000;\"><strong>Viernes 1 de agosto<\/strong><br \/>Cabezas sucias<br \/><\/span><\/p><p><span style=\"color: #000000;\"><strong>S\u00e1bado 2 de agosto<\/strong><br \/>Lee Brice<br \/><\/span><\/p><p><strong style=\"color: #000000;\">Domingo 3 de agosto<\/strong><br \/><span style=\"color: #000000;\">La Maquinaria Norte\u00f1a &amp; La S\u00e9ptima Banda ft. Mi Banda El Mexicano<\/span><\/p><p><span style=\"color: #000000;\"><strong>Lunes 4 de agosto<\/strong><br \/>Flo Rida ft. Bubba Sparxxx<br \/><\/span><\/p><p><span style=\"color: #000000;\"><strong>Martes 5 de agosto<\/strong><br \/>Dylan Scott\u00a0<\/span><span style=\"background-color: transparent;\"><span style=\"color: #000000;\">ft. Cheat Codes<\/span><\/span><span style=\"color: #000000;\"><br \/><\/span><\/p><p><span style=\"color: #000000;\"><strong>Mi\u00e9rcoles 6 de agosto<\/strong><br \/>Scotty McCreery ft. Kruse Brothers<br \/><\/span><\/p><p><strong><span style=\"color: #000000;\">IR GRATIS:\u00a0<\/span><\/strong><br \/><span style=\"color: #000000;\">Los feriantes a\u00fan pueden asistir gratuitamente a los conciertos. Por orden de llegada. Las puertas se abrir\u00e1n antes de cada espect\u00e1culo, a las 16.00 horas.<\/span><\/p><p><strong><span style=\"color: #000000;\">GO VIP:<\/span><\/strong><br \/><span style=\"color: #000000;\">Los asistentes a la feria pueden disfrutar de un concierto VIP. En el estadio hay asientos VIP y zonas para estar de pie. <span style=\"color: #ff48c4;\"><a style=\"color: #ff48c4;\" href=\"https:\/\/tickets.venturacountyfair.org\" target=\"_blank\" rel=\"noopener\">Para ir de VIP, debe comprar un billete adicional.<\/a><\/span><\/span><\/p><p><span style=\"color: #000000;\">Ciclo de conciertos presentado por: <a style=\"color: #000000;\" href=\"https:\/\/www.chumashcasino.com\/\" target=\"_blank\" rel=\"noopener\"><strong>Chumash Casino Resort<\/strong><\/a><br \/>Grandstand Arena Presentado por: <a style=\"color: #000000;\" href=\"https:\/\/www.805beer.com\/\" target=\"_blank\" rel=\"noopener\"><strong>Firestone 805<\/strong><\/a><\/span><\/p><\/div>\n            <\/div>\n                    <\/div>\n                <div class=\"theplus-accordion-item\"  role=\"tab\">\n            <div id=\"elementor-tab-title-1283\" class=\"elementor-tab-title plus-accordion-header 0 text-left\" data-tab=\"3\" aria-controls=\"elementor-tab-content-1283\">\n                                \n                <span style=\"width:100%\">Cartel del ciclo de conciertos<\/span>                <span class=\"elementor-accordion-icon elementor-accordion-icon-right\" aria-hidden=\"true\"><i class=\"elementor-accordion-icon-closed fa fa-arrow-circle-down\"><\/i><i class=\"elementor-accordion-icon-opened fa fa-arrow-circle-up\"><\/i><\/span>            <\/div>\n\n                        <div id=\"elementor-tab-content-1283\" class=\"elementor-tab-content elementor-clearfix plus-accordion-content 0\" data-tab=\"3\" role=\"tabpanel\" aria-labelledby=\"elementor-tab-title-1283\">\n                <div class=\"plus-content-editor\" ><p><img fetchpriority=\"high\" decoding=\"async\" class=\"alignnone wp-image-20585 size-full\" style=\"width: 100%;\" src=\"https:\/\/venturacountyfair.org\/wp-content\/uploads\/2025\/07\/2025-VCF-Entertainment-Poster-1-scaled.jpg\" alt=\"\" width=\"1656\" height=\"2560\" srcset=\"https:\/\/venturacountyfair.org\/wp-content\/uploads\/2025\/07\/2025-VCF-Entertainment-Poster-1-scaled.jpg 1656w, https:\/\/venturacountyfair.org\/wp-content\/uploads\/2025\/07\/2025-VCF-Entertainment-Poster-1-388x600.jpg 388w, https:\/\/venturacountyfair.org\/wp-content\/uploads\/2025\/07\/2025-VCF-Entertainment-Poster-1-663x1024.jpg 663w, https:\/\/venturacountyfair.org\/wp-content\/uploads\/2025\/07\/2025-VCF-Entertainment-Poster-1-768x1187.jpg 768w, https:\/\/venturacountyfair.org\/wp-content\/uploads\/2025\/07\/2025-VCF-Entertainment-Poster-1-994x1536.jpg 994w, https:\/\/venturacountyfair.org\/wp-content\/uploads\/2025\/07\/2025-VCF-Entertainment-Poster-1-1325x2048.jpg 1325w, https:\/\/venturacountyfair.org\/wp-content\/uploads\/2025\/07\/2025-VCF-Entertainment-Poster-1-8x12.jpg 8w, https:\/\/venturacountyfair.org\/wp-content\/uploads\/2025\/07\/2025-VCF-Entertainment-Poster-1-291x450.jpg 291w\" sizes=\"(max-width: 1656px) 100vw, 1656px\" \/><\/p><\/div>\n            <\/div>\n                    <\/div>\n                <div class=\"theplus-accordion-item\"  role=\"tab\">\n            <div id=\"elementor-tab-title-1284\" class=\"elementor-tab-title plus-accordion-header 0 text-left\" data-tab=\"4\" aria-controls=\"elementor-tab-content-1284\">\n                                \n                <span style=\"width:100%\">Etapa de la estaci\u00f3n<\/span>                <span class=\"elementor-accordion-icon elementor-accordion-icon-right\" aria-hidden=\"true\"><i class=\"elementor-accordion-icon-closed fa fa-arrow-circle-down\"><\/i><i class=\"elementor-accordion-icon-opened fa fa-arrow-circle-up\"><\/i><\/span>            <\/div>\n\n                        <div id=\"elementor-tab-content-1284\" class=\"elementor-tab-content elementor-clearfix plus-accordion-content 0\" data-tab=\"4\" role=\"tabpanel\" aria-labelledby=\"elementor-tab-title-1284\">\n                <div class=\"plus-content-editor\" ><p><span style=\"color: #000000;\">2025 Station Stage Lineup:<\/span><\/p><p><span style=\"color: #000000;\">Todos los espect\u00e1culos comienzan a las 21.00 horas<\/span><\/p><p><span style=\"color: #000000;\"><strong>Mi\u00e9rcoles 30 de julio<\/strong><\/span><br \/><span style=\"color: #000000;\">Foreigner Unauthorized - Tributo a Foreigner<\/span><\/p><p><span style=\"color: #000000;\"><strong>Jueves 31 de julio<\/strong><\/span><br \/><span style=\"color: #000000;\">Motley2 - Tributo a Motley Crew<\/span><\/p><p><span style=\"color: #000000;\"><strong>Viernes 1 de agosto<\/strong><\/span><br \/><span style=\"color: #000000;\">Blank Space - Tributo a Taylor Swift<\/span><\/p><p><span style=\"color: #000000;\"><strong>S\u00e1bado 2 de agosto<\/strong><\/span><br \/><span style=\"color: #000000;\">Definitely Dead - Tributo a Grateful Dead<\/span><\/p><p><span style=\"color: #000000;\"><strong>Domingo 3 de agosto<\/strong><\/span><br \/><span style=\"color: #000000;\">Amore Prohibido<\/span><\/p><p><span style=\"color: #000000;\"><strong>Lunes 4 de agosto<\/strong><\/span><br \/><span style=\"color: #000000;\">El mariachi de OutLaw<\/span><\/p><p><span style=\"color: #000000;\"><strong>Martes 5 de agosto<\/strong><\/span><br \/><span style=\"color: #000000;\">Hermanos Kruse<\/span><\/p><p><span style=\"color: #000000;\"><strong>Mi\u00e9rcoles 6 de agosto<\/strong><\/span><br \/><span style=\"color: #000000;\">Bee Gees Fever - Tributo a los Bee Gees<\/span><\/p><p><span style=\"color: #000000;\"><strong>Jueves 7 de agosto<\/strong><\/span><br \/><span style=\"color: #000000;\">El b\u00fafalo blanco<\/span><\/p><p><span style=\"color: #000000;\"><strong>Viernes 8 de agosto<\/strong><\/span><br \/><span style=\"color: #000000;\">Morgan Wallen Experience - Homenaje a Morgan Wallen<\/span><\/p><p><span style=\"color: #000000;\"><strong>S\u00e1bado 9 de agosto<\/strong><\/span><br \/><span style=\"color: #000000;\">Twisted Gypsy - Tributo a Fleetwood Mac<\/span><\/p><p><span style=\"color: #000000;\"><strong>Domingo 10 de agosto<\/strong><\/span><br \/><span style=\"color: #000000;\">Caliente &amp; Juano y Amigos<\/span><\/p><\/div>\n            <\/div>\n                    <\/div>\n                <div class=\"theplus-accordion-item\"  role=\"tab\">\n            <div id=\"elementor-tab-title-1285\" class=\"elementor-tab-title plus-accordion-header 0 text-left\" data-tab=\"5\" aria-controls=\"elementor-tab-content-1285\">\n                                \n                <span style=\"width:100%\">Flying U Rodeo<\/span>                <span class=\"elementor-accordion-icon elementor-accordion-icon-right\" aria-hidden=\"true\"><i class=\"elementor-accordion-icon-closed fa fa-arrow-circle-down\"><\/i><i class=\"elementor-accordion-icon-opened fa fa-arrow-circle-up\"><\/i><\/span>            <\/div>\n\n                        <div id=\"elementor-tab-content-1285\" class=\"elementor-tab-content elementor-clearfix plus-accordion-content 0\" data-tab=\"5\" role=\"tabpanel\" aria-labelledby=\"elementor-tab-title-1285\">\n                <div class=\"plus-content-editor\" ><p><span style=\"color: #000000;\">La Feria del Condado de Ventura se complace en dar la bienvenida a la compa\u00f1\u00eda Flying U Rodeo los d\u00edas 8, 9 y 10 de agosto. <a href=\"https:\/\/tickets.venturacountyfair.org\/p\/tickets\">Consiga entradas aqu\u00ed<\/a>!<\/span><\/p><p><span style=\"color: #000000;\">Nota: Las entradas para el Rodeo NO incluyen la entrada a la Feria. Debe adquirir tambi\u00e9n una entrada para la Feria.<\/span><\/p><p><span style=\"color: #000000;\">Horario del rodeo:<\/span><\/p><p><span style=\"color: #000000;\">Viernes, 8 de agosto - 19.00 horas<\/span><\/p><p><span style=\"color: #000000;\">S\u00e1bado 9 de agosto - 14.00 horas<\/span><\/p><p><span style=\"color: #000000;\">S\u00e1bado, 9 de agosto - 19.00 horas<\/span><\/p><p><span style=\"color: #000000;\">Domingo 10 de agosto - 14.00 horas<\/span><\/p><p><span style=\"color: #000000;\">Domingo 10 de agosto - 19.00 horas<\/span><\/p><p><span style=\"color: #000000;\">Adultos $10<\/span><\/p><p><span style=\"color: #000000;\">Ni\u00f1os (todas las edades) $8<\/span><\/p><p><span style=\"color: #000000;\">Habr\u00e1 un n\u00famero limitado de entradas a la venta in situ, durante la Feria.<\/span><\/p><p><span style=\"color: #000000;\">Las entradas para el Rodeo son espec\u00edficas para la fecha y hora del espect\u00e1culo al que desea asistir. Aseg\u00farese de elegir con cuidado al comprar; las entradas no se pueden reembolsar ni cambiar.<\/span><\/p><\/div>\n            <\/div>\n                    <\/div>\n                <div class=\"theplus-accordion-item\"  role=\"tab\">\n            <div id=\"elementor-tab-title-1286\" class=\"elementor-tab-title plus-accordion-header 0 text-left\" data-tab=\"6\" aria-controls=\"elementor-tab-content-1286\">\n                                \n                <span style=\"width:100%\">La caza del cordero<\/span>                <span class=\"elementor-accordion-icon elementor-accordion-icon-right\" aria-hidden=\"true\"><i class=\"elementor-accordion-icon-closed fa fa-arrow-circle-down\"><\/i><i class=\"elementor-accordion-icon-opened fa fa-arrow-circle-up\"><\/i><\/span>            <\/div>\n\n                        <div id=\"elementor-tab-content-1286\" class=\"elementor-tab-content elementor-clearfix plus-accordion-content 0\" data-tab=\"6\" role=\"tabpanel\" aria-labelledby=\"elementor-tab-title-1286\">\n                <div class=\"plus-content-editor\" ><p><span style=\"color: #000000;\"><a href=\"https:\/\/www.rodeoticket.com\/rodeos\/ventura-co-fair-kids-mutton-bustin\/2025\/register\" target=\"_blank\" rel=\"noopener\">Reg\u00edstrese ahora<\/a> \u00a1para Mutton Bustin' en el Rodeo de la Feria del Condado de Ventura 2025! Espacio limitado disponible.\u00a0<\/span><\/p><\/div>\n            <\/div>\n                    <\/div>\n        \n<\/div>\n\t\t\t\t<\/div>\n\t\t\t\t<\/div>\n\t\t\t\t\t<\/div>\n\t\t<\/div>\n\t\t\t\t\t<\/div>\n\t\t<\/section>\n\t\t\t\t<\/div>","protected":false},"excerpt":{"rendered":"<p>M\u00daSICA Y M\u00c1S \u00a1En 2026 daremos un giro radical a la situaci\u00f3n con GRANDES actuaciones y divertidas sorpresas! Este a\u00f1o, puedes IR GRATIS como siempre -o- puedes...<\/p>","protected":false},"author":1,"featured_media":7095,"parent":21246,"menu_order":0,"comment_status":"closed","ping_status":"closed","template":"","meta":{"footnotes":""},"class_list":["post-21330","page","type-page","status-publish","has-post-thumbnail","hentry","have-post-thumb"],"yoast_head":"<!-- This site is optimized with the Yoast SEO Premium plugin v27.2 (Yoast SEO v27.2) - https:\/\/yoast.com\/product\/yoast-seo-premium-wordpress\/ -->\n<title>Entertainment - Ventura County Fairgrounds<\/title>\n<meta name=\"description\" content=\"Live concerts, rodeos, and more. See the lineup, book your tickets, and don\u2019t miss out on the excitement. There\u2019s entertainment for all ages at the Ventura County Fair.\" \/>\n<meta name=\"robots\" content=\"index, follow, max-snippet:-1, max-image-preview:large, max-video-preview:-1\" \/>\n<link rel=\"canonical\" href=\"https:\/\/venturacountyfair.org\/es\/contest\/entertainment\/\" \/>\n<meta property=\"og:locale\" content=\"es_MX\" \/>\n<meta property=\"og:type\" content=\"article\" \/>\n<meta property=\"og:title\" content=\"Entertainment\" \/>\n<meta property=\"og:description\" content=\"Live concerts, rodeos, and more. See the lineup, book your tickets, and don\u2019t miss out on the excitement. There\u2019s entertainment for all ages at the Ventura County Fair.\" \/>\n<meta property=\"og:url\" content=\"https:\/\/venturacountyfair.org\/es\/contest\/entertainment\/\" \/>\n<meta property=\"og:site_name\" content=\"Ventura County Fairgrounds\" \/>\n<meta property=\"article:modified_time\" content=\"2025-10-28T19:11:56+00:00\" \/>\n<meta property=\"og:image\" content=\"https:\/\/venturacountyfair.org\/wp-content\/uploads\/2024\/02\/DSC05875-scaled.jpg\" \/>\n\t<meta property=\"og:image:width\" content=\"1707\" \/>\n\t<meta property=\"og:image:height\" content=\"2560\" \/>\n\t<meta property=\"og:image:type\" content=\"image\/jpeg\" \/>\n<meta name=\"twitter:card\" content=\"summary_large_image\" \/>\n<meta name=\"twitter:label1\" content=\"Tiempo de lectura\" \/>\n\t<meta name=\"twitter:data1\" content=\"3 minutos\" \/>\n<script type=\"application\/ld+json\" class=\"yoast-schema-graph\">{\"@context\":\"https:\/\/schema.org\",\"@graph\":[{\"@type\":\"WebPage\",\"@id\":\"https:\/\/venturacountyfair.org\/contest\/entertainment\/\",\"url\":\"https:\/\/venturacountyfair.org\/contest\/entertainment\/\",\"name\":\"Entertainment - Ventura County Fairgrounds\",\"isPartOf\":{\"@id\":\"https:\/\/venturacountyfair.org\/#website\"},\"primaryImageOfPage\":{\"@id\":\"https:\/\/venturacountyfair.org\/contest\/entertainment\/#primaryimage\"},\"image\":{\"@id\":\"https:\/\/venturacountyfair.org\/contest\/entertainment\/#primaryimage\"},\"thumbnailUrl\":\"https:\/\/venturacountyfair.org\/wp-content\/uploads\/2024\/02\/DSC05875-scaled.jpg\",\"datePublished\":\"2025-10-28T18:38:02+00:00\",\"dateModified\":\"2025-10-28T19:11:56+00:00\",\"description\":\"Live concerts, rodeos, and more. See the lineup, book your tickets, and don\u2019t miss out on the excitement. There\u2019s entertainment for all ages at the Ventura County Fair.\",\"breadcrumb\":{\"@id\":\"https:\/\/venturacountyfair.org\/contest\/entertainment\/#breadcrumb\"},\"inLanguage\":\"es\",\"potentialAction\":[{\"@type\":\"ReadAction\",\"target\":[\"https:\/\/venturacountyfair.org\/contest\/entertainment\/\"]}]},{\"@type\":\"ImageObject\",\"inLanguage\":\"es\",\"@id\":\"https:\/\/venturacountyfair.org\/contest\/entertainment\/#primaryimage\",\"url\":\"https:\/\/venturacountyfair.org\/wp-content\/uploads\/2024\/02\/DSC05875-scaled.jpg\",\"contentUrl\":\"https:\/\/venturacountyfair.org\/wp-content\/uploads\/2024\/02\/DSC05875-scaled.jpg\",\"width\":1707,\"height\":2560},{\"@type\":\"BreadcrumbList\",\"@id\":\"https:\/\/venturacountyfair.org\/contest\/entertainment\/#breadcrumb\",\"itemListElement\":[{\"@type\":\"ListItem\",\"position\":1,\"name\":\"Home\",\"item\":\"https:\/\/venturacountyfair.org\/\"},{\"@type\":\"ListItem\",\"position\":2,\"name\":\"Fair 2025\",\"item\":\"https:\/\/venturacountyfair.org\/contest\/\"},{\"@type\":\"ListItem\",\"position\":3,\"name\":\"Entertainment\"}]},{\"@type\":\"WebSite\",\"@id\":\"https:\/\/venturacountyfair.org\/#website\",\"url\":\"https:\/\/venturacountyfair.org\/\",\"name\":\"Ventura County Fairgrounds\",\"description\":\"\",\"publisher\":{\"@id\":\"https:\/\/venturacountyfair.org\/#organization\"},\"potentialAction\":[{\"@type\":\"SearchAction\",\"target\":{\"@type\":\"EntryPoint\",\"urlTemplate\":\"https:\/\/venturacountyfair.org\/?s={search_term_string}\"},\"query-input\":{\"@type\":\"PropertyValueSpecification\",\"valueRequired\":true,\"valueName\":\"search_term_string\"}}],\"inLanguage\":\"es\"},{\"@type\":\"Organization\",\"@id\":\"https:\/\/venturacountyfair.org\/#organization\",\"name\":\"Ventura County Fairgrounds\",\"url\":\"https:\/\/venturacountyfair.org\/\",\"logo\":{\"@type\":\"ImageObject\",\"inLanguage\":\"es\",\"@id\":\"https:\/\/venturacountyfair.org\/#\/schema\/logo\/image\/\",\"url\":\"https:\/\/venturacountyfair.org\/wp-content\/uploads\/2024\/01\/cropped-cropped-favbase.png\",\"contentUrl\":\"https:\/\/venturacountyfair.org\/wp-content\/uploads\/2024\/01\/cropped-cropped-favbase.png\",\"width\":512,\"height\":512,\"caption\":\"Ventura County Fairgrounds\"},\"image\":{\"@id\":\"https:\/\/venturacountyfair.org\/#\/schema\/logo\/image\/\"}}]}<\/script>\n<!-- \/ Yoast SEO Premium plugin. -->","yoast_head_json":{"title":"Entretenimiento - Recinto Ferial del Condado de Ventura","description":"Conciertos en directo, rodeos y mucho m\u00e1s. Consulte el programa, reserve sus entradas y no se pierda la emoci\u00f3n. Hay entretenimiento para todas las edades en la Feria del Condado de Ventura.","robots":{"index":"index","follow":"follow","max-snippet":"max-snippet:-1","max-image-preview":"max-image-preview:large","max-video-preview":"max-video-preview:-1"},"canonical":"https:\/\/venturacountyfair.org\/es\/contest\/entertainment\/","og_locale":"es_MX","og_type":"article","og_title":"Entertainment","og_description":"Live concerts, rodeos, and more. See the lineup, book your tickets, and don\u2019t miss out on the excitement. There\u2019s entertainment for all ages at the Ventura County Fair.","og_url":"https:\/\/venturacountyfair.org\/es\/contest\/entertainment\/","og_site_name":"Ventura County Fairgrounds","article_modified_time":"2025-10-28T19:11:56+00:00","og_image":[{"width":1707,"height":2560,"url":"https:\/\/venturacountyfair.org\/wp-content\/uploads\/2024\/02\/DSC05875-scaled.jpg","type":"image\/jpeg"}],"twitter_card":"summary_large_image","twitter_misc":{"Tiempo de lectura":"3 minutos"},"schema":{"@context":"https:\/\/schema.org","@graph":[{"@type":"WebPage","@id":"https:\/\/venturacountyfair.org\/contest\/entertainment\/","url":"https:\/\/venturacountyfair.org\/contest\/entertainment\/","name":"Entretenimiento - Recinto Ferial del Condado de Ventura","isPartOf":{"@id":"https:\/\/venturacountyfair.org\/#website"},"primaryImageOfPage":{"@id":"https:\/\/venturacountyfair.org\/contest\/entertainment\/#primaryimage"},"image":{"@id":"https:\/\/venturacountyfair.org\/contest\/entertainment\/#primaryimage"},"thumbnailUrl":"https:\/\/venturacountyfair.org\/wp-content\/uploads\/2024\/02\/DSC05875-scaled.jpg","datePublished":"2025-10-28T18:38:02+00:00","dateModified":"2025-10-28T19:11:56+00:00","description":"Conciertos en directo, rodeos y mucho m\u00e1s. Consulte el programa, reserve sus entradas y no se pierda la emoci\u00f3n. Hay entretenimiento para todas las edades en la Feria del Condado de Ventura.","breadcrumb":{"@id":"https:\/\/venturacountyfair.org\/contest\/entertainment\/#breadcrumb"},"inLanguage":"es","potentialAction":[{"@type":"ReadAction","target":["https:\/\/venturacountyfair.org\/contest\/entertainment\/"]}]},{"@type":"ImageObject","inLanguage":"es","@id":"https:\/\/venturacountyfair.org\/contest\/entertainment\/#primaryimage","url":"https:\/\/venturacountyfair.org\/wp-content\/uploads\/2024\/02\/DSC05875-scaled.jpg","contentUrl":"https:\/\/venturacountyfair.org\/wp-content\/uploads\/2024\/02\/DSC05875-scaled.jpg","width":1707,"height":2560},{"@type":"BreadcrumbList","@id":"https:\/\/venturacountyfair.org\/contest\/entertainment\/#breadcrumb","itemListElement":[{"@type":"ListItem","position":1,"name":"Home","item":"https:\/\/venturacountyfair.org\/"},{"@type":"ListItem","position":2,"name":"Fair 2025","item":"https:\/\/venturacountyfair.org\/contest\/"},{"@type":"ListItem","position":3,"name":"Entertainment"}]},{"@type":"WebSite","@id":"https:\/\/venturacountyfair.org\/#website","url":"https:\/\/venturacountyfair.org\/","name":"Recinto Ferial del Condado de Ventura","description":"","publisher":{"@id":"https:\/\/venturacountyfair.org\/#organization"},"potentialAction":[{"@type":"SearchAction","target":{"@type":"EntryPoint","urlTemplate":"https:\/\/venturacountyfair.org\/?s={search_term_string}"},"query-input":{"@type":"PropertyValueSpecification","valueRequired":true,"valueName":"search_term_string"}}],"inLanguage":"es"},{"@type":"Organization","@id":"https:\/\/venturacountyfair.org\/#organization","name":"Recinto Ferial del Condado de Ventura","url":"https:\/\/venturacountyfair.org\/","logo":{"@type":"ImageObject","inLanguage":"es","@id":"https:\/\/venturacountyfair.org\/#\/schema\/logo\/image\/","url":"https:\/\/venturacountyfair.org\/wp-content\/uploads\/2024\/01\/cropped-cropped-favbase.png","contentUrl":"https:\/\/venturacountyfair.org\/wp-content\/uploads\/2024\/01\/cropped-cropped-favbase.png","width":512,"height":512,"caption":"Ventura County Fairgrounds"},"image":{"@id":"https:\/\/venturacountyfair.org\/#\/schema\/logo\/image\/"}}]}},"_links":{"self":[{"href":"https:\/\/venturacountyfair.org\/es\/wp-json\/wp\/v2\/pages\/21330","targetHints":{"allow":["GET"]}}],"collection":[{"href":"https:\/\/venturacountyfair.org\/es\/wp-json\/wp\/v2\/pages"}],"about":[{"href":"https:\/\/venturacountyfair.org\/es\/wp-json\/wp\/v2\/types\/page"}],"author":[{"embeddable":true,"href":"https:\/\/venturacountyfair.org\/es\/wp-json\/wp\/v2\/users\/1"}],"replies":[{"embeddable":true,"href":"https:\/\/venturacountyfair.org\/es\/wp-json\/wp\/v2\/comments?post=21330"}],"version-history":[{"count":5,"href":"https:\/\/venturacountyfair.org\/es\/wp-json\/wp\/v2\/pages\/21330\/revisions"}],"predecessor-version":[{"id":21359,"href":"https:\/\/venturacountyfair.org\/es\/wp-json\/wp\/v2\/pages\/21330\/revisions\/21359"}],"up":[{"embeddable":true,"href":"https:\/\/venturacountyfair.org\/es\/wp-json\/wp\/v2\/pages\/21246"}],"wp:featuredmedia":[{"embeddable":true,"href":"https:\/\/venturacountyfair.org\/es\/wp-json\/wp\/v2\/media\/7095"}],"wp:attachment":[{"href":"https:\/\/venturacountyfair.org\/es\/wp-json\/wp\/v2\/media?parent=21330"}],"curies":[{"name":"wp","href":"https:\/\/api.w.org\/{rel}","templated":true}]}}