{"id":7098,"date":"2024-02-07T09:45:17","date_gmt":"2024-02-07T17:45:17","guid":{"rendered":"https:\/\/venturacountyfair.org\/?page_id=7098"},"modified":"2026-01-29T00:41:25","modified_gmt":"2026-01-29T08:41:25","slug":"meet-the-board","status":"publish","type":"page","link":"https:\/\/venturacountyfair.org\/es\/meet-the-board\/","title":{"rendered":"Consejo de Administraci\u00f3n"},"content":{"rendered":"<div data-elementor-type=\"wp-page\" data-elementor-id=\"7098\" class=\"elementor elementor-7098\" data-elementor-post-type=\"page\">\n\t\t\t\t<div class=\"elementor-element elementor-element-1267a91 e-flex e-con-boxed e-con e-parent\" data-id=\"1267a91\" data-element_type=\"container\" data-e-type=\"container\">\n\t\t\t\t\t<div class=\"e-con-inner\">\n\t\t\t\t<div class=\"elementor-element elementor-element-02bb0e6 elementor-align-center elementor-widget elementor-widget-rt-title\" data-id=\"02bb0e6\" data-element_type=\"widget\" data-e-type=\"widget\" data-widget_type=\"rt-title.default\">\n\t\t\t\t<div class=\"elementor-widget-container\">\n\t\t\t\t\t<div class=\"section-heading style-two\">\n\t    <div class=\"heading-subtitle\">CONOZCA A LA JUNTA DIRECTIVA<\/div>\n    <h2  class=\"heading-title\"><\/h2>        \t\t<span class=\"line\"><\/span>\n\t<\/div>\t\t\t\t<\/div>\n\t\t\t\t<\/div>\n\t\t\t\t\t<\/div>\n\t\t\t\t<\/div>\n\t\t<div class=\"elementor-element elementor-element-1f3e40c e-flex e-con-boxed e-con e-parent\" data-id=\"1f3e40c\" data-element_type=\"container\" data-e-type=\"container\">\n\t\t\t\t\t<div class=\"e-con-inner\">\n\t\t\t\t<div class=\"elementor-element elementor-element-fddfeb4 elementor-widget elementor-widget-html\" data-id=\"fddfeb4\" data-element_type=\"widget\" data-e-type=\"widget\" data-widget_type=\"html.default\">\n\t\t\t\t<div class=\"elementor-widget-container\">\n\t\t\t\t\t<style>\r\n\r\n    table {\r\n        width: 100%;\r\n        border-collapse: collapse;\r\n        border: 1px solid #ccc;\r\n        background-color: #fff;\r\n        margin: 0 auto;\r\n        max-width: 500px;\r\n    }\r\n    th, td {\r\n        padding: 10px;\r\n        text-align: left;\r\n        border-bottom: 1px solid #eee;\r\n    }\r\n    a {\r\n        text-decoration: none;\r\n        color: #0a84ae;\r\n    }\r\n    thead th {\r\n        background-color: #f2f2f2;\r\n    }\r\n    @media screen and (max-width: 600px) {\r\n        thead {\r\n            display: none;\r\n        }\r\n        table, tbody, tr, td {\r\n            display: block;\r\n            width: 100%;\r\n            background-color: transparent;\r\n        }\r\n        tr {\r\n            margin-bottom: 10px;\r\n        }\r\n        td {\r\n            text-align: left;\r\n            padding-left: 50%;\r\n            position: relative;\r\n            background-color: #fff;\r\n            text-align: center;\r\n        }\r\n        td:before {\r\n            content: attr(data-label);\r\n            position: absolute;\r\n            left: 0;\r\n            width: 50%;\r\n            padding-left: 10px;\r\n            font-weight: bold;\r\n            text-align: left;\r\n        }\r\n    }\r\n<\/style>\r\n<table>\r\n    <tbody>\r\n        <tr>\r\n            <td data-label=\"\" style=\"font-weight: bold;\">Guillermo Rodr\u00edguez Ceja Jr.<\/td>\r\n            <td data-label=\"\">Presidente<\/td>\r\n            \r\n        <\/tr>\r\n        <tr><td data-label=\"\" style=\"font-weight: bold;\">Gloria Mart\u00ednez<\/td>\r\n            \r\n            <td data-label=\"\">Vicepresidente<\/td>\r\n            \r\n        <\/tr>\r\n        <tr><td data-label=\"\" style=\"font-weight: bold;\">Betsy Ajedrez<\/td>\r\n            \r\n            <td data-label=\"\">Miembro del Consejo<\/td>\r\n            \r\n        <\/tr>\r\n        <tr><td data-label=\"\" style=\"font-weight: bold;\">Leslie Cornejo<\/td>\r\n            \r\n            <td data-label=\"\">Miembro del Consejo<\/td>\r\n            \r\n        <\/tr>\r\n        <tr><td data-label=\"\" style=\"font-weight: bold;\">Leah Lacayo<\/td>\r\n            \r\n            <td data-label=\"\">Miembro del Consejo<\/td>\r\n            \r\n        <\/tr>\r\n        <tr>\r\n            <td data-label=\"\" style=\"font-weight: bold;\">Dan Long<\/td>\r\n            <td data-label=\"\">Miembro del Consejo<\/td>\r\n            \r\n        <\/tr>\r\n        <tr><td data-label=\"\" style=\"font-weight: bold;\">Miriam Mack<\/td>\r\n            \r\n            <td data-label=\"\">Miembro del Consejo<\/td>\r\n            \r\n        <\/tr>\r\n        <tr><td data-label=\"\" style=\"font-weight: bold;\">Shant\u00e9 Morgan-Carter, doctora en Filosof\u00eda.<\/td>\r\n            \r\n            <td data-label=\"\">Miembro del Consejo<\/td>\r\n            \r\n        <\/tr>\r\n    <\/tbody>\r\n<\/table>\t\t\t\t<\/div>\n\t\t\t\t<\/div>\n\t\t\t\t\t<\/div>\n\t\t\t\t<\/div>\n\t\t<div class=\"elementor-element elementor-element-da7fce2 e-flex e-con-boxed e-con e-parent\" data-id=\"da7fce2\" data-element_type=\"container\" data-e-type=\"container\">\n\t\t\t\t\t<div class=\"e-con-inner\">\n\t\t\t\t<div class=\"elementor-element elementor-element-df24469 elementor-align-left elementor-widget elementor-widget-rt-title\" data-id=\"df24469\" data-element_type=\"widget\" data-e-type=\"widget\" data-widget_type=\"rt-title.default\">\n\t\t\t\t<div class=\"elementor-widget-container\">\n\t\t\t\t\t<div class=\"section-heading style-one\">\n\t<h4  class=\"heading-title\">Nuestro objetivo<\/h4>    <h5 style=\"color: #000000;\">El recinto ferial del condado de Ventura es el punto de encuentro central de la comunidad, donde nos reunimos para celebrar con orgullo nuestra diversidad y valores compartidos.<\/h5>    <\/div>\t\t\t\t<\/div>\n\t\t\t\t<\/div>\n\t\t\t\t\t<\/div>\n\t\t\t\t<\/div>\n\t\t<div class=\"elementor-element elementor-element-40668f2 e-flex e-con-boxed e-con e-parent\" data-id=\"40668f2\" data-element_type=\"container\" data-e-type=\"container\">\n\t\t\t\t\t<div class=\"e-con-inner\">\n\t\t\t\t<div class=\"elementor-element elementor-element-8408d13 elementor-align-left elementor-widget elementor-widget-rt-title\" data-id=\"8408d13\" data-element_type=\"widget\" data-e-type=\"widget\" data-widget_type=\"rt-title.default\">\n\t\t\t\t<div class=\"elementor-widget-container\">\n\t\t\t\t\t<div class=\"section-heading style-one\">\n\t<h4  class=\"heading-title\">Nuestra misi\u00f3n<\/h4>    <h5 style=\"color: #000000;\">La misi\u00f3n de la Asociaci\u00f3n Agr\u00edcola del Distrito 31, tambi\u00e9n conocida como el Recinto Ferial del Condado de Ventura, es promover, apoyar, educar, celebrar y preservar la diversa cultura y tradiciones de nuestro Condado y asegurar que el Recinto Ferial del Condado de Ventura sea un recurso comunitario ejemplar de usos m\u00faltiples.<\/h5>    <\/div>\t\t\t\t<\/div>\n\t\t\t\t<\/div>\n\t\t\t\t\t<\/div>\n\t\t\t\t<\/div>\n\t\t<div class=\"elementor-element elementor-element-44d22b5 e-flex e-con-boxed e-con e-parent\" data-id=\"44d22b5\" data-element_type=\"container\" data-e-type=\"container\">\n\t\t\t\t\t<div class=\"e-con-inner\">\n\t\t\t\t<div class=\"elementor-element elementor-element-ad8a8c1 elementor-align-left elementor-widget elementor-widget-rt-title\" data-id=\"ad8a8c1\" data-element_type=\"widget\" data-e-type=\"widget\" data-widget_type=\"rt-title.default\">\n\t\t\t\t<div class=\"elementor-widget-container\">\n\t\t\t\t\t<div class=\"section-heading style-one\">\n\t<h4  class=\"heading-title\">Nuestra visi\u00f3n<\/h4>    <h5 style=\"color: #000000;\">El recinto ferial del condado de Ventura se concibe como el primer lugar de reuni\u00f3n elegido por la gente para celebrar la belleza natural, la creatividad, la innovaci\u00f3n y la riqueza cultural diversa del condado, creando un sentimiento de pertenencia.<\/h5>    <\/div>\t\t\t\t<\/div>\n\t\t\t\t<\/div>\n\t\t\t\t\t<\/div>\n\t\t\t\t<\/div>\n\t\t<div class=\"elementor-element elementor-element-b0f59c7 e-flex e-con-boxed e-con e-parent\" data-id=\"b0f59c7\" data-element_type=\"container\" data-e-type=\"container\">\n\t\t\t\t\t<div class=\"e-con-inner\">\n\t\t\t\t<div class=\"elementor-element elementor-element-a71952b elementor-align-left elementor-widget elementor-widget-rt-title\" data-id=\"a71952b\" data-element_type=\"widget\" data-e-type=\"widget\" data-widget_type=\"rt-title.default\">\n\t\t\t\t<div class=\"elementor-widget-container\">\n\t\t\t\t\t<div class=\"section-heading style-one\">\n\t<h4  class=\"heading-title\">Nuestros objetivos<\/h4>    <ol><li style=\"color: #000000;\"><h5>Sea proactivo en la gesti\u00f3n medioambiental<\/h5><\/li><li style=\"color: #000000;\"><h5><span style=\"color: #000000;\">Crear un plan de negocio a largo plazo que diversifique los ingresos del recinto ferial<\/span><\/h5><\/li><li style=\"color: #000000;\"><h5><span style=\"color: #000000;\">Crear un plan de mejoras de capital<\/span><\/h5><\/li><li style=\"color: #000000;\"><h5><span style=\"color: #000000;\">Crear una organizaci\u00f3n y un sistema de gobernanza\u00a0<\/span><\/h5><\/li><\/ol>    <\/div>\t\t\t\t<\/div>\n\t\t\t\t<\/div>\n\t\t\t\t\t<\/div>\n\t\t\t\t<\/div>\n\t\t\t\t<\/div>","protected":false},"excerpt":{"rendered":"<p>CONOZCA A LA JUNTA DIRECTIVA Guillermo Rodr\u00edguez Ceja Jr. Presidente Gloria Mart\u00ednez Vicepresidenta Betsy Chess Miembro de la Junta Directiva Leslie Cornejo Miembro de la Junta Directiva Leah Lacayo Miembro de la Junta Directiva Dan Long Miembro de la Junta Directiva Miriam Mack...<\/p>","protected":false},"author":1,"featured_media":7117,"parent":0,"menu_order":0,"comment_status":"closed","ping_status":"closed","template":"","meta":{"footnotes":""},"class_list":["post-7098","page","type-page","status-publish","has-post-thumbnail","hentry","have-post-thumb"],"yoast_head":"<!-- This site is optimized with the Yoast SEO Premium plugin v27.2 (Yoast SEO v27.2) - https:\/\/yoast.com\/product\/yoast-seo-premium-wordpress\/ -->\n<title>Board of Directors - Ventura County Fairgrounds<\/title>\n<meta name=\"robots\" content=\"index, follow, max-snippet:-1, max-image-preview:large, max-video-preview:-1\" \/>\n<link rel=\"canonical\" href=\"https:\/\/venturacountyfair.org\/es\/meet-the-board\/\" \/>\n<meta property=\"og:locale\" content=\"es_MX\" \/>\n<meta property=\"og:type\" content=\"article\" \/>\n<meta property=\"og:title\" content=\"Board of Directors\" \/>\n<meta property=\"og:description\" content=\"MEET THE BOARD Guillermo Rodriguez Ceja Jr. President Gloria Martinez Vice President Betsy Chess Board Member Leslie Cornejo Board Member Leah Lacayo Board Member Dan Long Board Member Miriam Mack...\" \/>\n<meta property=\"og:url\" content=\"https:\/\/venturacountyfair.org\/es\/meet-the-board\/\" \/>\n<meta property=\"og:site_name\" content=\"Ventura County Fairgrounds\" \/>\n<meta property=\"article:modified_time\" content=\"2026-01-29T08:41:25+00:00\" \/>\n<meta property=\"og:image\" content=\"https:\/\/venturacountyfair.org\/wp-content\/uploads\/2024\/02\/dji_fly_20230802_212434_373_1691036787061_photo-scaled.jpg\" \/>\n\t<meta property=\"og:image:width\" content=\"1706\" \/>\n\t<meta property=\"og:image:height\" content=\"2560\" \/>\n\t<meta property=\"og:image:type\" content=\"image\/jpeg\" \/>\n<meta name=\"twitter:card\" content=\"summary_large_image\" \/>\n<meta name=\"twitter:label1\" content=\"Tiempo de lectura\" \/>\n\t<meta name=\"twitter:data1\" content=\"1 minuto\" \/>\n<script type=\"application\/ld+json\" class=\"yoast-schema-graph\">{\"@context\":\"https:\/\/schema.org\",\"@graph\":[{\"@type\":\"WebPage\",\"@id\":\"https:\/\/venturacountyfair.org\/meet-the-board\/\",\"url\":\"https:\/\/venturacountyfair.org\/meet-the-board\/\",\"name\":\"Board of Directors - Ventura County Fairgrounds\",\"isPartOf\":{\"@id\":\"https:\/\/venturacountyfair.org\/#website\"},\"primaryImageOfPage\":{\"@id\":\"https:\/\/venturacountyfair.org\/meet-the-board\/#primaryimage\"},\"image\":{\"@id\":\"https:\/\/venturacountyfair.org\/meet-the-board\/#primaryimage\"},\"thumbnailUrl\":\"https:\/\/venturacountyfair.org\/wp-content\/uploads\/2024\/02\/dji_fly_20230802_212434_373_1691036787061_photo-scaled.jpg\",\"datePublished\":\"2024-02-07T17:45:17+00:00\",\"dateModified\":\"2026-01-29T08:41:25+00:00\",\"breadcrumb\":{\"@id\":\"https:\/\/venturacountyfair.org\/meet-the-board\/#breadcrumb\"},\"inLanguage\":\"es\",\"potentialAction\":[{\"@type\":\"ReadAction\",\"target\":[\"https:\/\/venturacountyfair.org\/meet-the-board\/\"]}]},{\"@type\":\"ImageObject\",\"inLanguage\":\"es\",\"@id\":\"https:\/\/venturacountyfair.org\/meet-the-board\/#primaryimage\",\"url\":\"https:\/\/venturacountyfair.org\/wp-content\/uploads\/2024\/02\/dji_fly_20230802_212434_373_1691036787061_photo-scaled.jpg\",\"contentUrl\":\"https:\/\/venturacountyfair.org\/wp-content\/uploads\/2024\/02\/dji_fly_20230802_212434_373_1691036787061_photo-scaled.jpg\",\"width\":1706,\"height\":2560},{\"@type\":\"BreadcrumbList\",\"@id\":\"https:\/\/venturacountyfair.org\/meet-the-board\/#breadcrumb\",\"itemListElement\":[{\"@type\":\"ListItem\",\"position\":1,\"name\":\"Home\",\"item\":\"https:\/\/venturacountyfair.org\/\"},{\"@type\":\"ListItem\",\"position\":2,\"name\":\"Board of Directors\"}]},{\"@type\":\"WebSite\",\"@id\":\"https:\/\/venturacountyfair.org\/#website\",\"url\":\"https:\/\/venturacountyfair.org\/\",\"name\":\"Ventura County Fairgrounds\",\"description\":\"\",\"publisher\":{\"@id\":\"https:\/\/venturacountyfair.org\/#organization\"},\"potentialAction\":[{\"@type\":\"SearchAction\",\"target\":{\"@type\":\"EntryPoint\",\"urlTemplate\":\"https:\/\/venturacountyfair.org\/?s={search_term_string}\"},\"query-input\":{\"@type\":\"PropertyValueSpecification\",\"valueRequired\":true,\"valueName\":\"search_term_string\"}}],\"inLanguage\":\"es\"},{\"@type\":\"Organization\",\"@id\":\"https:\/\/venturacountyfair.org\/#organization\",\"name\":\"Ventura County Fairgrounds\",\"url\":\"https:\/\/venturacountyfair.org\/\",\"logo\":{\"@type\":\"ImageObject\",\"inLanguage\":\"es\",\"@id\":\"https:\/\/venturacountyfair.org\/#\/schema\/logo\/image\/\",\"url\":\"https:\/\/venturacountyfair.org\/wp-content\/uploads\/2024\/01\/cropped-cropped-favbase.png\",\"contentUrl\":\"https:\/\/venturacountyfair.org\/wp-content\/uploads\/2024\/01\/cropped-cropped-favbase.png\",\"width\":512,\"height\":512,\"caption\":\"Ventura County Fairgrounds\"},\"image\":{\"@id\":\"https:\/\/venturacountyfair.org\/#\/schema\/logo\/image\/\"}}]}<\/script>\n<!-- \/ Yoast SEO Premium plugin. -->","yoast_head_json":{"title":"Consejo de Administraci\u00f3n - Ventura County Fairgrounds","robots":{"index":"index","follow":"follow","max-snippet":"max-snippet:-1","max-image-preview":"max-image-preview:large","max-video-preview":"max-video-preview:-1"},"canonical":"https:\/\/venturacountyfair.org\/es\/meet-the-board\/","og_locale":"es_MX","og_type":"article","og_title":"Board of Directors","og_description":"MEET THE BOARD Guillermo Rodriguez Ceja Jr. President Gloria Martinez Vice President Betsy Chess Board Member Leslie Cornejo Board Member Leah Lacayo Board Member Dan Long Board Member Miriam Mack...","og_url":"https:\/\/venturacountyfair.org\/es\/meet-the-board\/","og_site_name":"Ventura County Fairgrounds","article_modified_time":"2026-01-29T08:41:25+00:00","og_image":[{"width":1706,"height":2560,"url":"https:\/\/venturacountyfair.org\/wp-content\/uploads\/2024\/02\/dji_fly_20230802_212434_373_1691036787061_photo-scaled.jpg","type":"image\/jpeg"}],"twitter_card":"summary_large_image","twitter_misc":{"Tiempo de lectura":"1 minuto"},"schema":{"@context":"https:\/\/schema.org","@graph":[{"@type":"WebPage","@id":"https:\/\/venturacountyfair.org\/meet-the-board\/","url":"https:\/\/venturacountyfair.org\/meet-the-board\/","name":"Consejo de Administraci\u00f3n - Ventura County Fairgrounds","isPartOf":{"@id":"https:\/\/venturacountyfair.org\/#website"},"primaryImageOfPage":{"@id":"https:\/\/venturacountyfair.org\/meet-the-board\/#primaryimage"},"image":{"@id":"https:\/\/venturacountyfair.org\/meet-the-board\/#primaryimage"},"thumbnailUrl":"https:\/\/venturacountyfair.org\/wp-content\/uploads\/2024\/02\/dji_fly_20230802_212434_373_1691036787061_photo-scaled.jpg","datePublished":"2024-02-07T17:45:17+00:00","dateModified":"2026-01-29T08:41:25+00:00","breadcrumb":{"@id":"https:\/\/venturacountyfair.org\/meet-the-board\/#breadcrumb"},"inLanguage":"es","potentialAction":[{"@type":"ReadAction","target":["https:\/\/venturacountyfair.org\/meet-the-board\/"]}]},{"@type":"ImageObject","inLanguage":"es","@id":"https:\/\/venturacountyfair.org\/meet-the-board\/#primaryimage","url":"https:\/\/venturacountyfair.org\/wp-content\/uploads\/2024\/02\/dji_fly_20230802_212434_373_1691036787061_photo-scaled.jpg","contentUrl":"https:\/\/venturacountyfair.org\/wp-content\/uploads\/2024\/02\/dji_fly_20230802_212434_373_1691036787061_photo-scaled.jpg","width":1706,"height":2560},{"@type":"BreadcrumbList","@id":"https:\/\/venturacountyfair.org\/meet-the-board\/#breadcrumb","itemListElement":[{"@type":"ListItem","position":1,"name":"Home","item":"https:\/\/venturacountyfair.org\/"},{"@type":"ListItem","position":2,"name":"Board of Directors"}]},{"@type":"WebSite","@id":"https:\/\/venturacountyfair.org\/#website","url":"https:\/\/venturacountyfair.org\/","name":"Recinto Ferial del Condado de Ventura","description":"","publisher":{"@id":"https:\/\/venturacountyfair.org\/#organization"},"potentialAction":[{"@type":"SearchAction","target":{"@type":"EntryPoint","urlTemplate":"https:\/\/venturacountyfair.org\/?s={search_term_string}"},"query-input":{"@type":"PropertyValueSpecification","valueRequired":true,"valueName":"search_term_string"}}],"inLanguage":"es"},{"@type":"Organization","@id":"https:\/\/venturacountyfair.org\/#organization","name":"Recinto Ferial del Condado de Ventura","url":"https:\/\/venturacountyfair.org\/","logo":{"@type":"ImageObject","inLanguage":"es","@id":"https:\/\/venturacountyfair.org\/#\/schema\/logo\/image\/","url":"https:\/\/venturacountyfair.org\/wp-content\/uploads\/2024\/01\/cropped-cropped-favbase.png","contentUrl":"https:\/\/venturacountyfair.org\/wp-content\/uploads\/2024\/01\/cropped-cropped-favbase.png","width":512,"height":512,"caption":"Ventura County Fairgrounds"},"image":{"@id":"https:\/\/venturacountyfair.org\/#\/schema\/logo\/image\/"}}]}},"_links":{"self":[{"href":"https:\/\/venturacountyfair.org\/es\/wp-json\/wp\/v2\/pages\/7098","targetHints":{"allow":["GET"]}}],"collection":[{"href":"https:\/\/venturacountyfair.org\/es\/wp-json\/wp\/v2\/pages"}],"about":[{"href":"https:\/\/venturacountyfair.org\/es\/wp-json\/wp\/v2\/types\/page"}],"author":[{"embeddable":true,"href":"https:\/\/venturacountyfair.org\/es\/wp-json\/wp\/v2\/users\/1"}],"replies":[{"embeddable":true,"href":"https:\/\/venturacountyfair.org\/es\/wp-json\/wp\/v2\/comments?post=7098"}],"version-history":[{"count":98,"href":"https:\/\/venturacountyfair.org\/es\/wp-json\/wp\/v2\/pages\/7098\/revisions"}],"predecessor-version":[{"id":21796,"href":"https:\/\/venturacountyfair.org\/es\/wp-json\/wp\/v2\/pages\/7098\/revisions\/21796"}],"wp:featuredmedia":[{"embeddable":true,"href":"https:\/\/venturacountyfair.org\/es\/wp-json\/wp\/v2\/media\/7117"}],"wp:attachment":[{"href":"https:\/\/venturacountyfair.org\/es\/wp-json\/wp\/v2\/media?parent=7098"}],"curies":[{"name":"wp","href":"https:\/\/api.w.org\/{rel}","templated":true}]}}