{"id":9313,"date":"2024-03-12T09:33:18","date_gmt":"2024-03-12T16:33:18","guid":{"rendered":"https:\/\/venturacountyfair.org\/?page_id=9313"},"modified":"2025-09-02T11:25:27","modified_gmt":"2025-09-02T18:25:27","slug":"staff-directory","status":"publish","type":"page","link":"https:\/\/venturacountyfair.org\/es\/staff-directory\/","title":{"rendered":"Directorio del personal"},"content":{"rendered":"<div data-elementor-type=\"wp-page\" data-elementor-id=\"9313\" class=\"elementor elementor-9313\" data-elementor-post-type=\"page\">\n\t\t\t\t<div class=\"elementor-element elementor-element-d0ab004 e-flex e-con-boxed e-con e-parent\" data-id=\"d0ab004\" data-element_type=\"container\" data-e-type=\"container\">\n\t\t\t\t\t<div class=\"e-con-inner\">\n\t\t\t\t<div class=\"elementor-element elementor-element-d40a7cd elementor-align-center elementor-widget elementor-widget-rt-title\" data-id=\"d40a7cd\" data-element_type=\"widget\" data-e-type=\"widget\" data-widget_type=\"rt-title.default\">\n\t\t\t\t<div class=\"elementor-widget-container\">\n\t\t\t\t\t<div class=\"section-heading style-two\">\n\t    <div class=\"heading-subtitle\">CONOZCA A NUESTRO EQUIPO<\/div>\n    <h2  class=\"heading-title\"><\/h2>    <h4 style=\"font-weight: 400;\">P\u00f3ngase en contacto con los profesionales que est\u00e1n detr\u00e1s de la Feria del Condado de Ventura.  Si necesita ayuda, tiene preguntas o quiere hacernos llegar sus comentarios, nuestro equipo est\u00e1 aqu\u00ed para ayudarle.<\/h4>    \t\t<span class=\"line\"><\/span>\n\t<\/div>\t\t\t\t<\/div>\n\t\t\t\t<\/div>\n\t\t\t\t\t<\/div>\n\t\t\t\t<\/div>\n\t\t<div class=\"elementor-element elementor-element-9d6df31 e-flex e-con-boxed e-con e-parent\" data-id=\"9d6df31\" data-element_type=\"container\" data-e-type=\"container\">\n\t\t\t\t\t<div class=\"e-con-inner\">\n\t\t\t\t<div class=\"elementor-element elementor-element-8923385 elementor-widget elementor-widget-html\" data-id=\"8923385\" data-element_type=\"widget\" data-e-type=\"widget\" data-widget_type=\"html.default\">\n\t\t\t\t<div class=\"elementor-widget-container\">\n\t\t\t\t\t<style>\r\n\r\n    table {\r\n        width: 100%;\r\n        border-collapse: collapse;\r\n        border: 1px solid #ccc;\r\n        background-color: #fff;\r\n        margin: 0 auto;\r\n        max-width: 800px;\r\n    }\r\n    th, td {\r\n        padding: 10px;\r\n        text-align: left;\r\n        border-bottom: 1px solid #eee;\r\n    }\r\n    a {\r\n        text-decoration: none;\r\n        color: #0a84ae;\r\n    }\r\n    thead th {\r\n        background-color: #f2f2f2;\r\n    }\r\n    @media screen and (max-width: 600px) {\r\n        thead {\r\n            display: none;\r\n        }\r\n        table, tbody, tr, td {\r\n            display: block;\r\n            width: 100%;\r\n            background-color: transparent;\r\n        }\r\n        tr {\r\n            margin-bottom: 10px;\r\n        }\r\n        td {\r\n            text-align: left;\r\n            padding-left: 50%;\r\n            position: relative;\r\n            background-color: #fff;\r\n            text-align: center;\r\n        }\r\n        td:before {\r\n            content: attr(data-label);\r\n            position: absolute;\r\n            left: 0;\r\n            width: 50%;\r\n            padding-left: 10px;\r\n            font-weight: bold;\r\n            text-align: left;\r\n        }\r\n    }\r\n<\/style>\r\n<table>\r\n    <thead>\r\n        <tr>\r\n            <th>Departamento<\/th>\r\n            <th>Correo electr\u00f3nico de contacto<\/th>\r\n        <\/tr>\r\n    <\/thead>\r\n    <tbody>\r\n        <tr>\r\n            <td data-label=\"\">Informaci\u00f3n general<\/td>\r\n            <td data-label=\"\"><a href=\"mailto:info@venturacountyfair.org\">info@venturacountyfair.org<\/a><\/td>\r\n        <\/tr>\r\n        <tr>\r\n            <td data-label=\"\">Ventas, instalaciones y alquiler de eventos<\/td>\r\n            <td data-label=\"\"><a href=\"mailto:sales@venturacountyfair.org\">sales@venturacountyfair.org<\/a><\/td>\r\n        <\/tr>\r\n        <tr>\r\n            <td data-label=\"\">Entretenimiento<\/td>\r\n            <td data-label=\"\"><a href=\"mailto:entertainment@venturacountyfair.org\">entertainment@venturacountyfair.org<\/a><\/td>\r\n        <\/tr>\r\n        <tr>\r\n            <td data-label=\"\">Consultas sobre vendedores y concesiones<\/td>\r\n            <td data-label=\"\"><a href=\"mailto:concessions@venturacountyfair.org\">concessions@venturacountyfair.org<\/a><\/td>\r\n        <\/tr>\r\n        <tr>\r\n            <td data-label=\"\">Consultas de los medios de comunicaci\u00f3n<\/td>\r\n            <td data-label=\"\"><a href=\"mailto:media@venturacountyfair.org\">media@venturacountyfair.org<\/a><\/td>\r\n        <\/tr>\r\n        <tr>\r\n            <td data-label=\"\">Oportunidades de patrocinio<\/td>\r\n            <td data-label=\"\"><a href=\"mailto:info@venturacountyfair.org\">info@venturacountyfair.org<\/a><\/td>\r\n        <\/tr>\r\n        <tr>\r\n            <td data-label=\"\">Heidi Ortiz, Directora General<\/td>\r\n            <td data-label=\"\"><a href=\"mailto:hortiz@venturacountyfair.org\">hortiz@venturacountyfair.org<\/a><\/td>\r\n        <\/tr>\r\n        <tr>\r\n            <td data-label=\"\">Exposiciones<\/td>\r\n            <td data-label=\"\"><a href=\"mailto:exhibits@venturacountyfair.org\">exhibits@venturacountyfair.org<\/a><\/td>\r\n        <\/tr>\r\n    <\/tbody>\r\n<\/table>\t\t\t\t<\/div>\n\t\t\t\t<\/div>\n\t\t\t\t\t<\/div>\n\t\t\t\t<\/div>\n\t\t\t\t<\/div>","protected":false},"excerpt":{"rendered":"<p>CONOZCA A NUESTRO EQUIPO Con\u00e9ctese con los profesionales que est\u00e1n detr\u00e1s de la Feria del Condado de Ventura. Ya sea que necesite ayuda, tenga preguntas o quiera dar su opini\u00f3n, nuestro equipo est\u00e1 aqu\u00ed para ayudar....<\/p>","protected":false},"author":1,"featured_media":7200,"parent":0,"menu_order":0,"comment_status":"closed","ping_status":"closed","template":"","meta":{"footnotes":""},"class_list":["post-9313","page","type-page","status-publish","has-post-thumbnail","hentry","have-post-thumb"],"yoast_head":"<!-- This site is optimized with the Yoast SEO Premium plugin v27.2 (Yoast SEO v27.2) - https:\/\/yoast.com\/product\/yoast-seo-premium-wordpress\/ -->\n<title>Staff Directory - Ventura County Fairgrounds<\/title>\n<meta name=\"robots\" content=\"index, follow, max-snippet:-1, max-image-preview:large, max-video-preview:-1\" \/>\n<link rel=\"canonical\" href=\"https:\/\/venturacountyfair.org\/es\/staff-directory\/\" \/>\n<meta property=\"og:locale\" content=\"es_MX\" \/>\n<meta property=\"og:type\" content=\"article\" \/>\n<meta property=\"og:title\" content=\"Staff Directory\" \/>\n<meta property=\"og:description\" content=\"MEET OUR TEAM Connect with the dedicated professionals behind the Ventura County Fair. Whether you need assistance, have questions, or want to provide feedback, our team is here to help....\" \/>\n<meta property=\"og:url\" content=\"https:\/\/venturacountyfair.org\/es\/staff-directory\/\" \/>\n<meta property=\"og:site_name\" content=\"Ventura County Fairgrounds\" \/>\n<meta property=\"article:modified_time\" content=\"2025-09-02T18:25:27+00:00\" \/>\n<meta property=\"og:image\" content=\"https:\/\/venturacountyfair.org\/wp-content\/uploads\/2024\/02\/DJI_0437-scaled.jpg\" \/>\n\t<meta property=\"og:image:width\" content=\"1705\" \/>\n\t<meta property=\"og:image:height\" content=\"2560\" \/>\n\t<meta property=\"og:image:type\" content=\"image\/jpeg\" \/>\n<meta name=\"twitter:card\" content=\"summary_large_image\" \/>\n<meta name=\"twitter:label1\" content=\"Tiempo de lectura\" \/>\n\t<meta name=\"twitter:data1\" content=\"1 minuto\" \/>\n<script type=\"application\/ld+json\" class=\"yoast-schema-graph\">{\"@context\":\"https:\/\/schema.org\",\"@graph\":[{\"@type\":\"WebPage\",\"@id\":\"https:\/\/venturacountyfair.org\/staff-directory\/\",\"url\":\"https:\/\/venturacountyfair.org\/staff-directory\/\",\"name\":\"Staff Directory - Ventura County Fairgrounds\",\"isPartOf\":{\"@id\":\"https:\/\/venturacountyfair.org\/#website\"},\"primaryImageOfPage\":{\"@id\":\"https:\/\/venturacountyfair.org\/staff-directory\/#primaryimage\"},\"image\":{\"@id\":\"https:\/\/venturacountyfair.org\/staff-directory\/#primaryimage\"},\"thumbnailUrl\":\"https:\/\/venturacountyfair.org\/wp-content\/uploads\/2024\/02\/DJI_0437-scaled.jpg\",\"datePublished\":\"2024-03-12T16:33:18+00:00\",\"dateModified\":\"2025-09-02T18:25:27+00:00\",\"breadcrumb\":{\"@id\":\"https:\/\/venturacountyfair.org\/staff-directory\/#breadcrumb\"},\"inLanguage\":\"es\",\"potentialAction\":[{\"@type\":\"ReadAction\",\"target\":[\"https:\/\/venturacountyfair.org\/staff-directory\/\"]}]},{\"@type\":\"ImageObject\",\"inLanguage\":\"es\",\"@id\":\"https:\/\/venturacountyfair.org\/staff-directory\/#primaryimage\",\"url\":\"https:\/\/venturacountyfair.org\/wp-content\/uploads\/2024\/02\/DJI_0437-scaled.jpg\",\"contentUrl\":\"https:\/\/venturacountyfair.org\/wp-content\/uploads\/2024\/02\/DJI_0437-scaled.jpg\",\"width\":1705,\"height\":2560},{\"@type\":\"BreadcrumbList\",\"@id\":\"https:\/\/venturacountyfair.org\/staff-directory\/#breadcrumb\",\"itemListElement\":[{\"@type\":\"ListItem\",\"position\":1,\"name\":\"Home\",\"item\":\"https:\/\/venturacountyfair.org\/\"},{\"@type\":\"ListItem\",\"position\":2,\"name\":\"Staff Directory\"}]},{\"@type\":\"WebSite\",\"@id\":\"https:\/\/venturacountyfair.org\/#website\",\"url\":\"https:\/\/venturacountyfair.org\/\",\"name\":\"Ventura County Fairgrounds\",\"description\":\"\",\"publisher\":{\"@id\":\"https:\/\/venturacountyfair.org\/#organization\"},\"potentialAction\":[{\"@type\":\"SearchAction\",\"target\":{\"@type\":\"EntryPoint\",\"urlTemplate\":\"https:\/\/venturacountyfair.org\/?s={search_term_string}\"},\"query-input\":{\"@type\":\"PropertyValueSpecification\",\"valueRequired\":true,\"valueName\":\"search_term_string\"}}],\"inLanguage\":\"es\"},{\"@type\":\"Organization\",\"@id\":\"https:\/\/venturacountyfair.org\/#organization\",\"name\":\"Ventura County Fairgrounds\",\"url\":\"https:\/\/venturacountyfair.org\/\",\"logo\":{\"@type\":\"ImageObject\",\"inLanguage\":\"es\",\"@id\":\"https:\/\/venturacountyfair.org\/#\/schema\/logo\/image\/\",\"url\":\"https:\/\/venturacountyfair.org\/wp-content\/uploads\/2024\/01\/cropped-cropped-favbase.png\",\"contentUrl\":\"https:\/\/venturacountyfair.org\/wp-content\/uploads\/2024\/01\/cropped-cropped-favbase.png\",\"width\":512,\"height\":512,\"caption\":\"Ventura County Fairgrounds\"},\"image\":{\"@id\":\"https:\/\/venturacountyfair.org\/#\/schema\/logo\/image\/\"}}]}<\/script>\n<!-- \/ Yoast SEO Premium plugin. -->","yoast_head_json":{"title":"Directorio de personal - Recinto Ferial del Condado de Ventura","robots":{"index":"index","follow":"follow","max-snippet":"max-snippet:-1","max-image-preview":"max-image-preview:large","max-video-preview":"max-video-preview:-1"},"canonical":"https:\/\/venturacountyfair.org\/es\/staff-directory\/","og_locale":"es_MX","og_type":"article","og_title":"Staff Directory","og_description":"MEET OUR TEAM Connect with the dedicated professionals behind the Ventura County Fair. Whether you need assistance, have questions, or want to provide feedback, our team is here to help....","og_url":"https:\/\/venturacountyfair.org\/es\/staff-directory\/","og_site_name":"Ventura County Fairgrounds","article_modified_time":"2025-09-02T18:25:27+00:00","og_image":[{"width":1705,"height":2560,"url":"https:\/\/venturacountyfair.org\/wp-content\/uploads\/2024\/02\/DJI_0437-scaled.jpg","type":"image\/jpeg"}],"twitter_card":"summary_large_image","twitter_misc":{"Tiempo de lectura":"1 minuto"},"schema":{"@context":"https:\/\/schema.org","@graph":[{"@type":"WebPage","@id":"https:\/\/venturacountyfair.org\/staff-directory\/","url":"https:\/\/venturacountyfair.org\/staff-directory\/","name":"Directorio de personal - Recinto Ferial del Condado de Ventura","isPartOf":{"@id":"https:\/\/venturacountyfair.org\/#website"},"primaryImageOfPage":{"@id":"https:\/\/venturacountyfair.org\/staff-directory\/#primaryimage"},"image":{"@id":"https:\/\/venturacountyfair.org\/staff-directory\/#primaryimage"},"thumbnailUrl":"https:\/\/venturacountyfair.org\/wp-content\/uploads\/2024\/02\/DJI_0437-scaled.jpg","datePublished":"2024-03-12T16:33:18+00:00","dateModified":"2025-09-02T18:25:27+00:00","breadcrumb":{"@id":"https:\/\/venturacountyfair.org\/staff-directory\/#breadcrumb"},"inLanguage":"es","potentialAction":[{"@type":"ReadAction","target":["https:\/\/venturacountyfair.org\/staff-directory\/"]}]},{"@type":"ImageObject","inLanguage":"es","@id":"https:\/\/venturacountyfair.org\/staff-directory\/#primaryimage","url":"https:\/\/venturacountyfair.org\/wp-content\/uploads\/2024\/02\/DJI_0437-scaled.jpg","contentUrl":"https:\/\/venturacountyfair.org\/wp-content\/uploads\/2024\/02\/DJI_0437-scaled.jpg","width":1705,"height":2560},{"@type":"BreadcrumbList","@id":"https:\/\/venturacountyfair.org\/staff-directory\/#breadcrumb","itemListElement":[{"@type":"ListItem","position":1,"name":"Home","item":"https:\/\/venturacountyfair.org\/"},{"@type":"ListItem","position":2,"name":"Staff Directory"}]},{"@type":"WebSite","@id":"https:\/\/venturacountyfair.org\/#website","url":"https:\/\/venturacountyfair.org\/","name":"Recinto Ferial del Condado de Ventura","description":"","publisher":{"@id":"https:\/\/venturacountyfair.org\/#organization"},"potentialAction":[{"@type":"SearchAction","target":{"@type":"EntryPoint","urlTemplate":"https:\/\/venturacountyfair.org\/?s={search_term_string}"},"query-input":{"@type":"PropertyValueSpecification","valueRequired":true,"valueName":"search_term_string"}}],"inLanguage":"es"},{"@type":"Organization","@id":"https:\/\/venturacountyfair.org\/#organization","name":"Recinto Ferial del Condado de Ventura","url":"https:\/\/venturacountyfair.org\/","logo":{"@type":"ImageObject","inLanguage":"es","@id":"https:\/\/venturacountyfair.org\/#\/schema\/logo\/image\/","url":"https:\/\/venturacountyfair.org\/wp-content\/uploads\/2024\/01\/cropped-cropped-favbase.png","contentUrl":"https:\/\/venturacountyfair.org\/wp-content\/uploads\/2024\/01\/cropped-cropped-favbase.png","width":512,"height":512,"caption":"Ventura County Fairgrounds"},"image":{"@id":"https:\/\/venturacountyfair.org\/#\/schema\/logo\/image\/"}}]}},"_links":{"self":[{"href":"https:\/\/venturacountyfair.org\/es\/wp-json\/wp\/v2\/pages\/9313","targetHints":{"allow":["GET"]}}],"collection":[{"href":"https:\/\/venturacountyfair.org\/es\/wp-json\/wp\/v2\/pages"}],"about":[{"href":"https:\/\/venturacountyfair.org\/es\/wp-json\/wp\/v2\/types\/page"}],"author":[{"embeddable":true,"href":"https:\/\/venturacountyfair.org\/es\/wp-json\/wp\/v2\/users\/1"}],"replies":[{"embeddable":true,"href":"https:\/\/venturacountyfair.org\/es\/wp-json\/wp\/v2\/comments?post=9313"}],"version-history":[{"count":52,"href":"https:\/\/venturacountyfair.org\/es\/wp-json\/wp\/v2\/pages\/9313\/revisions"}],"predecessor-version":[{"id":20898,"href":"https:\/\/venturacountyfair.org\/es\/wp-json\/wp\/v2\/pages\/9313\/revisions\/20898"}],"wp:featuredmedia":[{"embeddable":true,"href":"https:\/\/venturacountyfair.org\/es\/wp-json\/wp\/v2\/media\/7200"}],"wp:attachment":[{"href":"https:\/\/venturacountyfair.org\/es\/wp-json\/wp\/v2\/media?parent=9313"}],"curies":[{"name":"wp","href":"https:\/\/api.w.org\/{rel}","templated":true}]}}