{"id":9318,"date":"2024-03-12T09:33:54","date_gmt":"2024-03-12T16:33:54","guid":{"rendered":"https:\/\/venturacountyfair.org\/?page_id=9318"},"modified":"2026-03-10T11:46:54","modified_gmt":"2026-03-10T18:46:54","slug":"employment","status":"publish","type":"page","link":"https:\/\/venturacountyfair.org\/es\/employment\/","title":{"rendered":"Empleo"},"content":{"rendered":"<div data-elementor-type=\"wp-page\" data-elementor-id=\"9318\" class=\"elementor elementor-9318\" data-elementor-post-type=\"page\">\n\t\t\t\t<div class=\"elementor-element elementor-element-23d2cfd e-flex e-con-boxed e-con e-parent\" data-id=\"23d2cfd\" data-element_type=\"container\" data-e-type=\"container\">\n\t\t\t\t\t<div class=\"e-con-inner\">\n\t\t\t\t<div class=\"elementor-element elementor-element-fcaff27 elementor-align-center elementor-widget elementor-widget-rt-title\" data-id=\"fcaff27\" data-element_type=\"widget\" data-e-type=\"widget\" data-widget_type=\"rt-title.default\">\n\t\t\t\t<div class=\"elementor-widget-container\">\n\t\t\t\t\t<div class=\"section-heading style-two\">\n\t    <div class=\"heading-subtitle\">\u00daNETE AL EQUIPO<\/div>\n    <h2  class=\"heading-title\"><\/h2>    <h4 style=\"font-weight: 400;\">Si te ENCANTA la Feria del Condado de Ventura, \u00a1considera unirte al equipo! El recinto ferial necesita personas en\u00e9rgicas, amables y trabajadoras que ayuden a organizar eventos durante todo el a\u00f1o, incluido el mayor evento del condado: \u00a1la feria anual del condado de Ventura! \u00a1Aplique hoy!<\/h4>    \t\t<span class=\"line\"><\/span>\n\t<\/div>\t\t\t\t<\/div>\n\t\t\t\t<\/div>\n\t\t<div class=\"elementor-element elementor-element-bbc0be9 e-con-full e-flex e-con e-child\" data-id=\"bbc0be9\" data-element_type=\"container\" data-e-type=\"container\">\n\t\t\t\t<div class=\"elementor-element elementor-element-6aa63b1 elementor-align-center elementor-widget elementor-widget-button\" data-id=\"6aa63b1\" data-element_type=\"widget\" data-e-type=\"widget\" data-widget_type=\"button.default\">\n\t\t\t\t<div class=\"elementor-widget-container\">\n\t\t\t\t\t\t\t\t\t<div class=\"elementor-button-wrapper\">\n\t\t\t\t\t<a class=\"elementor-button elementor-button-link elementor-size-sm\" href=\"https:\/\/venturacountyfair.org\/wp-content\/uploads\/2026\/01\/VCF-Opportunity-Facilities-Event-Custodial-Staff.pdf\" target=\"_blank\">\n\t\t\t\t\t\t<span class=\"elementor-button-content-wrapper\">\n\t\t\t\t\t\t\t\t\t<span class=\"elementor-button-text\">Instalaciones \/ Personal de limpieza para eventos<\/span>\n\t\t\t\t\t<\/span>\n\t\t\t\t\t<\/a>\n\t\t\t\t<\/div>\n\t\t\t\t\t\t\t\t<\/div>\n\t\t\t\t<\/div>\n\t\t\t\t<\/div>\n\t\t\t\t\t<\/div>\n\t\t\t\t<\/div>\n\t\t\t\t<section class=\"elementor-section elementor-top-section elementor-element elementor-element-db77b83 elementor-section-boxed elementor-section-height-default elementor-section-height-default\" data-id=\"db77b83\" data-element_type=\"section\" data-e-type=\"section\">\n\t\t\t\t\t\t<div class=\"elementor-container elementor-column-gap-default\">\n\t\t\t\t\t<div class=\"elementor-column elementor-col-100 elementor-top-column elementor-element elementor-element-272623f\" data-id=\"272623f\" data-element_type=\"column\" data-e-type=\"column\">\n\t\t\t<div class=\"elementor-widget-wrap elementor-element-populated\">\n\t\t\t\t\t\t<div class=\"elementor-element elementor-element-1e7f1ff elementor-align-center elementor-widget elementor-widget-button\" data-id=\"1e7f1ff\" data-element_type=\"widget\" data-e-type=\"widget\" data-widget_type=\"button.default\">\n\t\t\t\t<div class=\"elementor-widget-container\">\n\t\t\t\t\t\t\t\t\t<div class=\"elementor-button-wrapper\">\n\t\t\t\t\t<a class=\"elementor-button elementor-button-link elementor-size-sm\" href=\"https:\/\/venturacountyfair.org\/es\/employment\/application\/\" target=\"_blank\">\n\t\t\t\t\t\t<span class=\"elementor-button-content-wrapper\">\n\t\t\t\t\t\t\t\t\t<span class=\"elementor-button-text\">Solicitud de empleo<\/span>\n\t\t\t\t\t<\/span>\n\t\t\t\t\t<\/a>\n\t\t\t\t<\/div>\n\t\t\t\t\t\t\t\t<\/div>\n\t\t\t\t<\/div>\n\t\t\t\t\t<\/div>\n\t\t<\/div>\n\t\t\t\t\t<\/div>\n\t\t<\/section>\n\t\t<div class=\"elementor-element elementor-element-84952af e-flex e-con-boxed e-con e-parent\" data-id=\"84952af\" data-element_type=\"container\" data-e-type=\"container\">\n\t\t\t\t\t<div class=\"e-con-inner\">\n\t\t\t\t<div class=\"elementor-element elementor-element-e2a7cbf elementor-align-left elementor-widget elementor-widget-rt-title\" data-id=\"e2a7cbf\" data-element_type=\"widget\" data-e-type=\"widget\" data-widget_type=\"rt-title.default\">\n\t\t\t\t<div class=\"elementor-widget-container\">\n\t\t\t\t\t<div class=\"section-heading style-one\">\n\t<h4  class=\"heading-title\">FERIA DE EMPLEO DEL CONDADO DE VENTURA<\/h4>    <div>\n\n<span style=\"color: #000000;\">Si te ENCANTA la Feria del Condado de Ventura, \u00a1considera unirte al equipo de la Feria del Condado de Ventura! La Feria necesita personas en\u00e9rgicas, amables y trabajadoras para ayudar a realizar el evento m\u00e1s grande del Condado de Ventura. Hay puestos disponibles en mantenimiento, admisiones, stand de recuerdos, taquilla y asistencia de oficina.<\/span> \n<br \/><br \/>\n<span style=\"color: #000000;\">Todos los empleados deben tener 18 a\u00f1os. Si tiene 17 a\u00f1os o menos, deber\u00e1 presentar un permiso de trabajo v\u00e1lido disponible a trav\u00e9s de su centro de estudios, a menos que ya se haya graduado en secundaria. Toda persona interesada en solicitar uno de nuestros puestos vacantes debe rellenar y enviar una solicitud de empleo (PDF).<\/span>\n<br \/><br \/>\n<span style=\"color: #000000;\">Una vez cumplimentado, entr\u00e9guelo en la Oficina de Administraci\u00f3n de la Feria, de lunes a viernes entre las 9.00 y las 17.00 horas, 10 W. Harbor Blvd., Ventura, CA 93001.<\/span>\n<br \/><br \/>\n<span style=\"color: #000000;\">S\u00f3lo se convocar\u00e1 a entrevista a los candidatos m\u00e1s cualificados para los puestos vacantes. Presentar una solicitud no es una promesa de empleo. Si usted es empleado de la Feria del Condado de Ventura, usted tiene el derecho de terminar su empleo en cualquier momento, y la Feria del Condado de Ventura tiene un derecho similar.<\/span>\n\n<\/div>    <\/div>\t\t\t\t<\/div>\n\t\t\t\t<\/div>\n\t\t\t\t<div class=\"elementor-element elementor-element-6ed221b elementor-align-left elementor-widget elementor-widget-rt-title\" data-id=\"6ed221b\" data-element_type=\"widget\" data-e-type=\"widget\" data-widget_type=\"rt-title.default\">\n\t\t\t\t<div class=\"elementor-widget-container\">\n\t\t\t\t\t<div class=\"section-heading style-one\">\n\t<h4  class=\"heading-title\">REQUISITOS I-9\/PERMISO DE TRABAJO<\/h4>    <span style=\"color: #000000;\">Si es seleccionado para un futuro empleo, se le pedir\u00e1 que aporte documentos que establezcan su identidad y su elegibilidad para trabajar en Estados Unidos, en cumplimiento de la Ley de Inmigraci\u00f3n y Reforma de 1986. Algunos de los documentos que pueden utilizarse para establecer la identidad o la elegibilidad incluyen:<\/span>\n<ul> \n \t<li><span style=\"color: #000000;\">Pasaporte de EE.UU.<\/span><\/li>\n \t<li><span style=\"color: #000000;\">Permiso de conducir o documento de identidad expedido por un Estado<\/span><\/li>\n \t<li><span style=\"color: #000000;\">Tarjeta de identificaci\u00f3n escolar con fotograf\u00eda<\/span><\/li>\n \t<li><span style=\"color: #000000;\">Tarjeta de la Seguridad Social de EE.UU.<\/span><\/li>\n \t<li><span style=\"color: #000000;\">Original o copia compulsada del certificado de nacimiento<\/span><\/li>\n \t<li><span style=\"color: #000000;\">Certificado de ciudadan\u00eda estadounidense<\/span><\/li>\n<\/ul>\n<span style=\"color: #000000;\">NO se le permitir\u00e1 empezar a trabajar hasta que no se presente este documento.<\/span>    <\/div>\t\t\t\t<\/div>\n\t\t\t\t<\/div>\n\t\t\t\t<div class=\"elementor-element elementor-element-6838603 elementor-align-left elementor-widget elementor-widget-rt-title\" data-id=\"6838603\" data-element_type=\"widget\" data-e-type=\"widget\" data-widget_type=\"rt-title.default\">\n\t\t\t\t<div class=\"elementor-widget-container\">\n\t\t\t\t\t<div class=\"section-heading style-one\">\n\t<h4  class=\"heading-title\">REEMBOLSO PERMANENTE, ESTACIONAL Y TEMPORAL (PST)<\/h4>    <p><span style=\"color: #000000;\">Los empleados estacionales que deseen solicitar el reembolso del PST deber\u00e1n llamar al 1-855-616-4776.<\/span><\/p>    <\/div>\t\t\t\t<\/div>\n\t\t\t\t<\/div>\n\t\t\t\t<div class=\"elementor-element elementor-element-c5382b2 elementor-align-left elementor-widget elementor-widget-rt-title\" data-id=\"c5382b2\" data-element_type=\"widget\" data-e-type=\"widget\" data-widget_type=\"rt-title.default\">\n\t\t\t\t<div class=\"elementor-widget-container\">\n\t\t\t\t\t<div class=\"section-heading style-one\">\n\t<h4  class=\"heading-title\">SE NECESITAN VOLUNTARIOS<\/h4>    <span style=\"color: #000000;\">\u00a1Los voluntarios juegan un GRAN papel en hacer que la Feria del Condado de Ventura suceda cada a\u00f1o! Si usted est\u00e1 interesado en ser voluntario en la Feria del Condado de Ventura 2023, por favor, env\u00ede nuestro en l\u00ednea\u00a0<a style=\"color: #000000;\" href=\"https:\/\/venturacountyfair.org\/es\/fair\/applications\/volunteer-application-2\/\">Solicitud de voluntariado<\/a>.<\/span>    <\/div>\t\t\t\t<\/div>\n\t\t\t\t<\/div>\n\t\t\t\t<div class=\"elementor-element elementor-element-9fe3503 elementor-align-left elementor-widget elementor-widget-rt-title\" data-id=\"9fe3503\" data-element_type=\"widget\" data-e-type=\"widget\" data-widget_type=\"rt-title.default\">\n\t\t\t\t<div class=\"elementor-widget-container\">\n\t\t\t\t\t<div class=\"section-heading style-one\">\n\t<h4  class=\"heading-title\">LA LEY DE MEGAN<\/h4>    <span style=\"color: #000000;\">Todos los empleados y voluntarios est\u00e1n sujetos a una comprobaci\u00f3n de la Ley de Megan antes de confirmar el empleo.<\/span>    <\/div>\t\t\t\t<\/div>\n\t\t\t\t<\/div>\n\t\t\t\t\t<\/div>\n\t\t\t\t<\/div>\n\t\t\t\t<\/div>","protected":false},"excerpt":{"rendered":"<p>\u00daNETE AL EQUIPO Si te ENCANTA la Feria del Condado de Ventura, \u00a1considera unirte al equipo! El recinto ferial necesita personas en\u00e9rgicas, amables y trabajadoras que ayuden a organizar eventos durante todo el a\u00f1o,...<\/p>","protected":false},"author":1,"featured_media":7200,"parent":0,"menu_order":0,"comment_status":"closed","ping_status":"closed","template":"","meta":{"footnotes":""},"class_list":["post-9318","page","type-page","status-publish","has-post-thumbnail","hentry","have-post-thumb"],"yoast_head":"<!-- This site is optimized with the Yoast SEO Premium plugin v27.2 (Yoast SEO v27.2) - https:\/\/yoast.com\/product\/yoast-seo-premium-wordpress\/ -->\n<title>Employment - Ventura County Fairgrounds<\/title>\n<meta name=\"robots\" content=\"index, follow, max-snippet:-1, max-image-preview:large, max-video-preview:-1\" \/>\n<link rel=\"canonical\" href=\"https:\/\/venturacountyfair.org\/es\/employment\/\" \/>\n<meta property=\"og:locale\" content=\"es_MX\" \/>\n<meta property=\"og:type\" content=\"article\" \/>\n<meta property=\"og:title\" content=\"Employment\" \/>\n<meta property=\"og:description\" content=\"JOIN THE TEAM If you LOVE the Ventura County Fairgrounds, consider joining the team! The Fairgrounds needs energetic, friendly and hard-working people to help put on event year-round, including the...\" \/>\n<meta property=\"og:url\" content=\"https:\/\/venturacountyfair.org\/es\/employment\/\" \/>\n<meta property=\"og:site_name\" content=\"Ventura County Fairgrounds\" \/>\n<meta property=\"article:modified_time\" content=\"2026-03-10T18:46:54+00:00\" \/>\n<meta property=\"og:image\" content=\"https:\/\/venturacountyfair.org\/wp-content\/uploads\/2024\/02\/DJI_0437-scaled.jpg\" \/>\n\t<meta property=\"og:image:width\" content=\"1705\" \/>\n\t<meta property=\"og:image:height\" content=\"2560\" \/>\n\t<meta property=\"og:image:type\" content=\"image\/jpeg\" \/>\n<meta name=\"twitter:card\" content=\"summary_large_image\" \/>\n<meta name=\"twitter:label1\" content=\"Tiempo de lectura\" \/>\n\t<meta name=\"twitter:data1\" content=\"2 minutos\" \/>\n<script type=\"application\/ld+json\" class=\"yoast-schema-graph\">{\"@context\":\"https:\/\/schema.org\",\"@graph\":[{\"@type\":\"WebPage\",\"@id\":\"https:\/\/venturacountyfair.org\/employment\/\",\"url\":\"https:\/\/venturacountyfair.org\/employment\/\",\"name\":\"Employment - Ventura County Fairgrounds\",\"isPartOf\":{\"@id\":\"https:\/\/venturacountyfair.org\/#website\"},\"primaryImageOfPage\":{\"@id\":\"https:\/\/venturacountyfair.org\/employment\/#primaryimage\"},\"image\":{\"@id\":\"https:\/\/venturacountyfair.org\/employment\/#primaryimage\"},\"thumbnailUrl\":\"https:\/\/venturacountyfair.org\/wp-content\/uploads\/2024\/02\/DJI_0437-scaled.jpg\",\"datePublished\":\"2024-03-12T16:33:54+00:00\",\"dateModified\":\"2026-03-10T18:46:54+00:00\",\"breadcrumb\":{\"@id\":\"https:\/\/venturacountyfair.org\/employment\/#breadcrumb\"},\"inLanguage\":\"es\",\"potentialAction\":[{\"@type\":\"ReadAction\",\"target\":[\"https:\/\/venturacountyfair.org\/employment\/\"]}]},{\"@type\":\"ImageObject\",\"inLanguage\":\"es\",\"@id\":\"https:\/\/venturacountyfair.org\/employment\/#primaryimage\",\"url\":\"https:\/\/venturacountyfair.org\/wp-content\/uploads\/2024\/02\/DJI_0437-scaled.jpg\",\"contentUrl\":\"https:\/\/venturacountyfair.org\/wp-content\/uploads\/2024\/02\/DJI_0437-scaled.jpg\",\"width\":1705,\"height\":2560},{\"@type\":\"BreadcrumbList\",\"@id\":\"https:\/\/venturacountyfair.org\/employment\/#breadcrumb\",\"itemListElement\":[{\"@type\":\"ListItem\",\"position\":1,\"name\":\"Home\",\"item\":\"https:\/\/venturacountyfair.org\/\"},{\"@type\":\"ListItem\",\"position\":2,\"name\":\"Employment\"}]},{\"@type\":\"WebSite\",\"@id\":\"https:\/\/venturacountyfair.org\/#website\",\"url\":\"https:\/\/venturacountyfair.org\/\",\"name\":\"Ventura County Fairgrounds\",\"description\":\"\",\"publisher\":{\"@id\":\"https:\/\/venturacountyfair.org\/#organization\"},\"potentialAction\":[{\"@type\":\"SearchAction\",\"target\":{\"@type\":\"EntryPoint\",\"urlTemplate\":\"https:\/\/venturacountyfair.org\/?s={search_term_string}\"},\"query-input\":{\"@type\":\"PropertyValueSpecification\",\"valueRequired\":true,\"valueName\":\"search_term_string\"}}],\"inLanguage\":\"es\"},{\"@type\":\"Organization\",\"@id\":\"https:\/\/venturacountyfair.org\/#organization\",\"name\":\"Ventura County Fairgrounds\",\"url\":\"https:\/\/venturacountyfair.org\/\",\"logo\":{\"@type\":\"ImageObject\",\"inLanguage\":\"es\",\"@id\":\"https:\/\/venturacountyfair.org\/#\/schema\/logo\/image\/\",\"url\":\"https:\/\/venturacountyfair.org\/wp-content\/uploads\/2024\/01\/cropped-cropped-favbase.png\",\"contentUrl\":\"https:\/\/venturacountyfair.org\/wp-content\/uploads\/2024\/01\/cropped-cropped-favbase.png\",\"width\":512,\"height\":512,\"caption\":\"Ventura County Fairgrounds\"},\"image\":{\"@id\":\"https:\/\/venturacountyfair.org\/#\/schema\/logo\/image\/\"}}]}<\/script>\n<!-- \/ Yoast SEO Premium plugin. -->","yoast_head_json":{"title":"Empleo - Recinto Ferial del Condado de Ventura","robots":{"index":"index","follow":"follow","max-snippet":"max-snippet:-1","max-image-preview":"max-image-preview:large","max-video-preview":"max-video-preview:-1"},"canonical":"https:\/\/venturacountyfair.org\/es\/employment\/","og_locale":"es_MX","og_type":"article","og_title":"Employment","og_description":"JOIN THE TEAM If you LOVE the Ventura County Fairgrounds, consider joining the team! The Fairgrounds needs energetic, friendly and hard-working people to help put on event year-round, including the...","og_url":"https:\/\/venturacountyfair.org\/es\/employment\/","og_site_name":"Ventura County Fairgrounds","article_modified_time":"2026-03-10T18:46:54+00:00","og_image":[{"width":1705,"height":2560,"url":"https:\/\/venturacountyfair.org\/wp-content\/uploads\/2024\/02\/DJI_0437-scaled.jpg","type":"image\/jpeg"}],"twitter_card":"summary_large_image","twitter_misc":{"Tiempo de lectura":"2 minutos"},"schema":{"@context":"https:\/\/schema.org","@graph":[{"@type":"WebPage","@id":"https:\/\/venturacountyfair.org\/employment\/","url":"https:\/\/venturacountyfair.org\/employment\/","name":"Empleo - Recinto Ferial del Condado de Ventura","isPartOf":{"@id":"https:\/\/venturacountyfair.org\/#website"},"primaryImageOfPage":{"@id":"https:\/\/venturacountyfair.org\/employment\/#primaryimage"},"image":{"@id":"https:\/\/venturacountyfair.org\/employment\/#primaryimage"},"thumbnailUrl":"https:\/\/venturacountyfair.org\/wp-content\/uploads\/2024\/02\/DJI_0437-scaled.jpg","datePublished":"2024-03-12T16:33:54+00:00","dateModified":"2026-03-10T18:46:54+00:00","breadcrumb":{"@id":"https:\/\/venturacountyfair.org\/employment\/#breadcrumb"},"inLanguage":"es","potentialAction":[{"@type":"ReadAction","target":["https:\/\/venturacountyfair.org\/employment\/"]}]},{"@type":"ImageObject","inLanguage":"es","@id":"https:\/\/venturacountyfair.org\/employment\/#primaryimage","url":"https:\/\/venturacountyfair.org\/wp-content\/uploads\/2024\/02\/DJI_0437-scaled.jpg","contentUrl":"https:\/\/venturacountyfair.org\/wp-content\/uploads\/2024\/02\/DJI_0437-scaled.jpg","width":1705,"height":2560},{"@type":"BreadcrumbList","@id":"https:\/\/venturacountyfair.org\/employment\/#breadcrumb","itemListElement":[{"@type":"ListItem","position":1,"name":"Home","item":"https:\/\/venturacountyfair.org\/"},{"@type":"ListItem","position":2,"name":"Employment"}]},{"@type":"WebSite","@id":"https:\/\/venturacountyfair.org\/#website","url":"https:\/\/venturacountyfair.org\/","name":"Recinto Ferial del Condado de Ventura","description":"","publisher":{"@id":"https:\/\/venturacountyfair.org\/#organization"},"potentialAction":[{"@type":"SearchAction","target":{"@type":"EntryPoint","urlTemplate":"https:\/\/venturacountyfair.org\/?s={search_term_string}"},"query-input":{"@type":"PropertyValueSpecification","valueRequired":true,"valueName":"search_term_string"}}],"inLanguage":"es"},{"@type":"Organization","@id":"https:\/\/venturacountyfair.org\/#organization","name":"Recinto Ferial del Condado de Ventura","url":"https:\/\/venturacountyfair.org\/","logo":{"@type":"ImageObject","inLanguage":"es","@id":"https:\/\/venturacountyfair.org\/#\/schema\/logo\/image\/","url":"https:\/\/venturacountyfair.org\/wp-content\/uploads\/2024\/01\/cropped-cropped-favbase.png","contentUrl":"https:\/\/venturacountyfair.org\/wp-content\/uploads\/2024\/01\/cropped-cropped-favbase.png","width":512,"height":512,"caption":"Ventura County Fairgrounds"},"image":{"@id":"https:\/\/venturacountyfair.org\/#\/schema\/logo\/image\/"}}]}},"_links":{"self":[{"href":"https:\/\/venturacountyfair.org\/es\/wp-json\/wp\/v2\/pages\/9318","targetHints":{"allow":["GET"]}}],"collection":[{"href":"https:\/\/venturacountyfair.org\/es\/wp-json\/wp\/v2\/pages"}],"about":[{"href":"https:\/\/venturacountyfair.org\/es\/wp-json\/wp\/v2\/types\/page"}],"author":[{"embeddable":true,"href":"https:\/\/venturacountyfair.org\/es\/wp-json\/wp\/v2\/users\/1"}],"replies":[{"embeddable":true,"href":"https:\/\/venturacountyfair.org\/es\/wp-json\/wp\/v2\/comments?post=9318"}],"version-history":[{"count":40,"href":"https:\/\/venturacountyfair.org\/es\/wp-json\/wp\/v2\/pages\/9318\/revisions"}],"predecessor-version":[{"id":22103,"href":"https:\/\/venturacountyfair.org\/es\/wp-json\/wp\/v2\/pages\/9318\/revisions\/22103"}],"wp:featuredmedia":[{"embeddable":true,"href":"https:\/\/venturacountyfair.org\/es\/wp-json\/wp\/v2\/media\/7200"}],"wp:attachment":[{"href":"https:\/\/venturacountyfair.org\/es\/wp-json\/wp\/v2\/media?parent=9318"}],"curies":[{"name":"wp","href":"https:\/\/api.w.org\/{rel}","templated":true}]}}