{"id":9329,"date":"2024-03-12T09:35:15","date_gmt":"2024-03-12T16:35:15","guid":{"rendered":"https:\/\/venturacountyfair.org\/?page_id=9329"},"modified":"2026-05-07T09:25:36","modified_gmt":"2026-05-07T16:25:36","slug":"media","status":"publish","type":"page","link":"https:\/\/venturacountyfair.org\/es\/media\/","title":{"rendered":"Medios de comunicaci\u00f3n"},"content":{"rendered":"<div data-elementor-type=\"wp-page\" data-elementor-id=\"9329\" class=\"elementor elementor-9329\" data-elementor-post-type=\"page\">\n\t\t\t\t<div class=\"elementor-element elementor-element-18514d5 e-flex e-con-boxed e-con e-parent\" data-id=\"18514d5\" data-element_type=\"container\" data-e-type=\"container\">\n\t\t\t\t\t<div class=\"e-con-inner\">\n\t\t\t\t<div class=\"elementor-element elementor-element-e630724 elementor-align-center elementor-widget elementor-widget-rt-title\" data-id=\"e630724\" data-element_type=\"widget\" data-e-type=\"widget\" data-widget_type=\"rt-title.default\">\n\t\t\t\t<div class=\"elementor-widget-container\">\n\t\t\t\t\t<div class=\"section-heading style-two\">\n\t    <div class=\"heading-subtitle\">COMUNICADOS DE PRENSA<\/div>\n    <h2  class=\"heading-title\"><\/h2>        \t\t<span class=\"line\"><\/span>\n\t<\/div>\t\t\t\t<\/div>\n\t\t\t\t<\/div>\n\t\t\t\t<div class=\"elementor-element elementor-element-d716355 elementor-widget elementor-widget-text-editor\" data-id=\"d716355\" data-element_type=\"widget\" data-e-type=\"widget\" data-widget_type=\"text-editor.default\">\n\t\t\t\t<div class=\"elementor-widget-container\">\n\t\t\t\t\t\t\t\t\t<p style=\"text-align: center;\"><span style=\"color: #ff48c4;\"><a style=\"color: #ff48c4;\" href=\"https:\/\/venturacountyfair.org\/wp-content\/uploads\/2025\/02\/Ventura-County-Fairgrounds-Press-Release-H.-Ortiz-Named-New-CEO.pdf\">Ventura County Fairgrounds &amp; Event Center da la bienvenida a su nuevo Director General<\/a><\/span><\/p>\t\t\t\t\t\t\t\t<\/div>\n\t\t\t\t<\/div>\n\t\t\t\t<div class=\"elementor-element elementor-element-69e915d elementor-align-center elementor-widget elementor-widget-rt-title\" data-id=\"69e915d\" data-element_type=\"widget\" data-e-type=\"widget\" data-widget_type=\"rt-title.default\">\n\t\t\t\t<div class=\"elementor-widget-container\">\n\t\t\t\t\t<div class=\"section-heading style-two\">\n\t    <div class=\"heading-subtitle\">Solicitudes de medios para la Feria del Condado de Ventura 2026<\/div>\n    <h2  class=\"heading-title\"><\/h2>        \t\t<span class=\"line\"><\/span>\n\t<\/div>\t\t\t\t<\/div>\n\t\t\t\t<\/div>\n\t\t\t\t<div class=\"elementor-element elementor-element-882ab75 elementor-widget elementor-widget-text-editor\" data-id=\"882ab75\" data-element_type=\"widget\" data-e-type=\"widget\" data-widget_type=\"text-editor.default\">\n\t\t\t\t<div class=\"elementor-widget-container\">\n\t\t\t\t\t\t\t\t\t<p><span style=\"color: #000000;\">Se otorga una cantidad limitada de credenciales de prensa a miembros calificados de la prensa, creadores de contenido, fot\u00f3grafos y vide\u00f3grafos.\u00a0<\/span><\/p><p><span style=\"color: #000000;\">Para calificar para un\u00a0<strong>credencial de prensa<\/strong>, el solicitante debe cumplir los siguientes requisitos:<\/span><\/p><ul><li><span style=\"color: #000000;\">Debe representar a una publicaci\u00f3n activa y accesible en l\u00ednea o impresa. Los sitios web personales, los portafolios y las publicaciones en redes sociales no se consideran publicaciones.<\/span><\/li><\/ul><ul><li><span style=\"color: #000000;\">Tener credenciales oficiales de prensa\/medios de comunicaci\u00f3n para la publicaci\u00f3n en l\u00ednea o impresa<\/span><\/li><\/ul><ul><li><span style=\"color: #000000;\">Env\u00ede dos (2) enlaces a trabajos relevantes y recientes con la publicaci\u00f3n<\/span><\/li><\/ul><ul><li><span style=\"color: #000000;\">Confirme que el uso de las credenciales es \u00fanicamente para cubrir la Feria del Condado de Ventura 2026.<\/span><\/li><\/ul><p><span style=\"color: #000000;\">Podemos emitir un m\u00e1ximo de tres (2) credenciales por medio de comunicaci\u00f3n, a menos que se requiera un equipo de c\u00e1mara de noticias.\u00a0<\/span><\/p><p><span style=\"color: #000000;\">Para postularse como\u00a0<strong>creador de contenido\u00a0<\/strong>credencial, por favor complete el siguiente formulario. Todas las solicitudes ser\u00e1n tomadas en cuenta.\u00a0<\/span><\/p><p><span style=\"color: #000000;\">Para postularte y ser considerado para\u00a0<strong>servicios de fotograf\u00eda, video y\/o drones<\/strong>, por favor complete el siguiente formulario. Todas las presentaciones ser\u00e1n tomadas en consideraci\u00f3n.\u00a0<\/span><\/p><p><span style=\"color: #000000;\"><strong>Las solicitudes aprobadas presentadas a m\u00e1s tardar el 10 de julio de 2026 se pueden recoger con antelaci\u00f3n. Una vez aprobado, se te notificar\u00e1 y se te dar\u00e1n instrucciones para la recogida.\u00a0<\/strong><\/span><\/p><p><span style=\"color: #000000;\">Tenga en cuenta lo siguiente:<\/span><\/p><ul><li><span style=\"color: #000000;\">Las credenciales s\u00f3lo pueden ser utilizadas por la persona a la que han sido expedidas y \u00fanicamente para el fin para el que han sido expedidas.<\/span><\/li><\/ul><ul><li><span style=\"color: #000000;\">Las credenciales no permiten acceso completo a la feria, solo a las \u00e1reas p\u00fablicas. Las \u00e1reas excluidas incluyen, entre otras, el backstage, el foso, la arena de rodeo y m\u00e1s. Las credenciales no pueden utilizarse para juegos mec\u00e1nicos o de feria.\u00a0<\/span><\/li><\/ul><ul><li><span style=\"color: #000000;\">El Recinto Ferial se reserva el derecho de revocar las credenciales en cualquier momento<\/span><\/li><\/ul><ul><li><span style=\"color: #000000;\">El uso indebido de las credenciales del recinto ferial conllevar\u00e1 la suspensi\u00f3n de su uso y la limitaci\u00f3n o prohibici\u00f3n de su uso futuro en el recinto ferial<\/span><\/li><\/ul>\t\t\t\t\t\t\t\t<\/div>\n\t\t\t\t<\/div>\n\t\t<div class=\"elementor-element elementor-element-f71c091 e-con-full e-flex e-con e-child\" data-id=\"f71c091\" data-element_type=\"container\" data-e-type=\"container\">\n\t\t\t\t<div class=\"elementor-element elementor-element-9e70a79 elementor-align-center elementor-widget__width-auto elementor-widget elementor-widget-button\" data-id=\"9e70a79\" data-element_type=\"widget\" data-e-type=\"widget\" data-widget_type=\"button.default\">\n\t\t\t\t<div class=\"elementor-widget-container\">\n\t\t\t\t\t\t\t\t\t<div class=\"elementor-button-wrapper\">\n\t\t\t\t\t<a class=\"elementor-button elementor-button-link elementor-size-sm\" href=\"https:\/\/forms.gle\/HzWY9BdyA79mNgbD7\" target=\"_blank\">\n\t\t\t\t\t\t<span class=\"elementor-button-content-wrapper\">\n\t\t\t\t\t\t\t\t\t<span class=\"elementor-button-text\">Solicitud de medios justos<\/span>\n\t\t\t\t\t<\/span>\n\t\t\t\t\t<\/a>\n\t\t\t\t<\/div>\n\t\t\t\t\t\t\t\t<\/div>\n\t\t\t\t<\/div>\n\t\t\t\t<div class=\"elementor-element elementor-element-eb59ba4 elementor-align-center elementor-widget elementor-widget-button\" data-id=\"eb59ba4\" data-element_type=\"widget\" data-e-type=\"widget\" data-widget_type=\"button.default\">\n\t\t\t\t<div class=\"elementor-widget-container\">\n\t\t\t\t\t\t\t\t\t<div class=\"elementor-button-wrapper\">\n\t\t\t\t\t<a class=\"elementor-button elementor-button-link elementor-size-sm\" href=\"https:\/\/forms.gle\/R1dr3888SRwwHYYL6\" target=\"_blank\">\n\t\t\t\t\t\t<span class=\"elementor-button-content-wrapper\">\n\t\t\t\t\t\t\t\t\t<span class=\"elementor-button-text\">Solicitud de Creador de Contenido<\/span>\n\t\t\t\t\t<\/span>\n\t\t\t\t\t<\/a>\n\t\t\t\t<\/div>\n\t\t\t\t\t\t\t\t<\/div>\n\t\t\t\t<\/div>\n\t\t\t\t<div class=\"elementor-element elementor-element-b94e498 elementor-align-center elementor-widget elementor-widget-button\" data-id=\"b94e498\" data-element_type=\"widget\" data-e-type=\"widget\" data-widget_type=\"button.default\">\n\t\t\t\t<div class=\"elementor-widget-container\">\n\t\t\t\t\t\t\t\t\t<div class=\"elementor-button-wrapper\">\n\t\t\t\t\t<a class=\"elementor-button elementor-button-link elementor-size-sm\" href=\"https:\/\/forms.gle\/E7NHksLnYDKzqkmy9\" target=\"_blank\">\n\t\t\t\t\t\t<span class=\"elementor-button-content-wrapper\">\n\t\t\t\t\t\t\t\t\t<span class=\"elementor-button-text\">Solicitud de foto\/video<\/span>\n\t\t\t\t\t<\/span>\n\t\t\t\t\t<\/a>\n\t\t\t\t<\/div>\n\t\t\t\t\t\t\t\t<\/div>\n\t\t\t\t<\/div>\n\t\t\t\t<\/div>\n\t\t\t\t\t<\/div>\n\t\t\t\t<\/div>\n\t\t\t\t<\/div>","protected":false},"excerpt":{"rendered":"<p>PRESS RELEASES Ventura County Fairgrounds &#038; Event Center Welcomes New CEO 2026 Ventura County Fair Media Requests A limited quantity of media credentials are given to qualifying members of the&#8230;<\/p>","protected":false},"author":1,"featured_media":7199,"parent":0,"menu_order":0,"comment_status":"closed","ping_status":"closed","template":"","meta":{"footnotes":""},"class_list":["post-9329","page","type-page","status-publish","has-post-thumbnail","hentry","have-post-thumb"],"yoast_head":"<!-- This site is optimized with the Yoast SEO Premium plugin v27.2 (Yoast SEO v27.2) - https:\/\/yoast.com\/product\/yoast-seo-premium-wordpress\/ -->\n<title>Media - Ventura County Fairgrounds<\/title>\n<meta name=\"robots\" content=\"index, follow, max-snippet:-1, max-image-preview:large, max-video-preview:-1\" \/>\n<link rel=\"canonical\" href=\"https:\/\/venturacountyfair.org\/es\/media\/\" \/>\n<meta property=\"og:locale\" content=\"es_MX\" \/>\n<meta property=\"og:type\" content=\"article\" \/>\n<meta property=\"og:title\" content=\"Media\" \/>\n<meta property=\"og:description\" content=\"PRESS RELEASES Ventura County Fairgrounds &#038; Event Center Welcomes New CEO 2026 Ventura County Fair Media Requests A limited quantity of media credentials are given to qualifying members of the...\" \/>\n<meta property=\"og:url\" content=\"https:\/\/venturacountyfair.org\/es\/media\/\" \/>\n<meta property=\"og:site_name\" content=\"Ventura County Fairgrounds\" \/>\n<meta property=\"article:modified_time\" content=\"2026-05-07T16:25:36+00:00\" \/>\n<meta property=\"og:image\" content=\"https:\/\/venturacountyfair.org\/wp-content\/uploads\/2024\/02\/DJI_0429-scaled.jpg\" \/>\n\t<meta property=\"og:image:width\" content=\"1705\" \/>\n\t<meta property=\"og:image:height\" content=\"2560\" \/>\n\t<meta property=\"og:image:type\" content=\"image\/jpeg\" \/>\n<meta name=\"twitter:card\" content=\"summary_large_image\" \/>\n<meta name=\"twitter:label1\" content=\"Tiempo de lectura\" \/>\n\t<meta name=\"twitter:data1\" content=\"2 minutos\" \/>\n<script type=\"application\/ld+json\" class=\"yoast-schema-graph\">{\"@context\":\"https:\/\/schema.org\",\"@graph\":[{\"@type\":\"WebPage\",\"@id\":\"https:\/\/venturacountyfair.org\/media\/\",\"url\":\"https:\/\/venturacountyfair.org\/media\/\",\"name\":\"Media - Ventura County Fairgrounds\",\"isPartOf\":{\"@id\":\"https:\/\/venturacountyfair.org\/#website\"},\"primaryImageOfPage\":{\"@id\":\"https:\/\/venturacountyfair.org\/media\/#primaryimage\"},\"image\":{\"@id\":\"https:\/\/venturacountyfair.org\/media\/#primaryimage\"},\"thumbnailUrl\":\"https:\/\/venturacountyfair.org\/wp-content\/uploads\/2024\/02\/DJI_0429-scaled.jpg\",\"datePublished\":\"2024-03-12T16:35:15+00:00\",\"dateModified\":\"2026-05-07T16:25:36+00:00\",\"breadcrumb\":{\"@id\":\"https:\/\/venturacountyfair.org\/media\/#breadcrumb\"},\"inLanguage\":\"es\",\"potentialAction\":[{\"@type\":\"ReadAction\",\"target\":[\"https:\/\/venturacountyfair.org\/media\/\"]}]},{\"@type\":\"ImageObject\",\"inLanguage\":\"es\",\"@id\":\"https:\/\/venturacountyfair.org\/media\/#primaryimage\",\"url\":\"https:\/\/venturacountyfair.org\/wp-content\/uploads\/2024\/02\/DJI_0429-scaled.jpg\",\"contentUrl\":\"https:\/\/venturacountyfair.org\/wp-content\/uploads\/2024\/02\/DJI_0429-scaled.jpg\",\"width\":1705,\"height\":2560},{\"@type\":\"BreadcrumbList\",\"@id\":\"https:\/\/venturacountyfair.org\/media\/#breadcrumb\",\"itemListElement\":[{\"@type\":\"ListItem\",\"position\":1,\"name\":\"Home\",\"item\":\"https:\/\/venturacountyfair.org\/\"},{\"@type\":\"ListItem\",\"position\":2,\"name\":\"Media\"}]},{\"@type\":\"WebSite\",\"@id\":\"https:\/\/venturacountyfair.org\/#website\",\"url\":\"https:\/\/venturacountyfair.org\/\",\"name\":\"Ventura County Fairgrounds\",\"description\":\"\",\"publisher\":{\"@id\":\"https:\/\/venturacountyfair.org\/#organization\"},\"potentialAction\":[{\"@type\":\"SearchAction\",\"target\":{\"@type\":\"EntryPoint\",\"urlTemplate\":\"https:\/\/venturacountyfair.org\/?s={search_term_string}\"},\"query-input\":{\"@type\":\"PropertyValueSpecification\",\"valueRequired\":true,\"valueName\":\"search_term_string\"}}],\"inLanguage\":\"es\"},{\"@type\":\"Organization\",\"@id\":\"https:\/\/venturacountyfair.org\/#organization\",\"name\":\"Ventura County Fairgrounds\",\"url\":\"https:\/\/venturacountyfair.org\/\",\"logo\":{\"@type\":\"ImageObject\",\"inLanguage\":\"es\",\"@id\":\"https:\/\/venturacountyfair.org\/#\/schema\/logo\/image\/\",\"url\":\"https:\/\/venturacountyfair.org\/wp-content\/uploads\/2024\/01\/cropped-cropped-favbase.png\",\"contentUrl\":\"https:\/\/venturacountyfair.org\/wp-content\/uploads\/2024\/01\/cropped-cropped-favbase.png\",\"width\":512,\"height\":512,\"caption\":\"Ventura County Fairgrounds\"},\"image\":{\"@id\":\"https:\/\/venturacountyfair.org\/#\/schema\/logo\/image\/\"}}]}<\/script>\n<!-- \/ Yoast SEO Premium plugin. -->","yoast_head_json":{"title":"Medios de comunicaci\u00f3n - Recinto ferial del condado de Ventura","robots":{"index":"index","follow":"follow","max-snippet":"max-snippet:-1","max-image-preview":"max-image-preview:large","max-video-preview":"max-video-preview:-1"},"canonical":"https:\/\/venturacountyfair.org\/es\/media\/","og_locale":"es_MX","og_type":"article","og_title":"Media","og_description":"PRESS RELEASES Ventura County Fairgrounds &#038; Event Center Welcomes New CEO 2026 Ventura County Fair Media Requests A limited quantity of media credentials are given to qualifying members of the...","og_url":"https:\/\/venturacountyfair.org\/es\/media\/","og_site_name":"Ventura County Fairgrounds","article_modified_time":"2026-05-07T16:25:36+00:00","og_image":[{"width":1705,"height":2560,"url":"https:\/\/venturacountyfair.org\/wp-content\/uploads\/2024\/02\/DJI_0429-scaled.jpg","type":"image\/jpeg"}],"twitter_card":"summary_large_image","twitter_misc":{"Tiempo de lectura":"2 minutos"},"schema":{"@context":"https:\/\/schema.org","@graph":[{"@type":"WebPage","@id":"https:\/\/venturacountyfair.org\/media\/","url":"https:\/\/venturacountyfair.org\/media\/","name":"Medios de comunicaci\u00f3n - Recinto ferial del condado de Ventura","isPartOf":{"@id":"https:\/\/venturacountyfair.org\/#website"},"primaryImageOfPage":{"@id":"https:\/\/venturacountyfair.org\/media\/#primaryimage"},"image":{"@id":"https:\/\/venturacountyfair.org\/media\/#primaryimage"},"thumbnailUrl":"https:\/\/venturacountyfair.org\/wp-content\/uploads\/2024\/02\/DJI_0429-scaled.jpg","datePublished":"2024-03-12T16:35:15+00:00","dateModified":"2026-05-07T16:25:36+00:00","breadcrumb":{"@id":"https:\/\/venturacountyfair.org\/media\/#breadcrumb"},"inLanguage":"es","potentialAction":[{"@type":"ReadAction","target":["https:\/\/venturacountyfair.org\/media\/"]}]},{"@type":"ImageObject","inLanguage":"es","@id":"https:\/\/venturacountyfair.org\/media\/#primaryimage","url":"https:\/\/venturacountyfair.org\/wp-content\/uploads\/2024\/02\/DJI_0429-scaled.jpg","contentUrl":"https:\/\/venturacountyfair.org\/wp-content\/uploads\/2024\/02\/DJI_0429-scaled.jpg","width":1705,"height":2560},{"@type":"BreadcrumbList","@id":"https:\/\/venturacountyfair.org\/media\/#breadcrumb","itemListElement":[{"@type":"ListItem","position":1,"name":"Home","item":"https:\/\/venturacountyfair.org\/"},{"@type":"ListItem","position":2,"name":"Media"}]},{"@type":"WebSite","@id":"https:\/\/venturacountyfair.org\/#website","url":"https:\/\/venturacountyfair.org\/","name":"Recinto Ferial del Condado de Ventura","description":"","publisher":{"@id":"https:\/\/venturacountyfair.org\/#organization"},"potentialAction":[{"@type":"SearchAction","target":{"@type":"EntryPoint","urlTemplate":"https:\/\/venturacountyfair.org\/?s={search_term_string}"},"query-input":{"@type":"PropertyValueSpecification","valueRequired":true,"valueName":"search_term_string"}}],"inLanguage":"es"},{"@type":"Organization","@id":"https:\/\/venturacountyfair.org\/#organization","name":"Recinto Ferial del Condado de Ventura","url":"https:\/\/venturacountyfair.org\/","logo":{"@type":"ImageObject","inLanguage":"es","@id":"https:\/\/venturacountyfair.org\/#\/schema\/logo\/image\/","url":"https:\/\/venturacountyfair.org\/wp-content\/uploads\/2024\/01\/cropped-cropped-favbase.png","contentUrl":"https:\/\/venturacountyfair.org\/wp-content\/uploads\/2024\/01\/cropped-cropped-favbase.png","width":512,"height":512,"caption":"Ventura County Fairgrounds"},"image":{"@id":"https:\/\/venturacountyfair.org\/#\/schema\/logo\/image\/"}}]}},"_links":{"self":[{"href":"https:\/\/venturacountyfair.org\/es\/wp-json\/wp\/v2\/pages\/9329","targetHints":{"allow":["GET"]}}],"collection":[{"href":"https:\/\/venturacountyfair.org\/es\/wp-json\/wp\/v2\/pages"}],"about":[{"href":"https:\/\/venturacountyfair.org\/es\/wp-json\/wp\/v2\/types\/page"}],"author":[{"embeddable":true,"href":"https:\/\/venturacountyfair.org\/es\/wp-json\/wp\/v2\/users\/1"}],"replies":[{"embeddable":true,"href":"https:\/\/venturacountyfair.org\/es\/wp-json\/wp\/v2\/comments?post=9329"}],"version-history":[{"count":46,"href":"https:\/\/venturacountyfair.org\/es\/wp-json\/wp\/v2\/pages\/9329\/revisions"}],"predecessor-version":[{"id":22979,"href":"https:\/\/venturacountyfair.org\/es\/wp-json\/wp\/v2\/pages\/9329\/revisions\/22979"}],"wp:featuredmedia":[{"embeddable":true,"href":"https:\/\/venturacountyfair.org\/es\/wp-json\/wp\/v2\/media\/7199"}],"wp:attachment":[{"href":"https:\/\/venturacountyfair.org\/es\/wp-json\/wp\/v2\/media?parent=9329"}],"curies":[{"name":"wp","href":"https:\/\/api.w.org\/{rel}","templated":true}]}}