{"id":9336,"date":"2024-03-12T09:37:26","date_gmt":"2024-03-12T16:37:26","guid":{"rendered":"https:\/\/venturacountyfair.org\/?page_id=9336"},"modified":"2025-09-02T11:33:57","modified_gmt":"2025-09-02T18:33:57","slug":"filming","status":"publish","type":"page","link":"https:\/\/venturacountyfair.org\/es\/filming\/","title":{"rendered":"Rodaje"},"content":{"rendered":"<div data-elementor-type=\"wp-page\" data-elementor-id=\"9336\" class=\"elementor elementor-9336\" data-elementor-post-type=\"page\">\n\t\t\t\t<div class=\"elementor-element elementor-element-4675aa6 e-flex e-con-boxed e-con e-parent\" data-id=\"4675aa6\" data-element_type=\"container\" data-e-type=\"container\">\n\t\t\t\t\t<div class=\"e-con-inner\">\n\t\t\t\t<div class=\"elementor-element elementor-element-d0f1dbb elementor-align-center elementor-widget elementor-widget-rt-title\" data-id=\"d0f1dbb\" data-element_type=\"widget\" data-e-type=\"widget\" data-widget_type=\"rt-title.default\">\n\t\t\t\t<div class=\"elementor-widget-container\">\n\t\t\t\t\t<div class=\"section-heading style-two\">\n\t    <div class=\"heading-subtitle\">EL ESCENARIO PERFECTO JUNTO A LA PLAYA<\/div>\n    <h2  class=\"heading-title\"><\/h2>    <h4 style=\"font-weight: 400;\">No hay lugar como \u00e9ste: Sesenta y dos acres de recinto ferial a un paso de la playa. El recinto ferial del condado de Ventura es un centro de eventos multiusos con instalaciones y equipos vers\u00e1tiles tanto interiores como exteriores.\u00a0<\/h4>    \t\t<span class=\"line\"><\/span>\n\t<\/div>\t\t\t\t<\/div>\n\t\t\t\t<\/div>\n\t\t\t\t<div class=\"elementor-element elementor-element-f78c2ac elementor-align-left elementor-widget elementor-widget-rt-title\" data-id=\"f78c2ac\" data-element_type=\"widget\" data-e-type=\"widget\" data-widget_type=\"rt-title.default\">\n\t\t\t\t<div class=\"elementor-widget-container\">\n\t\t\t\t\t<div class=\"section-heading style-one\">\n\t<h4  class=\"heading-title\">Pel\u00edcula en el recinto ferial del condado de Ventura<\/h4>    <div><span style=\"color: #000000;\">Desde hangares de la Segunda Guerra Mundial hasta edificios modernos, instalaciones ecuestres y ganaderas, y un hip\u00f3dromo, el recinto ferial del condado de Ventura ofrece el lugar de rodaje definitivo. Fundado en 1875, el Recinto Ferial del Condado de Ventura ha sido un lugar de encuentro para familias, empresas y organizaciones durante m\u00e1s de 150 a\u00f1os; la mezcla perfecta de lo antiguo y lo nuevo. Situado en la ciudad costera de Ventura (California), con el oc\u00e9ano Pac\u00edfico en su per\u00edmetro, el recinto ferial del condado de Ventura goza de un clima espl\u00e9ndido y de preciosos amaneceres y atardeceres durante todo el a\u00f1o. Con m\u00e1s de 135.000 pies cuadrados de espacio interior vers\u00e1til y 62 acres de oportunidades, es f\u00e1cil ver por qu\u00e9 el recinto ferial del condado de Ventura es un lugar \u00fanico para su pr\u00f3ximo rodaje.<\/span><\/div>    <\/div>\t\t\t\t<\/div>\n\t\t\t\t<\/div>\n\t\t\t\t<div class=\"elementor-element elementor-element-dbe755a elementor-align-left elementor-widget elementor-widget-rt-title\" data-id=\"dbe755a\" data-element_type=\"widget\" data-e-type=\"widget\" data-widget_type=\"rt-title.default\">\n\t\t\t\t<div class=\"elementor-widget-container\">\n\t\t\t\t\t<div class=\"section-heading style-one\">\n\t<h4  class=\"heading-title\">Ubicaci\u00f3n privilegiada para escenas inolvidables<\/h4>    <div><span style=\"color: #000000;\">Estrat\u00e9gicamente situado a lo largo de la autopista US 101, el recinto ferial del condado de Ventura es f\u00e1cilmente accesible, a s\u00f3lo 30 millas de Santa B\u00e1rbara y 60 millas de Los \u00c1ngeles. Con aeropuertos cercanos como Burbank, LAX, Oxnard y Santa B\u00e1rbara, el reparto y el equipo pueden disfrutar de una log\u00edstica y unos desplazamientos c\u00f3modos.<\/span><\/div>    <\/div>\t\t\t\t<\/div>\n\t\t\t\t<\/div>\n\t\t\t\t<div class=\"elementor-element elementor-element-48c2a4f elementor-align-left elementor-widget elementor-widget-rt-title\" data-id=\"48c2a4f\" data-element_type=\"widget\" data-e-type=\"widget\" data-widget_type=\"rt-title.default\">\n\t\t\t\t<div class=\"elementor-widget-container\">\n\t\t\t\t\t<div class=\"section-heading style-one\">\n\t<h4  class=\"heading-title\">Preparados, listos, a rodar: Un refugio para cineastas<\/h4>    <div><span style=\"color: #000000;\">Disfrute de la facilidad de rodar en el recinto ferial del condado de Ventura, situado fuera de la zona congestionada, lo que garantiza una tramitaci\u00f3n de permisos m\u00e1s sencilla in situ. Ad\u00e9ntrate en un entorno en el que cada fotograma est\u00e1 impregnado de belleza natural y arquitectura diversa, convirtiendo cada toma en una obra maestra.\n<br \/><br \/>\n\u00danase a nosotros en el recinto ferial del condado de Ventura y transforme su visi\u00f3n creativa en una realidad cinematogr\u00e1fica. Aqu\u00ed, cada momento es una oportunidad para crear algo extraordinario.<\/span><\/div>    <\/div>\t\t\t\t<\/div>\n\t\t\t\t<\/div>\n\t\t\t\t\t<\/div>\n\t\t\t\t<\/div>\n\t\t\t\t<\/div>","protected":false},"excerpt":{"rendered":"<p>LA PLAYA PERFECTA No hay lugar como \u00e9ste: Sesenta y dos acres de recinto ferial a un paso de la playa. El recinto ferial del condado de Ventura es un centro de eventos multiusos con...<\/p>","protected":false},"author":1,"featured_media":7199,"parent":0,"menu_order":0,"comment_status":"closed","ping_status":"closed","template":"","meta":{"footnotes":""},"class_list":["post-9336","page","type-page","status-publish","has-post-thumbnail","hentry","have-post-thumb"],"yoast_head":"<!-- This site is optimized with the Yoast SEO Premium plugin v27.2 (Yoast SEO v27.2) - https:\/\/yoast.com\/product\/yoast-seo-premium-wordpress\/ -->\n<title>Filming - Ventura County Fairgrounds<\/title>\n<meta name=\"robots\" content=\"index, follow, max-snippet:-1, max-image-preview:large, max-video-preview:-1\" \/>\n<link rel=\"canonical\" href=\"https:\/\/venturacountyfair.org\/es\/filming\/\" \/>\n<meta property=\"og:locale\" content=\"es_MX\" \/>\n<meta property=\"og:type\" content=\"article\" \/>\n<meta property=\"og:title\" content=\"Filming\" \/>\n<meta property=\"og:description\" content=\"THE PERFECT BEACHSIDE BACKDROP There&#8217;s no place like it: Sixty-two acres of fairgrounds steps from the beach! Ventura County Fairgrounds is a multi-use event center with versatile indoor and outdoor...\" \/>\n<meta property=\"og:url\" content=\"https:\/\/venturacountyfair.org\/es\/filming\/\" \/>\n<meta property=\"og:site_name\" content=\"Ventura County Fairgrounds\" \/>\n<meta property=\"article:modified_time\" content=\"2025-09-02T18:33:57+00:00\" \/>\n<meta property=\"og:image\" content=\"https:\/\/venturacountyfair.org\/wp-content\/uploads\/2024\/02\/DJI_0429-scaled.jpg\" \/>\n\t<meta property=\"og:image:width\" content=\"1705\" \/>\n\t<meta property=\"og:image:height\" content=\"2560\" \/>\n\t<meta property=\"og:image:type\" content=\"image\/jpeg\" \/>\n<meta name=\"twitter:card\" content=\"summary_large_image\" \/>\n<meta name=\"twitter:label1\" content=\"Tiempo de lectura\" \/>\n\t<meta name=\"twitter:data1\" content=\"2 minutos\" \/>\n<script type=\"application\/ld+json\" class=\"yoast-schema-graph\">{\"@context\":\"https:\/\/schema.org\",\"@graph\":[{\"@type\":\"WebPage\",\"@id\":\"https:\/\/venturacountyfair.org\/filming\/\",\"url\":\"https:\/\/venturacountyfair.org\/filming\/\",\"name\":\"Filming - Ventura County Fairgrounds\",\"isPartOf\":{\"@id\":\"https:\/\/venturacountyfair.org\/#website\"},\"primaryImageOfPage\":{\"@id\":\"https:\/\/venturacountyfair.org\/filming\/#primaryimage\"},\"image\":{\"@id\":\"https:\/\/venturacountyfair.org\/filming\/#primaryimage\"},\"thumbnailUrl\":\"https:\/\/venturacountyfair.org\/wp-content\/uploads\/2024\/02\/DJI_0429-scaled.jpg\",\"datePublished\":\"2024-03-12T16:37:26+00:00\",\"dateModified\":\"2025-09-02T18:33:57+00:00\",\"breadcrumb\":{\"@id\":\"https:\/\/venturacountyfair.org\/filming\/#breadcrumb\"},\"inLanguage\":\"es\",\"potentialAction\":[{\"@type\":\"ReadAction\",\"target\":[\"https:\/\/venturacountyfair.org\/filming\/\"]}]},{\"@type\":\"ImageObject\",\"inLanguage\":\"es\",\"@id\":\"https:\/\/venturacountyfair.org\/filming\/#primaryimage\",\"url\":\"https:\/\/venturacountyfair.org\/wp-content\/uploads\/2024\/02\/DJI_0429-scaled.jpg\",\"contentUrl\":\"https:\/\/venturacountyfair.org\/wp-content\/uploads\/2024\/02\/DJI_0429-scaled.jpg\",\"width\":1705,\"height\":2560},{\"@type\":\"BreadcrumbList\",\"@id\":\"https:\/\/venturacountyfair.org\/filming\/#breadcrumb\",\"itemListElement\":[{\"@type\":\"ListItem\",\"position\":1,\"name\":\"Home\",\"item\":\"https:\/\/venturacountyfair.org\/\"},{\"@type\":\"ListItem\",\"position\":2,\"name\":\"Filming\"}]},{\"@type\":\"WebSite\",\"@id\":\"https:\/\/venturacountyfair.org\/#website\",\"url\":\"https:\/\/venturacountyfair.org\/\",\"name\":\"Ventura County Fairgrounds\",\"description\":\"\",\"publisher\":{\"@id\":\"https:\/\/venturacountyfair.org\/#organization\"},\"potentialAction\":[{\"@type\":\"SearchAction\",\"target\":{\"@type\":\"EntryPoint\",\"urlTemplate\":\"https:\/\/venturacountyfair.org\/?s={search_term_string}\"},\"query-input\":{\"@type\":\"PropertyValueSpecification\",\"valueRequired\":true,\"valueName\":\"search_term_string\"}}],\"inLanguage\":\"es\"},{\"@type\":\"Organization\",\"@id\":\"https:\/\/venturacountyfair.org\/#organization\",\"name\":\"Ventura County Fairgrounds\",\"url\":\"https:\/\/venturacountyfair.org\/\",\"logo\":{\"@type\":\"ImageObject\",\"inLanguage\":\"es\",\"@id\":\"https:\/\/venturacountyfair.org\/#\/schema\/logo\/image\/\",\"url\":\"https:\/\/venturacountyfair.org\/wp-content\/uploads\/2024\/01\/cropped-cropped-favbase.png\",\"contentUrl\":\"https:\/\/venturacountyfair.org\/wp-content\/uploads\/2024\/01\/cropped-cropped-favbase.png\",\"width\":512,\"height\":512,\"caption\":\"Ventura County Fairgrounds\"},\"image\":{\"@id\":\"https:\/\/venturacountyfair.org\/#\/schema\/logo\/image\/\"}}]}<\/script>\n<!-- \/ Yoast SEO Premium plugin. -->","yoast_head_json":{"title":"Rodaje - Recinto Ferial del Condado de Ventura","robots":{"index":"index","follow":"follow","max-snippet":"max-snippet:-1","max-image-preview":"max-image-preview:large","max-video-preview":"max-video-preview:-1"},"canonical":"https:\/\/venturacountyfair.org\/es\/filming\/","og_locale":"es_MX","og_type":"article","og_title":"Filming","og_description":"THE PERFECT BEACHSIDE BACKDROP There&#8217;s no place like it: Sixty-two acres of fairgrounds steps from the beach! Ventura County Fairgrounds is a multi-use event center with versatile indoor and outdoor...","og_url":"https:\/\/venturacountyfair.org\/es\/filming\/","og_site_name":"Ventura County Fairgrounds","article_modified_time":"2025-09-02T18:33:57+00:00","og_image":[{"width":1705,"height":2560,"url":"https:\/\/venturacountyfair.org\/wp-content\/uploads\/2024\/02\/DJI_0429-scaled.jpg","type":"image\/jpeg"}],"twitter_card":"summary_large_image","twitter_misc":{"Tiempo de lectura":"2 minutos"},"schema":{"@context":"https:\/\/schema.org","@graph":[{"@type":"WebPage","@id":"https:\/\/venturacountyfair.org\/filming\/","url":"https:\/\/venturacountyfair.org\/filming\/","name":"Rodaje - Recinto Ferial del Condado de Ventura","isPartOf":{"@id":"https:\/\/venturacountyfair.org\/#website"},"primaryImageOfPage":{"@id":"https:\/\/venturacountyfair.org\/filming\/#primaryimage"},"image":{"@id":"https:\/\/venturacountyfair.org\/filming\/#primaryimage"},"thumbnailUrl":"https:\/\/venturacountyfair.org\/wp-content\/uploads\/2024\/02\/DJI_0429-scaled.jpg","datePublished":"2024-03-12T16:37:26+00:00","dateModified":"2025-09-02T18:33:57+00:00","breadcrumb":{"@id":"https:\/\/venturacountyfair.org\/filming\/#breadcrumb"},"inLanguage":"es","potentialAction":[{"@type":"ReadAction","target":["https:\/\/venturacountyfair.org\/filming\/"]}]},{"@type":"ImageObject","inLanguage":"es","@id":"https:\/\/venturacountyfair.org\/filming\/#primaryimage","url":"https:\/\/venturacountyfair.org\/wp-content\/uploads\/2024\/02\/DJI_0429-scaled.jpg","contentUrl":"https:\/\/venturacountyfair.org\/wp-content\/uploads\/2024\/02\/DJI_0429-scaled.jpg","width":1705,"height":2560},{"@type":"BreadcrumbList","@id":"https:\/\/venturacountyfair.org\/filming\/#breadcrumb","itemListElement":[{"@type":"ListItem","position":1,"name":"Home","item":"https:\/\/venturacountyfair.org\/"},{"@type":"ListItem","position":2,"name":"Filming"}]},{"@type":"WebSite","@id":"https:\/\/venturacountyfair.org\/#website","url":"https:\/\/venturacountyfair.org\/","name":"Recinto Ferial del Condado de Ventura","description":"","publisher":{"@id":"https:\/\/venturacountyfair.org\/#organization"},"potentialAction":[{"@type":"SearchAction","target":{"@type":"EntryPoint","urlTemplate":"https:\/\/venturacountyfair.org\/?s={search_term_string}"},"query-input":{"@type":"PropertyValueSpecification","valueRequired":true,"valueName":"search_term_string"}}],"inLanguage":"es"},{"@type":"Organization","@id":"https:\/\/venturacountyfair.org\/#organization","name":"Recinto Ferial del Condado de Ventura","url":"https:\/\/venturacountyfair.org\/","logo":{"@type":"ImageObject","inLanguage":"es","@id":"https:\/\/venturacountyfair.org\/#\/schema\/logo\/image\/","url":"https:\/\/venturacountyfair.org\/wp-content\/uploads\/2024\/01\/cropped-cropped-favbase.png","contentUrl":"https:\/\/venturacountyfair.org\/wp-content\/uploads\/2024\/01\/cropped-cropped-favbase.png","width":512,"height":512,"caption":"Ventura County Fairgrounds"},"image":{"@id":"https:\/\/venturacountyfair.org\/#\/schema\/logo\/image\/"}}]}},"_links":{"self":[{"href":"https:\/\/venturacountyfair.org\/es\/wp-json\/wp\/v2\/pages\/9336","targetHints":{"allow":["GET"]}}],"collection":[{"href":"https:\/\/venturacountyfair.org\/es\/wp-json\/wp\/v2\/pages"}],"about":[{"href":"https:\/\/venturacountyfair.org\/es\/wp-json\/wp\/v2\/types\/page"}],"author":[{"embeddable":true,"href":"https:\/\/venturacountyfair.org\/es\/wp-json\/wp\/v2\/users\/1"}],"replies":[{"embeddable":true,"href":"https:\/\/venturacountyfair.org\/es\/wp-json\/wp\/v2\/comments?post=9336"}],"version-history":[{"count":14,"href":"https:\/\/venturacountyfair.org\/es\/wp-json\/wp\/v2\/pages\/9336\/revisions"}],"predecessor-version":[{"id":21815,"href":"https:\/\/venturacountyfair.org\/es\/wp-json\/wp\/v2\/pages\/9336\/revisions\/21815"}],"wp:featuredmedia":[{"embeddable":true,"href":"https:\/\/venturacountyfair.org\/es\/wp-json\/wp\/v2\/media\/7199"}],"wp:attachment":[{"href":"https:\/\/venturacountyfair.org\/es\/wp-json\/wp\/v2\/media?parent=9336"}],"curies":[{"name":"wp","href":"https:\/\/api.w.org\/{rel}","templated":true}]}}