{"id":9823,"date":"2024-04-17T09:18:42","date_gmt":"2024-04-17T16:18:42","guid":{"rendered":"https:\/\/venturacountyfair.org\/?page_id=9823"},"modified":"2026-03-24T10:12:53","modified_gmt":"2026-03-24T17:12:53","slug":"floriculture","status":"publish","type":"page","link":"https:\/\/venturacountyfair.org\/es\/fair\/entries\/floriculture\/","title":{"rendered":"Floricultura"},"content":{"rendered":"<div data-elementor-type=\"wp-page\" data-elementor-id=\"9823\" class=\"elementor elementor-9823\" data-elementor-post-type=\"page\">\n\t\t\t\t<div class=\"elementor-element elementor-element-0f85163 e-flex e-con-boxed e-con e-parent\" data-id=\"0f85163\" data-element_type=\"container\" data-e-type=\"container\">\n\t\t\t\t\t<div class=\"e-con-inner\">\n\t\t\t\t<div class=\"elementor-element elementor-element-6422726 elementor-button-info elementor-widget elementor-widget-button\" data-id=\"6422726\" data-element_type=\"widget\" data-e-type=\"widget\" data-widget_type=\"button.default\">\n\t\t\t\t<div class=\"elementor-widget-container\">\n\t\t\t\t\t\t\t\t\t<div class=\"elementor-button-wrapper\">\n\t\t\t\t\t<a class=\"elementor-button elementor-button-link elementor-size-sm\" href=\"\/es\/fair\/entries\/\">\n\t\t\t\t\t\t<span class=\"elementor-button-content-wrapper\">\n\t\t\t\t\t\t<span class=\"elementor-button-icon\">\n\t\t\t\t<i aria-hidden=\"true\" class=\"fas fa-backward\"><\/i>\t\t\t<\/span>\n\t\t\t\t\t\t\t\t\t<span class=\"elementor-button-text\">Volver a las entradas<\/span>\n\t\t\t\t\t<\/span>\n\t\t\t\t\t<\/a>\n\t\t\t\t<\/div>\n\t\t\t\t\t\t\t\t<\/div>\n\t\t\t\t<\/div>\n\t\t\t\t\t<\/div>\n\t\t\t\t<\/div>\n\t\t<div class=\"elementor-element elementor-element-1311bc6 e-flex e-con-boxed e-con e-parent\" data-id=\"1311bc6\" data-element_type=\"container\" data-e-type=\"container\">\n\t\t\t\t\t<div class=\"e-con-inner\">\n\t\t\t\t<div class=\"elementor-element elementor-element-e183a6f elementor-align-center elementor-widget elementor-widget-rt-title\" data-id=\"e183a6f\" data-element_type=\"widget\" data-e-type=\"widget\" data-widget_type=\"rt-title.default\">\n\t\t\t\t<div class=\"elementor-widget-container\">\n\t\t\t\t\t<div class=\"section-heading style-two\">\n\t<h2  class=\"heading-title\"><\/h2>    <h4 style=\"font-weight: 400;\">Desde magn\u00edficos jardines hasta cactus espinosos, la Floricultura celebra los pulgares verdes del condado de Ventura. Presente sus plantas premiadas (\u00a1y mucho m\u00e1s!) en la Feria de este a\u00f1o. Haga clic en la gu\u00eda de entrada para ver todas las divisiones.<\/h4>    \t\t<span class=\"line\"><\/span>\n\t<\/div>\t\t\t\t<\/div>\n\t\t\t\t<\/div>\n\t\t\t\t\t<\/div>\n\t\t\t\t<\/div>\n\t\t<div class=\"elementor-element elementor-element-de04269 e-flex e-con-boxed e-con e-parent\" data-id=\"de04269\" data-element_type=\"container\" data-e-type=\"container\">\n\t\t\t\t\t<div class=\"e-con-inner\">\n\t\t\t\t<div class=\"elementor-element elementor-element-c13d18d elementor-widget elementor-widget-text-editor\" data-id=\"c13d18d\" data-element_type=\"widget\" data-e-type=\"widget\" data-widget_type=\"text-editor.default\">\n\t\t\t\t<div class=\"elementor-widget-container\">\n\t\t\t\t\t\t\t\t\t<h4 style=\"text-align: center;\"><span style=\"color: #000000;\"><strong>Superintendente:<\/strong><br \/><span style=\"text-decoration: underline; color: #ff48c4;\"><a style=\"color: #ff48c4; text-decoration: underline;\" href=\"mailto:floriculture@venturacountyfair.org\">floriculture@venturacountyfair.org<\/a><\/span><br \/><\/span><\/h4><h5><span style=\"color: #000000;\">Para cualquier consulta o reserva, p\u00f3ngase en contacto con Emilee Inez, 805-648-3376 x105 o<\/span> <a title=\"mailto:einez@venturacountyfair.org\/\" href=\"mailto:einez@venturacountyfair.org\/\" target=\"_blank\" rel=\"noopener\"><span style=\"color: #fff100;\"><span style=\"color: #ff48c4;\">einez@venturacountyfair.org<\/span><\/span><\/a>.<\/h5>\t\t\t\t\t\t\t\t<\/div>\n\t\t\t\t<\/div>\n\t\t\t\t\t<\/div>\n\t\t\t\t<\/div>\n\t\t<div class=\"elementor-element elementor-element-12dc790 e-flex e-con-boxed e-con e-parent\" data-id=\"12dc790\" data-element_type=\"container\" data-e-type=\"container\">\n\t\t\t\t\t<div class=\"e-con-inner\">\n\t\t\t\t<div class=\"elementor-element elementor-element-f80551a elementor-widget elementor-widget-text-editor\" data-id=\"f80551a\" data-element_type=\"widget\" data-e-type=\"widget\" data-widget_type=\"text-editor.default\">\n\t\t\t\t<div class=\"elementor-widget-container\">\n\t\t\t\t\t\t\t\t\t<h2 style=\"text-align: center;\">Pr\u00f3ximamente<\/h2>\t\t\t\t\t\t\t\t<\/div>\n\t\t\t\t<\/div>\n\t\t\t\t\t<\/div>\n\t\t\t\t<\/div>\n\t\t\t\t<\/div>","protected":false},"excerpt":{"rendered":"<p>Volver a las entradas Desde magn\u00edficos jardines hasta cactus espinosos, la Floricultura celebra los pulgares verdes del condado de Ventura. Presente sus plantas premiadas (\u00a1y mucho m\u00e1s!) en la Feria de este a\u00f1o. Haga clic en la gu\u00eda de entrada...<\/p>","protected":false},"author":1,"featured_media":7200,"parent":7178,"menu_order":0,"comment_status":"closed","ping_status":"closed","template":"","meta":{"footnotes":""},"class_list":["post-9823","page","type-page","status-publish","has-post-thumbnail","hentry","have-post-thumb"],"yoast_head":"<!-- This site is optimized with the Yoast SEO Premium plugin v27.2 (Yoast SEO v27.2) - https:\/\/yoast.com\/product\/yoast-seo-premium-wordpress\/ -->\n<title>Floriculture - Ventura County Fairgrounds<\/title>\n<meta name=\"robots\" content=\"index, follow, max-snippet:-1, max-image-preview:large, max-video-preview:-1\" \/>\n<link rel=\"canonical\" href=\"https:\/\/venturacountyfair.org\/es\/fair\/entries\/floriculture\/\" \/>\n<meta property=\"og:locale\" content=\"es_MX\" \/>\n<meta property=\"og:type\" content=\"article\" \/>\n<meta property=\"og:title\" content=\"Floriculture\" \/>\n<meta property=\"og:description\" content=\"Back to Entries From gorgeous gardens to prickly cacti, Floriculture celebrates Ventura County\u2019s green thumbs! Enter your prize plants (and more!) in this year\u2019s Fair! Click on the entry guide...\" \/>\n<meta property=\"og:url\" content=\"https:\/\/venturacountyfair.org\/es\/fair\/entries\/floriculture\/\" \/>\n<meta property=\"og:site_name\" content=\"Ventura County Fairgrounds\" \/>\n<meta property=\"article:modified_time\" content=\"2026-03-24T17:12:53+00:00\" \/>\n<meta property=\"og:image\" content=\"https:\/\/venturacountyfair.org\/wp-content\/uploads\/2024\/02\/DJI_0437-scaled.jpg\" \/>\n\t<meta property=\"og:image:width\" content=\"1705\" \/>\n\t<meta property=\"og:image:height\" content=\"2560\" \/>\n\t<meta property=\"og:image:type\" content=\"image\/jpeg\" \/>\n<meta name=\"twitter:card\" content=\"summary_large_image\" \/>\n<meta name=\"twitter:label1\" content=\"Tiempo de lectura\" \/>\n\t<meta name=\"twitter:data1\" content=\"1 minuto\" \/>\n<script type=\"application\/ld+json\" class=\"yoast-schema-graph\">{\"@context\":\"https:\/\/schema.org\",\"@graph\":[{\"@type\":\"WebPage\",\"@id\":\"https:\/\/venturacountyfair.org\/fair\/entries\/floriculture\/\",\"url\":\"https:\/\/venturacountyfair.org\/fair\/entries\/floriculture\/\",\"name\":\"Floriculture - Ventura County Fairgrounds\",\"isPartOf\":{\"@id\":\"https:\/\/venturacountyfair.org\/#website\"},\"primaryImageOfPage\":{\"@id\":\"https:\/\/venturacountyfair.org\/fair\/entries\/floriculture\/#primaryimage\"},\"image\":{\"@id\":\"https:\/\/venturacountyfair.org\/fair\/entries\/floriculture\/#primaryimage\"},\"thumbnailUrl\":\"https:\/\/venturacountyfair.org\/wp-content\/uploads\/2024\/02\/DJI_0437-scaled.jpg\",\"datePublished\":\"2024-04-17T16:18:42+00:00\",\"dateModified\":\"2026-03-24T17:12:53+00:00\",\"breadcrumb\":{\"@id\":\"https:\/\/venturacountyfair.org\/fair\/entries\/floriculture\/#breadcrumb\"},\"inLanguage\":\"es\",\"potentialAction\":[{\"@type\":\"ReadAction\",\"target\":[\"https:\/\/venturacountyfair.org\/fair\/entries\/floriculture\/\"]}]},{\"@type\":\"ImageObject\",\"inLanguage\":\"es\",\"@id\":\"https:\/\/venturacountyfair.org\/fair\/entries\/floriculture\/#primaryimage\",\"url\":\"https:\/\/venturacountyfair.org\/wp-content\/uploads\/2024\/02\/DJI_0437-scaled.jpg\",\"contentUrl\":\"https:\/\/venturacountyfair.org\/wp-content\/uploads\/2024\/02\/DJI_0437-scaled.jpg\",\"width\":1705,\"height\":2560},{\"@type\":\"BreadcrumbList\",\"@id\":\"https:\/\/venturacountyfair.org\/fair\/entries\/floriculture\/#breadcrumb\",\"itemListElement\":[{\"@type\":\"ListItem\",\"position\":1,\"name\":\"Home\",\"item\":\"https:\/\/venturacountyfair.org\/\"},{\"@type\":\"ListItem\",\"position\":2,\"name\":\"Fair\",\"item\":\"https:\/\/venturacountyfair.org\/fair\/\"},{\"@type\":\"ListItem\",\"position\":3,\"name\":\"Entries\",\"item\":\"https:\/\/venturacountyfair.org\/fair\/entries\/\"},{\"@type\":\"ListItem\",\"position\":4,\"name\":\"Floriculture\"}]},{\"@type\":\"WebSite\",\"@id\":\"https:\/\/venturacountyfair.org\/#website\",\"url\":\"https:\/\/venturacountyfair.org\/\",\"name\":\"Ventura County Fairgrounds\",\"description\":\"\",\"publisher\":{\"@id\":\"https:\/\/venturacountyfair.org\/#organization\"},\"potentialAction\":[{\"@type\":\"SearchAction\",\"target\":{\"@type\":\"EntryPoint\",\"urlTemplate\":\"https:\/\/venturacountyfair.org\/?s={search_term_string}\"},\"query-input\":{\"@type\":\"PropertyValueSpecification\",\"valueRequired\":true,\"valueName\":\"search_term_string\"}}],\"inLanguage\":\"es\"},{\"@type\":\"Organization\",\"@id\":\"https:\/\/venturacountyfair.org\/#organization\",\"name\":\"Ventura County Fairgrounds\",\"url\":\"https:\/\/venturacountyfair.org\/\",\"logo\":{\"@type\":\"ImageObject\",\"inLanguage\":\"es\",\"@id\":\"https:\/\/venturacountyfair.org\/#\/schema\/logo\/image\/\",\"url\":\"https:\/\/venturacountyfair.org\/wp-content\/uploads\/2024\/01\/cropped-cropped-favbase.png\",\"contentUrl\":\"https:\/\/venturacountyfair.org\/wp-content\/uploads\/2024\/01\/cropped-cropped-favbase.png\",\"width\":512,\"height\":512,\"caption\":\"Ventura County Fairgrounds\"},\"image\":{\"@id\":\"https:\/\/venturacountyfair.org\/#\/schema\/logo\/image\/\"}}]}<\/script>\n<!-- \/ Yoast SEO Premium plugin. -->","yoast_head_json":{"title":"Floriculture - Ventura County Fairgrounds","robots":{"index":"index","follow":"follow","max-snippet":"max-snippet:-1","max-image-preview":"max-image-preview:large","max-video-preview":"max-video-preview:-1"},"canonical":"https:\/\/venturacountyfair.org\/es\/fair\/entries\/floriculture\/","og_locale":"es_MX","og_type":"article","og_title":"Floriculture","og_description":"Back to Entries From gorgeous gardens to prickly cacti, Floriculture celebrates Ventura County\u2019s green thumbs! Enter your prize plants (and more!) in this year\u2019s Fair! Click on the entry guide...","og_url":"https:\/\/venturacountyfair.org\/es\/fair\/entries\/floriculture\/","og_site_name":"Ventura County Fairgrounds","article_modified_time":"2026-03-24T17:12:53+00:00","og_image":[{"width":1705,"height":2560,"url":"https:\/\/venturacountyfair.org\/wp-content\/uploads\/2024\/02\/DJI_0437-scaled.jpg","type":"image\/jpeg"}],"twitter_card":"summary_large_image","twitter_misc":{"Tiempo de lectura":"1 minuto"},"schema":{"@context":"https:\/\/schema.org","@graph":[{"@type":"WebPage","@id":"https:\/\/venturacountyfair.org\/fair\/entries\/floriculture\/","url":"https:\/\/venturacountyfair.org\/fair\/entries\/floriculture\/","name":"Floriculture - Ventura County Fairgrounds","isPartOf":{"@id":"https:\/\/venturacountyfair.org\/#website"},"primaryImageOfPage":{"@id":"https:\/\/venturacountyfair.org\/fair\/entries\/floriculture\/#primaryimage"},"image":{"@id":"https:\/\/venturacountyfair.org\/fair\/entries\/floriculture\/#primaryimage"},"thumbnailUrl":"https:\/\/venturacountyfair.org\/wp-content\/uploads\/2024\/02\/DJI_0437-scaled.jpg","datePublished":"2024-04-17T16:18:42+00:00","dateModified":"2026-03-24T17:12:53+00:00","breadcrumb":{"@id":"https:\/\/venturacountyfair.org\/fair\/entries\/floriculture\/#breadcrumb"},"inLanguage":"es","potentialAction":[{"@type":"ReadAction","target":["https:\/\/venturacountyfair.org\/fair\/entries\/floriculture\/"]}]},{"@type":"ImageObject","inLanguage":"es","@id":"https:\/\/venturacountyfair.org\/fair\/entries\/floriculture\/#primaryimage","url":"https:\/\/venturacountyfair.org\/wp-content\/uploads\/2024\/02\/DJI_0437-scaled.jpg","contentUrl":"https:\/\/venturacountyfair.org\/wp-content\/uploads\/2024\/02\/DJI_0437-scaled.jpg","width":1705,"height":2560},{"@type":"BreadcrumbList","@id":"https:\/\/venturacountyfair.org\/fair\/entries\/floriculture\/#breadcrumb","itemListElement":[{"@type":"ListItem","position":1,"name":"Home","item":"https:\/\/venturacountyfair.org\/"},{"@type":"ListItem","position":2,"name":"Fair","item":"https:\/\/venturacountyfair.org\/fair\/"},{"@type":"ListItem","position":3,"name":"Entries","item":"https:\/\/venturacountyfair.org\/fair\/entries\/"},{"@type":"ListItem","position":4,"name":"Floriculture"}]},{"@type":"WebSite","@id":"https:\/\/venturacountyfair.org\/#website","url":"https:\/\/venturacountyfair.org\/","name":"Recinto Ferial del Condado de Ventura","description":"","publisher":{"@id":"https:\/\/venturacountyfair.org\/#organization"},"potentialAction":[{"@type":"SearchAction","target":{"@type":"EntryPoint","urlTemplate":"https:\/\/venturacountyfair.org\/?s={search_term_string}"},"query-input":{"@type":"PropertyValueSpecification","valueRequired":true,"valueName":"search_term_string"}}],"inLanguage":"es"},{"@type":"Organization","@id":"https:\/\/venturacountyfair.org\/#organization","name":"Recinto Ferial del Condado de Ventura","url":"https:\/\/venturacountyfair.org\/","logo":{"@type":"ImageObject","inLanguage":"es","@id":"https:\/\/venturacountyfair.org\/#\/schema\/logo\/image\/","url":"https:\/\/venturacountyfair.org\/wp-content\/uploads\/2024\/01\/cropped-cropped-favbase.png","contentUrl":"https:\/\/venturacountyfair.org\/wp-content\/uploads\/2024\/01\/cropped-cropped-favbase.png","width":512,"height":512,"caption":"Ventura County Fairgrounds"},"image":{"@id":"https:\/\/venturacountyfair.org\/#\/schema\/logo\/image\/"}}]}},"_links":{"self":[{"href":"https:\/\/venturacountyfair.org\/es\/wp-json\/wp\/v2\/pages\/9823","targetHints":{"allow":["GET"]}}],"collection":[{"href":"https:\/\/venturacountyfair.org\/es\/wp-json\/wp\/v2\/pages"}],"about":[{"href":"https:\/\/venturacountyfair.org\/es\/wp-json\/wp\/v2\/types\/page"}],"author":[{"embeddable":true,"href":"https:\/\/venturacountyfair.org\/es\/wp-json\/wp\/v2\/users\/1"}],"replies":[{"embeddable":true,"href":"https:\/\/venturacountyfair.org\/es\/wp-json\/wp\/v2\/comments?post=9823"}],"version-history":[{"count":49,"href":"https:\/\/venturacountyfair.org\/es\/wp-json\/wp\/v2\/pages\/9823\/revisions"}],"predecessor-version":[{"id":22277,"href":"https:\/\/venturacountyfair.org\/es\/wp-json\/wp\/v2\/pages\/9823\/revisions\/22277"}],"up":[{"embeddable":true,"href":"https:\/\/venturacountyfair.org\/es\/wp-json\/wp\/v2\/pages\/7178"}],"wp:featuredmedia":[{"embeddable":true,"href":"https:\/\/venturacountyfair.org\/es\/wp-json\/wp\/v2\/media\/7200"}],"wp:attachment":[{"href":"https:\/\/venturacountyfair.org\/es\/wp-json\/wp\/v2\/media?parent=9823"}],"curies":[{"name":"wp","href":"https:\/\/api.w.org\/{rel}","templated":true}]}}