{"id":9831,"date":"2024-04-17T09:20:49","date_gmt":"2024-04-17T16:20:49","guid":{"rendered":"https:\/\/venturacountyfair.org\/?page_id=9831"},"modified":"2024-06-04T08:59:32","modified_gmt":"2024-06-04T15:59:32","slug":"horse-shows","status":"publish","type":"page","link":"https:\/\/venturacountyfair.org\/es\/fair\/entries\/horse-shows\/","title":{"rendered":"Espect\u00e1culos ecuestres"},"content":{"rendered":"<div data-elementor-type=\"wp-page\" data-elementor-id=\"9831\" class=\"elementor elementor-9831\" data-elementor-post-type=\"page\">\n\t\t\t\t<div class=\"elementor-element elementor-element-0f85163 e-flex e-con-boxed e-con e-parent\" data-id=\"0f85163\" data-element_type=\"container\" data-e-type=\"container\">\n\t\t\t\t\t<div class=\"e-con-inner\">\n\t\t\t\t<div class=\"elementor-element elementor-element-6422726 elementor-button-info elementor-widget elementor-widget-button\" data-id=\"6422726\" data-element_type=\"widget\" data-e-type=\"widget\" data-widget_type=\"button.default\">\n\t\t\t\t<div class=\"elementor-widget-container\">\n\t\t\t\t\t\t\t\t\t<div class=\"elementor-button-wrapper\">\n\t\t\t\t\t<a class=\"elementor-button elementor-button-link elementor-size-sm\" href=\"\/es\/fair\/entries\/\">\n\t\t\t\t\t\t<span class=\"elementor-button-content-wrapper\">\n\t\t\t\t\t\t<span class=\"elementor-button-icon\">\n\t\t\t\t<i aria-hidden=\"true\" class=\"fas fa-backward\"><\/i>\t\t\t<\/span>\n\t\t\t\t\t\t\t\t\t<span class=\"elementor-button-text\">Volver a las entradas<\/span>\n\t\t\t\t\t<\/span>\n\t\t\t\t\t<\/a>\n\t\t\t\t<\/div>\n\t\t\t\t\t\t\t\t<\/div>\n\t\t\t\t<\/div>\n\t\t\t\t\t<\/div>\n\t\t\t\t<\/div>\n\t\t<div class=\"elementor-element elementor-element-1311bc6 e-flex e-con-boxed e-con e-parent\" data-id=\"1311bc6\" data-element_type=\"container\" data-e-type=\"container\">\n\t\t\t\t\t<div class=\"e-con-inner\">\n\t\t\t\t<div class=\"elementor-element elementor-element-e183a6f elementor-align-center elementor-widget elementor-widget-rt-title\" data-id=\"e183a6f\" data-element_type=\"widget\" data-e-type=\"widget\" data-widget_type=\"rt-title.default\">\n\t\t\t\t<div class=\"elementor-widget-container\">\n\t\t\t\t\t<div class=\"section-heading style-two\">\n\t<h2  class=\"heading-title\"><\/h2>    <h4 style=\"font-weight: 400;\">La Feria del Condado de Ventura se complace en ver el regreso de los espect\u00e1culos ecuestres este a\u00f1o. Los concursos de tiro y enganches y las exhibiciones juveniles nunca dejan de sorprender. El Morgan Arena est\u00e1 siempre lleno de actividad. Echa un vistazo a la Gu\u00eda de Entrada para obtener m\u00e1s informaci\u00f3n sobre los espect\u00e1culos de este a\u00f1o!.<\/h4>    \t\t<span class=\"line\"><\/span>\n\t<\/div>\t\t\t\t<\/div>\n\t\t\t\t<\/div>\n\t\t\t\t\t<\/div>\n\t\t\t\t<\/div>\n\t\t<div class=\"elementor-element elementor-element-235b0ab e-flex e-con-boxed e-con e-parent\" data-id=\"235b0ab\" data-element_type=\"container\" data-e-type=\"container\">\n\t\t\t\t\t<div class=\"e-con-inner\">\n\t\t\t\t<div class=\"elementor-element elementor-element-be9fe12 elementor-widget elementor-widget-text-editor\" data-id=\"be9fe12\" data-element_type=\"widget\" data-e-type=\"widget\" data-widget_type=\"text-editor.default\">\n\t\t\t\t<div class=\"elementor-widget-container\">\n\t\t\t\t\t\t\t\t\t<h4 style=\"text-align: center;\"><span style=\"color: #000000;\"><strong>Superintendente:<br \/><\/strong>Jennifer Russell<br \/><span style=\"text-decoration: underline; color: #ff48c4;\"><a style=\"color: #ff48c4; text-decoration: underline;\" href=\"mailto:horsesjenrussell@gmail.com\">horsesjenrussell@gmail.com<\/a><\/span><br \/><\/span><\/h4>\t\t\t\t\t\t\t\t<\/div>\n\t\t\t\t<\/div>\n\t\t\t\t\t<\/div>\n\t\t\t\t<\/div>\n\t\t\t\t<section class=\"elementor-section elementor-top-section elementor-element elementor-element-310df3b elementor-section-boxed elementor-section-height-default elementor-section-height-default\" data-id=\"310df3b\" data-element_type=\"section\" data-e-type=\"section\">\n\t\t\t\t\t\t<div class=\"elementor-container elementor-column-gap-default\">\n\t\t\t\t\t<div class=\"elementor-column elementor-col-50 elementor-top-column elementor-element elementor-element-afb5542\" data-id=\"afb5542\" data-element_type=\"column\" data-e-type=\"column\">\n\t\t\t<div class=\"elementor-widget-wrap elementor-element-populated\">\n\t\t\t\t\t\t<div data-tp-sc-link=\"https:\/\/venturacountyfair.org\/wp-content\/uploads\/2024\/06\/2024-DraftCarriage-Horse-Show-Department.pdf\" data-tp-sc-link-external=\"on\" style=\"cursor: pointer\" class=\"elementor-element elementor-element-2020017 elementor-align-center elementor-invisible elementor-widget elementor-widget-rt-info-box\" data-id=\"2020017\" data-element_type=\"widget\" data-e-type=\"widget\" data-settings=\"{&quot;_animation&quot;:&quot;fadeInLeft&quot;,&quot;_animation_delay&quot;:100}\" data-widget_type=\"rt-info-box.default\">\n\t\t\t\t<div class=\"elementor-widget-container\">\n\t\t\t\t\t\n<div class=\"info-box-1 info-box\">\n    <div class=\"icon-box\">\n        \t\t\t<i class=\"fas fa-file-pdf\"><\/i>\n\t\t    <\/div>\n    <h3 class=\"title\">\n                <a href=\"https:\/\/venturacountyfair.org\/wp-content\/uploads\/2024\/06\/2024-DraftCarriage-Horse-Show-Department.pdf\">Gu\u00eda de acceso 2024<\/a>\n            <\/h3>\n    <\/div>\t\t\t\t<\/div>\n\t\t\t\t<\/div>\n\t\t\t\t\t<\/div>\n\t\t<\/div>\n\t\t\t\t<div class=\"elementor-column elementor-col-50 elementor-top-column elementor-element elementor-element-3331537\" data-id=\"3331537\" data-element_type=\"column\" data-e-type=\"column\">\n\t\t\t<div class=\"elementor-widget-wrap elementor-element-populated\">\n\t\t\t\t\t\t<div data-tp-sc-link=\"https:\/\/vcf.fairwire.com\/\" data-tp-sc-link-external=\"on\" style=\"cursor: pointer\" class=\"elementor-element elementor-element-dd63b99 elementor-align-center elementor-invisible elementor-widget elementor-widget-rt-info-box\" data-id=\"dd63b99\" data-element_type=\"widget\" data-e-type=\"widget\" data-settings=\"{&quot;_animation&quot;:&quot;slideInRight&quot;,&quot;_animation_delay&quot;:1000}\" data-widget_type=\"rt-info-box.default\">\n\t\t\t\t<div class=\"elementor-widget-container\">\n\t\t\t\t\t\n<div class=\"info-box-1 info-box\">\n    <div class=\"icon-box\">\n        \t\t\t<i class=\"fas fa6 fas fa6-cloud-arrow-up\"><\/i>\n\t\t    <\/div>\n    <h3 class=\"title\">\n                <a href=\"https:\/\/vcf.fairwire.com\/\">2024 Inscripciones en l\u00ednea<\/a>\n            <\/h3>\n    <\/div>\t\t\t\t<\/div>\n\t\t\t\t<\/div>\n\t\t\t\t\t<\/div>\n\t\t<\/div>\n\t\t\t\t\t<\/div>\n\t\t<\/section>\n\t\t\t\t<\/div>","protected":false},"excerpt":{"rendered":"<p>Volver a las entradas \u00a1La Feria del Condado de Ventura se alegra del regreso de los espect\u00e1culos ecuestres este a\u00f1o! El Proyecto y Carruaje Espect\u00e1culos y Exposiciones Juveniles nunca dejan de sorprender....<\/p>","protected":false},"author":1,"featured_media":7200,"parent":7178,"menu_order":0,"comment_status":"closed","ping_status":"closed","template":"","meta":{"footnotes":""},"class_list":["post-9831","page","type-page","status-publish","has-post-thumbnail","hentry","have-post-thumb"],"yoast_head":"<!-- This site is optimized with the Yoast SEO Premium plugin v27.2 (Yoast SEO v27.2) - https:\/\/yoast.com\/product\/yoast-seo-premium-wordpress\/ -->\n<title>Horse Shows - Ventura County Fairgrounds<\/title>\n<meta name=\"robots\" content=\"index, follow, max-snippet:-1, max-image-preview:large, max-video-preview:-1\" \/>\n<link rel=\"canonical\" href=\"https:\/\/venturacountyfair.org\/es\/fair\/entries\/horse-shows\/\" \/>\n<meta property=\"og:locale\" content=\"es_MX\" \/>\n<meta property=\"og:type\" content=\"article\" \/>\n<meta property=\"og:title\" content=\"Horse Shows\" \/>\n<meta property=\"og:description\" content=\"Back to Entries The Ventura County Fair is happy to see the return of horse shows this year! The Draft and Carriage Shows and Youth Exhibitions never fail to amaze....\" \/>\n<meta property=\"og:url\" content=\"https:\/\/venturacountyfair.org\/es\/fair\/entries\/horse-shows\/\" \/>\n<meta property=\"og:site_name\" content=\"Ventura County Fairgrounds\" \/>\n<meta property=\"article:modified_time\" content=\"2024-06-04T15:59:32+00:00\" \/>\n<meta property=\"og:image\" content=\"https:\/\/venturacountyfair.org\/wp-content\/uploads\/2024\/02\/DJI_0437-scaled.jpg\" \/>\n\t<meta property=\"og:image:width\" content=\"1705\" \/>\n\t<meta property=\"og:image:height\" content=\"2560\" \/>\n\t<meta property=\"og:image:type\" content=\"image\/jpeg\" \/>\n<meta name=\"twitter:card\" content=\"summary_large_image\" \/>\n<meta name=\"twitter:label1\" content=\"Tiempo de lectura\" \/>\n\t<meta name=\"twitter:data1\" content=\"1 minuto\" \/>\n<script type=\"application\/ld+json\" class=\"yoast-schema-graph\">{\"@context\":\"https:\/\/schema.org\",\"@graph\":[{\"@type\":\"WebPage\",\"@id\":\"https:\/\/venturacountyfair.org\/fair\/entries\/horse-shows\/\",\"url\":\"https:\/\/venturacountyfair.org\/fair\/entries\/horse-shows\/\",\"name\":\"Horse Shows - Ventura County Fairgrounds\",\"isPartOf\":{\"@id\":\"https:\/\/venturacountyfair.org\/#website\"},\"primaryImageOfPage\":{\"@id\":\"https:\/\/venturacountyfair.org\/fair\/entries\/horse-shows\/#primaryimage\"},\"image\":{\"@id\":\"https:\/\/venturacountyfair.org\/fair\/entries\/horse-shows\/#primaryimage\"},\"thumbnailUrl\":\"https:\/\/venturacountyfair.org\/wp-content\/uploads\/2024\/02\/DJI_0437-scaled.jpg\",\"datePublished\":\"2024-04-17T16:20:49+00:00\",\"dateModified\":\"2024-06-04T15:59:32+00:00\",\"breadcrumb\":{\"@id\":\"https:\/\/venturacountyfair.org\/fair\/entries\/horse-shows\/#breadcrumb\"},\"inLanguage\":\"es\",\"potentialAction\":[{\"@type\":\"ReadAction\",\"target\":[\"https:\/\/venturacountyfair.org\/fair\/entries\/horse-shows\/\"]}]},{\"@type\":\"ImageObject\",\"inLanguage\":\"es\",\"@id\":\"https:\/\/venturacountyfair.org\/fair\/entries\/horse-shows\/#primaryimage\",\"url\":\"https:\/\/venturacountyfair.org\/wp-content\/uploads\/2024\/02\/DJI_0437-scaled.jpg\",\"contentUrl\":\"https:\/\/venturacountyfair.org\/wp-content\/uploads\/2024\/02\/DJI_0437-scaled.jpg\",\"width\":1705,\"height\":2560},{\"@type\":\"BreadcrumbList\",\"@id\":\"https:\/\/venturacountyfair.org\/fair\/entries\/horse-shows\/#breadcrumb\",\"itemListElement\":[{\"@type\":\"ListItem\",\"position\":1,\"name\":\"Home\",\"item\":\"https:\/\/venturacountyfair.org\/\"},{\"@type\":\"ListItem\",\"position\":2,\"name\":\"Fair\",\"item\":\"https:\/\/venturacountyfair.org\/fair\/\"},{\"@type\":\"ListItem\",\"position\":3,\"name\":\"Entries\",\"item\":\"https:\/\/venturacountyfair.org\/fair\/entries\/\"},{\"@type\":\"ListItem\",\"position\":4,\"name\":\"Horse Shows\"}]},{\"@type\":\"WebSite\",\"@id\":\"https:\/\/venturacountyfair.org\/#website\",\"url\":\"https:\/\/venturacountyfair.org\/\",\"name\":\"Ventura County Fairgrounds\",\"description\":\"\",\"publisher\":{\"@id\":\"https:\/\/venturacountyfair.org\/#organization\"},\"potentialAction\":[{\"@type\":\"SearchAction\",\"target\":{\"@type\":\"EntryPoint\",\"urlTemplate\":\"https:\/\/venturacountyfair.org\/?s={search_term_string}\"},\"query-input\":{\"@type\":\"PropertyValueSpecification\",\"valueRequired\":true,\"valueName\":\"search_term_string\"}}],\"inLanguage\":\"es\"},{\"@type\":\"Organization\",\"@id\":\"https:\/\/venturacountyfair.org\/#organization\",\"name\":\"Ventura County Fairgrounds\",\"url\":\"https:\/\/venturacountyfair.org\/\",\"logo\":{\"@type\":\"ImageObject\",\"inLanguage\":\"es\",\"@id\":\"https:\/\/venturacountyfair.org\/#\/schema\/logo\/image\/\",\"url\":\"https:\/\/venturacountyfair.org\/wp-content\/uploads\/2024\/01\/cropped-cropped-favbase.png\",\"contentUrl\":\"https:\/\/venturacountyfair.org\/wp-content\/uploads\/2024\/01\/cropped-cropped-favbase.png\",\"width\":512,\"height\":512,\"caption\":\"Ventura County Fairgrounds\"},\"image\":{\"@id\":\"https:\/\/venturacountyfair.org\/#\/schema\/logo\/image\/\"}}]}<\/script>\n<!-- \/ Yoast SEO Premium plugin. -->","yoast_head_json":{"title":"Espect\u00e1culos ecuestres - Recinto ferial del condado de Ventura","robots":{"index":"index","follow":"follow","max-snippet":"max-snippet:-1","max-image-preview":"max-image-preview:large","max-video-preview":"max-video-preview:-1"},"canonical":"https:\/\/venturacountyfair.org\/es\/fair\/entries\/horse-shows\/","og_locale":"es_MX","og_type":"article","og_title":"Horse Shows","og_description":"Back to Entries The Ventura County Fair is happy to see the return of horse shows this year! The Draft and Carriage Shows and Youth Exhibitions never fail to amaze....","og_url":"https:\/\/venturacountyfair.org\/es\/fair\/entries\/horse-shows\/","og_site_name":"Ventura County Fairgrounds","article_modified_time":"2024-06-04T15:59:32+00:00","og_image":[{"width":1705,"height":2560,"url":"https:\/\/venturacountyfair.org\/wp-content\/uploads\/2024\/02\/DJI_0437-scaled.jpg","type":"image\/jpeg"}],"twitter_card":"summary_large_image","twitter_misc":{"Tiempo de lectura":"1 minuto"},"schema":{"@context":"https:\/\/schema.org","@graph":[{"@type":"WebPage","@id":"https:\/\/venturacountyfair.org\/fair\/entries\/horse-shows\/","url":"https:\/\/venturacountyfair.org\/fair\/entries\/horse-shows\/","name":"Espect\u00e1culos ecuestres - Recinto ferial del condado de Ventura","isPartOf":{"@id":"https:\/\/venturacountyfair.org\/#website"},"primaryImageOfPage":{"@id":"https:\/\/venturacountyfair.org\/fair\/entries\/horse-shows\/#primaryimage"},"image":{"@id":"https:\/\/venturacountyfair.org\/fair\/entries\/horse-shows\/#primaryimage"},"thumbnailUrl":"https:\/\/venturacountyfair.org\/wp-content\/uploads\/2024\/02\/DJI_0437-scaled.jpg","datePublished":"2024-04-17T16:20:49+00:00","dateModified":"2024-06-04T15:59:32+00:00","breadcrumb":{"@id":"https:\/\/venturacountyfair.org\/fair\/entries\/horse-shows\/#breadcrumb"},"inLanguage":"es","potentialAction":[{"@type":"ReadAction","target":["https:\/\/venturacountyfair.org\/fair\/entries\/horse-shows\/"]}]},{"@type":"ImageObject","inLanguage":"es","@id":"https:\/\/venturacountyfair.org\/fair\/entries\/horse-shows\/#primaryimage","url":"https:\/\/venturacountyfair.org\/wp-content\/uploads\/2024\/02\/DJI_0437-scaled.jpg","contentUrl":"https:\/\/venturacountyfair.org\/wp-content\/uploads\/2024\/02\/DJI_0437-scaled.jpg","width":1705,"height":2560},{"@type":"BreadcrumbList","@id":"https:\/\/venturacountyfair.org\/fair\/entries\/horse-shows\/#breadcrumb","itemListElement":[{"@type":"ListItem","position":1,"name":"Home","item":"https:\/\/venturacountyfair.org\/"},{"@type":"ListItem","position":2,"name":"Fair","item":"https:\/\/venturacountyfair.org\/fair\/"},{"@type":"ListItem","position":3,"name":"Entries","item":"https:\/\/venturacountyfair.org\/fair\/entries\/"},{"@type":"ListItem","position":4,"name":"Horse Shows"}]},{"@type":"WebSite","@id":"https:\/\/venturacountyfair.org\/#website","url":"https:\/\/venturacountyfair.org\/","name":"Recinto Ferial del Condado de Ventura","description":"","publisher":{"@id":"https:\/\/venturacountyfair.org\/#organization"},"potentialAction":[{"@type":"SearchAction","target":{"@type":"EntryPoint","urlTemplate":"https:\/\/venturacountyfair.org\/?s={search_term_string}"},"query-input":{"@type":"PropertyValueSpecification","valueRequired":true,"valueName":"search_term_string"}}],"inLanguage":"es"},{"@type":"Organization","@id":"https:\/\/venturacountyfair.org\/#organization","name":"Recinto Ferial del Condado de Ventura","url":"https:\/\/venturacountyfair.org\/","logo":{"@type":"ImageObject","inLanguage":"es","@id":"https:\/\/venturacountyfair.org\/#\/schema\/logo\/image\/","url":"https:\/\/venturacountyfair.org\/wp-content\/uploads\/2024\/01\/cropped-cropped-favbase.png","contentUrl":"https:\/\/venturacountyfair.org\/wp-content\/uploads\/2024\/01\/cropped-cropped-favbase.png","width":512,"height":512,"caption":"Ventura County Fairgrounds"},"image":{"@id":"https:\/\/venturacountyfair.org\/#\/schema\/logo\/image\/"}}]}},"_links":{"self":[{"href":"https:\/\/venturacountyfair.org\/es\/wp-json\/wp\/v2\/pages\/9831","targetHints":{"allow":["GET"]}}],"collection":[{"href":"https:\/\/venturacountyfair.org\/es\/wp-json\/wp\/v2\/pages"}],"about":[{"href":"https:\/\/venturacountyfair.org\/es\/wp-json\/wp\/v2\/types\/page"}],"author":[{"embeddable":true,"href":"https:\/\/venturacountyfair.org\/es\/wp-json\/wp\/v2\/users\/1"}],"replies":[{"embeddable":true,"href":"https:\/\/venturacountyfair.org\/es\/wp-json\/wp\/v2\/comments?post=9831"}],"version-history":[{"count":16,"href":"https:\/\/venturacountyfair.org\/es\/wp-json\/wp\/v2\/pages\/9831\/revisions"}],"predecessor-version":[{"id":12660,"href":"https:\/\/venturacountyfair.org\/es\/wp-json\/wp\/v2\/pages\/9831\/revisions\/12660"}],"up":[{"embeddable":true,"href":"https:\/\/venturacountyfair.org\/es\/wp-json\/wp\/v2\/pages\/7178"}],"wp:featuredmedia":[{"embeddable":true,"href":"https:\/\/venturacountyfair.org\/es\/wp-json\/wp\/v2\/media\/7200"}],"wp:attachment":[{"href":"https:\/\/venturacountyfair.org\/es\/wp-json\/wp\/v2\/media?parent=9831"}],"curies":[{"name":"wp","href":"https:\/\/api.w.org\/{rel}","templated":true}]}}