{"id":9841,"date":"2024-04-17T09:23:00","date_gmt":"2024-04-17T16:23:00","guid":{"rendered":"https:\/\/venturacountyfair.org\/?page_id=9841"},"modified":"2026-03-26T10:33:48","modified_gmt":"2026-03-26T17:33:48","slug":"uncle-leos-barn","status":"publish","type":"page","link":"https:\/\/venturacountyfair.org\/es\/fair\/entries\/uncle-leos-barn\/","title":{"rendered":"Granero del t\u00edo Leo"},"content":{"rendered":"<div data-elementor-type=\"wp-page\" data-elementor-id=\"9841\" class=\"elementor elementor-9841\" data-elementor-post-type=\"page\">\n\t\t\t\t<div class=\"elementor-element elementor-element-0f85163 e-flex e-con-boxed e-con e-parent\" data-id=\"0f85163\" data-element_type=\"container\" data-e-type=\"container\">\n\t\t\t\t\t<div class=\"e-con-inner\">\n\t\t\t\t<div class=\"elementor-element elementor-element-6422726 elementor-button-info elementor-widget elementor-widget-button\" data-id=\"6422726\" data-element_type=\"widget\" data-e-type=\"widget\" data-widget_type=\"button.default\">\n\t\t\t\t<div class=\"elementor-widget-container\">\n\t\t\t\t\t\t\t\t\t<div class=\"elementor-button-wrapper\">\n\t\t\t\t\t<a class=\"elementor-button elementor-button-link elementor-size-sm\" href=\"\/es\/fair\/entries\/\">\n\t\t\t\t\t\t<span class=\"elementor-button-content-wrapper\">\n\t\t\t\t\t\t<span class=\"elementor-button-icon\">\n\t\t\t\t<i aria-hidden=\"true\" class=\"fas fa-backward\"><\/i>\t\t\t<\/span>\n\t\t\t\t\t\t\t\t\t<span class=\"elementor-button-text\">Volver a las entradas<\/span>\n\t\t\t\t\t<\/span>\n\t\t\t\t\t<\/a>\n\t\t\t\t<\/div>\n\t\t\t\t\t\t\t\t<\/div>\n\t\t\t\t<\/div>\n\t\t\t\t\t<\/div>\n\t\t\t\t<\/div>\n\t\t<div class=\"elementor-element elementor-element-1311bc6 e-flex e-con-boxed e-con e-parent\" data-id=\"1311bc6\" data-element_type=\"container\" data-e-type=\"container\">\n\t\t\t\t\t<div class=\"e-con-inner\">\n\t\t\t\t<div class=\"elementor-element elementor-element-e183a6f elementor-align-center elementor-widget elementor-widget-rt-title\" data-id=\"e183a6f\" data-element_type=\"widget\" data-e-type=\"widget\" data-widget_type=\"rt-title.default\">\n\t\t\t\t<div class=\"elementor-widget-container\">\n\t\t\t\t\t<div class=\"section-heading style-two\">\n\t<h2  class=\"heading-title\"><\/h2>    <h4 style=\"font-weight: 400;\">La familia Vanoni mantiene vivo el recuerdo del t\u00edo Leo con una exposici\u00f3n educativa cada a\u00f1o. El granero ofrece a los asistentes de todas las edades la oportunidad de acercarse a los animales de granja y aprender m\u00e1s sobre ellos. El Granero del T\u00edo Leo es una visita obligada en la Feria del Condado de Ventura.<\/h4>    \t\t<span class=\"line\"><\/span>\n\t<\/div>\t\t\t\t<\/div>\n\t\t\t\t<\/div>\n\t\t\t\t\t<\/div>\n\t\t\t\t<\/div>\n\t\t<div class=\"elementor-element elementor-element-f0cea08 e-flex e-con-boxed e-con e-parent\" data-id=\"f0cea08\" data-element_type=\"container\" data-e-type=\"container\">\n\t\t\t\t\t<div class=\"e-con-inner\">\n\t\t\t\t<div class=\"elementor-element elementor-element-45bf5bd elementor-widget elementor-widget-image\" data-id=\"45bf5bd\" data-element_type=\"widget\" data-e-type=\"widget\" data-widget_type=\"image.default\">\n\t\t\t\t<div class=\"elementor-widget-container\">\n\t\t\t\t\t\t\t\t\t\t\t\t\t\t\t<img fetchpriority=\"high\" decoding=\"async\" width=\"620\" height=\"481\" src=\"https:\/\/venturacountyfair.org\/wp-content\/uploads\/2026\/03\/Mom-and-Pop-at-the-Barn.jpeg\" class=\"attachment-large size-large wp-image-22320\" alt=\"\" srcset=\"https:\/\/venturacountyfair.org\/wp-content\/uploads\/2026\/03\/Mom-and-Pop-at-the-Barn.jpeg 620w, https:\/\/venturacountyfair.org\/wp-content\/uploads\/2026\/03\/Mom-and-Pop-at-the-Barn-15x12.jpeg 15w, https:\/\/venturacountyfair.org\/wp-content\/uploads\/2026\/03\/Mom-and-Pop-at-the-Barn-580x450.jpeg 580w\" sizes=\"(max-width: 620px) 100vw, 620px\" \/>\t\t\t\t\t\t\t\t\t\t\t\t\t\t\t<\/div>\n\t\t\t\t<\/div>\n\t\t\t\t\t<\/div>\n\t\t\t\t<\/div>\n\t\t<div class=\"elementor-element elementor-element-f599fcf e-flex e-con-boxed e-con e-parent\" data-id=\"f599fcf\" data-element_type=\"container\" data-e-type=\"container\">\n\t\t\t\t\t<div class=\"e-con-inner\">\n\t\t\t\t<div class=\"elementor-element elementor-element-2771988 elementor-align-left elementor-widget elementor-widget-rt-title\" data-id=\"2771988\" data-element_type=\"widget\" data-e-type=\"widget\" data-widget_type=\"rt-title.default\">\n\t\t\t\t<div class=\"elementor-widget-container\">\n\t\t\t\t\t<div class=\"section-heading style-one\">\n\t<h4  class=\"heading-title\"><\/h4>    <p><span style=\"color: #000000;\">En 1956 Leo y Rita Vanoni y un grupo de otros l\u00edderes de 4-H montaron una exhibici\u00f3n de animales de corral para la feria en una vieja carpa. Leo y Rita vieron la necesidad de continuar ofreciendo esta conexi\u00f3n con la agricultura a las familias del condado de Ventura. La exhibici\u00f3n se convirti\u00f3 en \"El granero del t\u00edo Leo\" y es una tradici\u00f3n de la Feria del Condado de Ventura.<\/span><\/p><p>\u00a0<\/p><p><span style=\"color: #000000;\">Uncle Leo's Barn es un lugar donde los ni\u00f1os de todas las edades tienen la oportunidad de aprender un poco sobre la agricultura del condado de Ventura. Conectar a los ni\u00f1os con la agricultura es lo que hace el Granero del T\u00edo Leo: ver jugar a la cerda y a los cerditos, orde\u00f1ar una vaca muy especial y conducir en la Tirada de Tractores para Ni\u00f1os hacen del Granero del T\u00edo Leo un lugar favorito para los j\u00f3venes y los j\u00f3venes de coraz\u00f3n durante la Feria del Condado de Ventura.<\/span><\/p>    <\/div>\t\t\t\t<\/div>\n\t\t\t\t<\/div>\n\t\t\t\t\t<\/div>\n\t\t\t\t<\/div>\n\t\t\t\t<\/div>","protected":false},"excerpt":{"rendered":"<p>Volver a Entradas La familia Vanoni mantiene vivo el recuerdo del t\u00edo Leo con una exposici\u00f3n educativa cada a\u00f1o. El granero ofrece a los asistentes de todas las edades la oportunidad de...<\/p>","protected":false},"author":1,"featured_media":7200,"parent":7178,"menu_order":0,"comment_status":"closed","ping_status":"closed","template":"","meta":{"footnotes":""},"class_list":["post-9841","page","type-page","status-publish","has-post-thumbnail","hentry","have-post-thumb"],"yoast_head":"<!-- This site is optimized with the Yoast SEO Premium plugin v27.2 (Yoast SEO v27.2) - https:\/\/yoast.com\/product\/yoast-seo-premium-wordpress\/ -->\n<title>Uncle Leo&#039;s Barn - Ventura County Fairgrounds<\/title>\n<meta name=\"robots\" content=\"index, follow, max-snippet:-1, max-image-preview:large, max-video-preview:-1\" \/>\n<link rel=\"canonical\" href=\"https:\/\/venturacountyfair.org\/es\/fair\/entries\/uncle-leos-barn\/\" \/>\n<meta property=\"og:locale\" content=\"es_MX\" \/>\n<meta property=\"og:type\" content=\"article\" \/>\n<meta property=\"og:title\" content=\"Uncle Leo&#039;s Barn\" \/>\n<meta property=\"og:description\" content=\"Back to Entries The Vanoni family keeps the memory of Uncle Leo alive with an educational display each year. The barn gives fairgoers of all ages the opportunity to get...\" \/>\n<meta property=\"og:url\" content=\"https:\/\/venturacountyfair.org\/es\/fair\/entries\/uncle-leos-barn\/\" \/>\n<meta property=\"og:site_name\" content=\"Ventura County Fairgrounds\" \/>\n<meta property=\"article:modified_time\" content=\"2026-03-26T17:33:48+00:00\" \/>\n<meta property=\"og:image\" content=\"https:\/\/venturacountyfair.org\/wp-content\/uploads\/2024\/02\/DJI_0437-scaled.jpg\" \/>\n\t<meta property=\"og:image:width\" content=\"1705\" \/>\n\t<meta property=\"og:image:height\" content=\"2560\" \/>\n\t<meta property=\"og:image:type\" content=\"image\/jpeg\" \/>\n<meta name=\"twitter:card\" content=\"summary_large_image\" \/>\n<meta name=\"twitter:label1\" content=\"Tiempo de lectura\" \/>\n\t<meta name=\"twitter:data1\" content=\"1 minuto\" \/>\n<script type=\"application\/ld+json\" class=\"yoast-schema-graph\">{\"@context\":\"https:\/\/schema.org\",\"@graph\":[{\"@type\":\"WebPage\",\"@id\":\"https:\/\/venturacountyfair.org\/fair\/entries\/uncle-leos-barn\/\",\"url\":\"https:\/\/venturacountyfair.org\/fair\/entries\/uncle-leos-barn\/\",\"name\":\"Uncle Leo's Barn - Ventura County Fairgrounds\",\"isPartOf\":{\"@id\":\"https:\/\/venturacountyfair.org\/#website\"},\"primaryImageOfPage\":{\"@id\":\"https:\/\/venturacountyfair.org\/fair\/entries\/uncle-leos-barn\/#primaryimage\"},\"image\":{\"@id\":\"https:\/\/venturacountyfair.org\/fair\/entries\/uncle-leos-barn\/#primaryimage\"},\"thumbnailUrl\":\"https:\/\/venturacountyfair.org\/wp-content\/uploads\/2024\/02\/DJI_0437-scaled.jpg\",\"datePublished\":\"2024-04-17T16:23:00+00:00\",\"dateModified\":\"2026-03-26T17:33:48+00:00\",\"breadcrumb\":{\"@id\":\"https:\/\/venturacountyfair.org\/fair\/entries\/uncle-leos-barn\/#breadcrumb\"},\"inLanguage\":\"es\",\"potentialAction\":[{\"@type\":\"ReadAction\",\"target\":[\"https:\/\/venturacountyfair.org\/fair\/entries\/uncle-leos-barn\/\"]}]},{\"@type\":\"ImageObject\",\"inLanguage\":\"es\",\"@id\":\"https:\/\/venturacountyfair.org\/fair\/entries\/uncle-leos-barn\/#primaryimage\",\"url\":\"https:\/\/venturacountyfair.org\/wp-content\/uploads\/2024\/02\/DJI_0437-scaled.jpg\",\"contentUrl\":\"https:\/\/venturacountyfair.org\/wp-content\/uploads\/2024\/02\/DJI_0437-scaled.jpg\",\"width\":1705,\"height\":2560},{\"@type\":\"BreadcrumbList\",\"@id\":\"https:\/\/venturacountyfair.org\/fair\/entries\/uncle-leos-barn\/#breadcrumb\",\"itemListElement\":[{\"@type\":\"ListItem\",\"position\":1,\"name\":\"Home\",\"item\":\"https:\/\/venturacountyfair.org\/\"},{\"@type\":\"ListItem\",\"position\":2,\"name\":\"Fair\",\"item\":\"https:\/\/venturacountyfair.org\/fair\/\"},{\"@type\":\"ListItem\",\"position\":3,\"name\":\"Entries\",\"item\":\"https:\/\/venturacountyfair.org\/fair\/entries\/\"},{\"@type\":\"ListItem\",\"position\":4,\"name\":\"Uncle Leo&#8217;s Barn\"}]},{\"@type\":\"WebSite\",\"@id\":\"https:\/\/venturacountyfair.org\/#website\",\"url\":\"https:\/\/venturacountyfair.org\/\",\"name\":\"Ventura County Fairgrounds\",\"description\":\"\",\"publisher\":{\"@id\":\"https:\/\/venturacountyfair.org\/#organization\"},\"potentialAction\":[{\"@type\":\"SearchAction\",\"target\":{\"@type\":\"EntryPoint\",\"urlTemplate\":\"https:\/\/venturacountyfair.org\/?s={search_term_string}\"},\"query-input\":{\"@type\":\"PropertyValueSpecification\",\"valueRequired\":true,\"valueName\":\"search_term_string\"}}],\"inLanguage\":\"es\"},{\"@type\":\"Organization\",\"@id\":\"https:\/\/venturacountyfair.org\/#organization\",\"name\":\"Ventura County Fairgrounds\",\"url\":\"https:\/\/venturacountyfair.org\/\",\"logo\":{\"@type\":\"ImageObject\",\"inLanguage\":\"es\",\"@id\":\"https:\/\/venturacountyfair.org\/#\/schema\/logo\/image\/\",\"url\":\"https:\/\/venturacountyfair.org\/wp-content\/uploads\/2024\/01\/cropped-cropped-favbase.png\",\"contentUrl\":\"https:\/\/venturacountyfair.org\/wp-content\/uploads\/2024\/01\/cropped-cropped-favbase.png\",\"width\":512,\"height\":512,\"caption\":\"Ventura County Fairgrounds\"},\"image\":{\"@id\":\"https:\/\/venturacountyfair.org\/#\/schema\/logo\/image\/\"}}]}<\/script>\n<!-- \/ Yoast SEO Premium plugin. -->","yoast_head_json":{"title":"Granero del T\u00edo Leo - Recinto Ferial del Condado de Ventura","robots":{"index":"index","follow":"follow","max-snippet":"max-snippet:-1","max-image-preview":"max-image-preview:large","max-video-preview":"max-video-preview:-1"},"canonical":"https:\/\/venturacountyfair.org\/es\/fair\/entries\/uncle-leos-barn\/","og_locale":"es_MX","og_type":"article","og_title":"Uncle Leo's Barn","og_description":"Back to Entries The Vanoni family keeps the memory of Uncle Leo alive with an educational display each year. The barn gives fairgoers of all ages the opportunity to get...","og_url":"https:\/\/venturacountyfair.org\/es\/fair\/entries\/uncle-leos-barn\/","og_site_name":"Ventura County Fairgrounds","article_modified_time":"2026-03-26T17:33:48+00:00","og_image":[{"width":1705,"height":2560,"url":"https:\/\/venturacountyfair.org\/wp-content\/uploads\/2024\/02\/DJI_0437-scaled.jpg","type":"image\/jpeg"}],"twitter_card":"summary_large_image","twitter_misc":{"Tiempo de lectura":"1 minuto"},"schema":{"@context":"https:\/\/schema.org","@graph":[{"@type":"WebPage","@id":"https:\/\/venturacountyfair.org\/fair\/entries\/uncle-leos-barn\/","url":"https:\/\/venturacountyfair.org\/fair\/entries\/uncle-leos-barn\/","name":"Granero del T\u00edo Leo - Recinto Ferial del Condado de Ventura","isPartOf":{"@id":"https:\/\/venturacountyfair.org\/#website"},"primaryImageOfPage":{"@id":"https:\/\/venturacountyfair.org\/fair\/entries\/uncle-leos-barn\/#primaryimage"},"image":{"@id":"https:\/\/venturacountyfair.org\/fair\/entries\/uncle-leos-barn\/#primaryimage"},"thumbnailUrl":"https:\/\/venturacountyfair.org\/wp-content\/uploads\/2024\/02\/DJI_0437-scaled.jpg","datePublished":"2024-04-17T16:23:00+00:00","dateModified":"2026-03-26T17:33:48+00:00","breadcrumb":{"@id":"https:\/\/venturacountyfair.org\/fair\/entries\/uncle-leos-barn\/#breadcrumb"},"inLanguage":"es","potentialAction":[{"@type":"ReadAction","target":["https:\/\/venturacountyfair.org\/fair\/entries\/uncle-leos-barn\/"]}]},{"@type":"ImageObject","inLanguage":"es","@id":"https:\/\/venturacountyfair.org\/fair\/entries\/uncle-leos-barn\/#primaryimage","url":"https:\/\/venturacountyfair.org\/wp-content\/uploads\/2024\/02\/DJI_0437-scaled.jpg","contentUrl":"https:\/\/venturacountyfair.org\/wp-content\/uploads\/2024\/02\/DJI_0437-scaled.jpg","width":1705,"height":2560},{"@type":"BreadcrumbList","@id":"https:\/\/venturacountyfair.org\/fair\/entries\/uncle-leos-barn\/#breadcrumb","itemListElement":[{"@type":"ListItem","position":1,"name":"Home","item":"https:\/\/venturacountyfair.org\/"},{"@type":"ListItem","position":2,"name":"Fair","item":"https:\/\/venturacountyfair.org\/fair\/"},{"@type":"ListItem","position":3,"name":"Entries","item":"https:\/\/venturacountyfair.org\/fair\/entries\/"},{"@type":"ListItem","position":4,"name":"Uncle Leo&#8217;s Barn"}]},{"@type":"WebSite","@id":"https:\/\/venturacountyfair.org\/#website","url":"https:\/\/venturacountyfair.org\/","name":"Recinto Ferial del Condado de Ventura","description":"","publisher":{"@id":"https:\/\/venturacountyfair.org\/#organization"},"potentialAction":[{"@type":"SearchAction","target":{"@type":"EntryPoint","urlTemplate":"https:\/\/venturacountyfair.org\/?s={search_term_string}"},"query-input":{"@type":"PropertyValueSpecification","valueRequired":true,"valueName":"search_term_string"}}],"inLanguage":"es"},{"@type":"Organization","@id":"https:\/\/venturacountyfair.org\/#organization","name":"Recinto Ferial del Condado de Ventura","url":"https:\/\/venturacountyfair.org\/","logo":{"@type":"ImageObject","inLanguage":"es","@id":"https:\/\/venturacountyfair.org\/#\/schema\/logo\/image\/","url":"https:\/\/venturacountyfair.org\/wp-content\/uploads\/2024\/01\/cropped-cropped-favbase.png","contentUrl":"https:\/\/venturacountyfair.org\/wp-content\/uploads\/2024\/01\/cropped-cropped-favbase.png","width":512,"height":512,"caption":"Ventura County Fairgrounds"},"image":{"@id":"https:\/\/venturacountyfair.org\/#\/schema\/logo\/image\/"}}]}},"_links":{"self":[{"href":"https:\/\/venturacountyfair.org\/es\/wp-json\/wp\/v2\/pages\/9841","targetHints":{"allow":["GET"]}}],"collection":[{"href":"https:\/\/venturacountyfair.org\/es\/wp-json\/wp\/v2\/pages"}],"about":[{"href":"https:\/\/venturacountyfair.org\/es\/wp-json\/wp\/v2\/types\/page"}],"author":[{"embeddable":true,"href":"https:\/\/venturacountyfair.org\/es\/wp-json\/wp\/v2\/users\/1"}],"replies":[{"embeddable":true,"href":"https:\/\/venturacountyfair.org\/es\/wp-json\/wp\/v2\/comments?post=9841"}],"version-history":[{"count":22,"href":"https:\/\/venturacountyfair.org\/es\/wp-json\/wp\/v2\/pages\/9841\/revisions"}],"predecessor-version":[{"id":22323,"href":"https:\/\/venturacountyfair.org\/es\/wp-json\/wp\/v2\/pages\/9841\/revisions\/22323"}],"up":[{"embeddable":true,"href":"https:\/\/venturacountyfair.org\/es\/wp-json\/wp\/v2\/pages\/7178"}],"wp:featuredmedia":[{"embeddable":true,"href":"https:\/\/venturacountyfair.org\/es\/wp-json\/wp\/v2\/media\/7200"}],"wp:attachment":[{"href":"https:\/\/venturacountyfair.org\/es\/wp-json\/wp\/v2\/media?parent=9841"}],"curies":[{"name":"wp","href":"https:\/\/api.w.org\/{rel}","templated":true}]}}